{"id":13038,"date":"2019-08-19T13:36:26","date_gmt":"2019-08-19T12:36:26","guid":{"rendered":"https:\/\/2022.swisschamberconcerts.ch\/friedrich-cerha\/"},"modified":"2021-11-14T16:37:55","modified_gmt":"2021-11-14T15:37:55","slug":"friedrich-cerha","status":"publish","type":"page","link":"https:\/\/swisschamberconcerts.ch\/de\/friedrich-cerha\/","title":{"rendered":"CERHA &#8211; Chamber music"},"content":{"rendered":"<div class=\"wpb-content-wrapper\"><p>[vc_row][vc_column width=&#8220;2\/3&#8243;][vc_column_text]<img loading=\"lazy\" decoding=\"async\" class=\"alignright wp-image-9222 size-medium\" src=\"https:\/\/2022.swisschamberconcerts.ch\/wp-content\/uploads\/2021\/11\/Cerha.png\" alt=\"schumann\" width=\"285\" height=\"300\" \/><\/p>\n<ul>\n<li><strong>Label :<\/strong> Claves Records<\/li>\n<li><strong>Date :<\/strong> 2018<\/li>\n<li><strong>Dur\u00e9e :<\/strong>\u00a055min 06sec<\/li>\n<li><strong>Couverture :<\/strong> Kasimir Malevich: &#8222;Black Circle&#8220;. Huile sur canvas (1923)<\/li>\n<\/ul>\n<h3><strong>Swiss Chamber Soloists<\/strong><\/h3>\n<ul>\n<li>Heinz Holliger, <i>Hautbois<\/i><\/li>\n<li>Esther Hoppe, <i>Violon<\/i><\/li>\n<li>Meesun Hong Coleman, <i>Violon<\/i><\/li>\n<li>Daria Zappa, <i>Violon<\/i><\/li>\n<li>Corinne Chapelle, <i>Violon<\/i><\/li>\n<li>Hanna Weinmeister, <i>Violon<\/i><\/li>\n<li>J\u00fcrg D\u00e4hler, <i>Alto<\/i><\/li>\n<li>Hannes B\u00e4rtschi, <i>Alto<\/i><\/li>\n<li>Daniel Haefliger, <i>Violoncelle<\/i><\/li>\n<li>Patrick Demenga, <i>Violoncelle<\/i><\/li>\n<\/ul>\n<h3><strong>Contenu compos\u00e9 par Friedrich Cerha (*1926)<\/strong><\/h3>\n<ul>\n<li><strong>Huit mouvements d&#8217;apr\u00e8s des fragments de H\u00f6lderlin pour sextuor \u00e0 cordes (1995)<\/strong><br \/>\n<strong>Interpr\u00e8tes :<\/strong> Esther Hoppe (<i>Violon<\/i>), Meesun Hong Coleman (<i>Violon<\/i>), J\u00fcrg D\u00e4hler (<i>Alto<\/i>), Hannes B\u00e4rtschi (<i>Alto<\/i>), Daniel Haefliger (<i>Violoncelle<\/i>), Patrick Demenga (<i>Violoncelle<\/i>).<\/li>\n<li><strong>Quintette pour hautbois et quatuor \u00e0 cordes (2007)<\/strong><br \/>\n<strong>Interpr\u00e8tes :<\/strong> Heinz Holliger (<i>Hautbois<\/i>), Daria Zappa (<i>Violon<\/i>), Corinne Chapelle (<i>Violon<\/i>), J\u00fcrg D\u00e4hler (<i>Alto<\/i>), Daniel Haefliger (<i>Violoncelle<\/i>).<\/li>\n<li><strong>Neuf Bagatelles pour trio \u00e0 cordes (2008)<\/strong><br \/>\n<strong>Interpr\u00e8tes :<\/strong> Hanna Weinmeister (<i>Violon<\/i>), J\u00fcrg D\u00e4hler (<i>Alto<\/i>), Daniel Haefliger (<i>Violoncelle<\/i>).<\/li>\n<\/ul>\n<hr \/>\n<p>[\/vc_column_text][\/vc_column][vc_column width=&#8220;1\/3&#8243;][vc_wp_custommenu title=&#8220;Swiss Chamber Soloists CD&#8220; nav_menu=&#8220;175&#8243;][\/vc_column][\/vc_row]<\/p>\n<\/div>","protected":false},"excerpt":{"rendered":"<p>[vc_row][vc_column width=&#8220;2\/3&#8243;][vc_column_text] Label : Claves Records Date : 2018 Dur\u00e9e :\u00a055min 06sec Couverture : Kasimir Malevich: &#8222;Black Circle&#8220;. Huile sur canvas (1923) Swiss Chamber Soloists Heinz Holliger, Hautbois Esther Hoppe, Violon Meesun Hong Coleman, Violon Daria Zappa, Violon Corinne Chapelle, Violon Hanna Weinmeister, Violon J\u00fcrg D\u00e4hler, Alto Hannes B\u00e4rtschi, Alto Daniel Haefliger, Violoncelle Patrick Demenga, [&hellip;]<\/p>\n","protected":false},"author":1,"featured_media":0,"parent":0,"menu_order":0,"comment_status":"closed","ping_status":"closed","template":"","meta":{"_monsterinsights_skip_tracking":false,"_monsterinsights_sitenote_active":false,"_monsterinsights_sitenote_note":"","_monsterinsights_sitenote_category":0,"footnotes":""},"class_list":["post-13038","page","type-page","status-publish","hentry"],"_links":{"self":[{"href":"https:\/\/swisschamberconcerts.ch\/de\/wp-json\/wp\/v2\/pages\/13038","targetHints":{"allow":["GET"]}}],"collection":[{"href":"https:\/\/swisschamberconcerts.ch\/de\/wp-json\/wp\/v2\/pages"}],"about":[{"href":"https:\/\/swisschamberconcerts.ch\/de\/wp-json\/wp\/v2\/types\/page"}],"author":[{"embeddable":true,"href":"https:\/\/swisschamberconcerts.ch\/de\/wp-json\/wp\/v2\/users\/1"}],"replies":[{"embeddable":true,"href":"https:\/\/swisschamberconcerts.ch\/de\/wp-json\/wp\/v2\/comments?post=13038"}],"version-history":[{"count":10,"href":"https:\/\/swisschamberconcerts.ch\/de\/wp-json\/wp\/v2\/pages\/13038\/revisions"}],"predecessor-version":[{"id":15456,"href":"https:\/\/swisschamberconcerts.ch\/de\/wp-json\/wp\/v2\/pages\/13038\/revisions\/15456"}],"wp:attachment":[{"href":"https:\/\/swisschamberconcerts.ch\/de\/wp-json\/wp\/v2\/media?parent=13038"}],"curies":[{"name":"wp","href":"https:\/\/api.w.org\/{rel}","templated":true}]}}