{"id":8553,"date":"2016-02-01T16:21:37","date_gmt":"2016-02-01T15:21:37","guid":{"rendered":"https:\/\/2022.swisschamberconcerts.ch\/sponsors-et-partenaires-2\/?lang=de"},"modified":"2025-11-06T15:12:33","modified_gmt":"2025-11-06T14:12:33","slug":"sponsors-et-partenaires","status":"publish","type":"page","link":"https:\/\/swisschamberconcerts.ch\/de\/sponsors-et-partenaires\/","title":{"rendered":"Partner und G\u00f6nner | Genf"},"content":{"rendered":"<div class=\"wpb-content-wrapper\"><p>[vc_row][vc_column][vc_column_text]<\/p>\n<h2>LES AMIS DES SWISS CHAMBER CONCERTS (GENEVE)<\/h2>\n<p>Les Swiss Chamber Concerts\u00a0ont pour vocation de programmer\u00a0au cours d\u2019un m\u00eame concert de grandes oeuvres du r\u00e9pertoire comme\u00a0la musique la plus moderne. Les cr\u00e9ations sont donc pr\u00e9sent\u00e9es en regard des grandes \u0153uvres du pass\u00e9 dans une recherche permanente d\u2019\u00e9clairage et d\u2019enrichissement mutuels. Cette approche est unique \u00e0 Gen\u00e8ve et\u00a0permet entre autres de toucher et d\u2019initier un large public \u00e0 la modernit\u00e9.<\/p>\n<p>La s\u00e9rie est aussi unique par son caract\u00e8re local et\u00a0f\u00e9d\u00e9ral. D\u2019une part, elle r\u00e9unit des musiciens venus de Gen\u00e8ve comme de toute la Suisse et d\u2019autre part, elle collabore\u00a0r\u00e9guli\u00e8rement avec\u00a0diff\u00e9rentes villes du pays, comme Zurich, B\u00e2le ou Lugano.<\/p>\n<p>La musique de chambre est fragile et intime par essence. Mais, affranchie de la contrainte sociale inh\u00e9rente aux grands orchestres, elle\u00a0a toujours \u00e9t\u00e9 le lieu des aventures et des inventions musicales les plus audacieuses.\u00a0Elle d\u00e9finit donc un espace quasi sans limite\u00a0o\u00f9 se retrouve les amoureux de la musique\u00a0les plus passionn\u00e9s.<\/p>\n<p>L\u2019 Association des Amis des SCC (Gen\u00e8ve) fut fond\u00e9e en 2008. Selon ses statuts, son but est de r\u00e9unir tous les m\u00e9lomanes (personnes physiques ou morales) qui s\u2019int\u00e9ressent aux SCC et d\u00e9sirent leur accorder un soutien financier en vue d\u2019encourager leurs activit\u00e9s et leurs projets dans le domaine de la musique classique et contemporaine.<\/p>\n<p>Il s\u2019agit aussi de mieux faire conna\u00eetre les SCC et d\u2019agrandir le cercle de leur public en faisant rayonner l\u2019int\u00e9r\u00eat de leur r\u00e9pertoire. Les Amis pourront en outre\u00a0soutenir des productions discographiques, refl\u00e9tant ainsi la profonde originalit\u00e9 de l\u2019ensemble.[\/vc_column_text][vc_column_text]<\/p>\n<h2>Faire un don aux Amis des Swiss Chamber Concerts (Gen\u00e8ve)<\/h2>\n<p>En faveur des\u00a0:<br \/>\nAmis des Swiss Chamber Concerts<br \/>\n1200 Gen\u00e8ve<br \/>\nIBAN\u00a0: CH59 0900 0000 1570 5867 1<\/p>\n<h2><\/h2>\n<p>[\/vc_column_text][\/vc_column][\/vc_row][vc_row][vc_column width=&#8220;1\/2&#8243;][vc_column_text]<\/p>\n<h2>Faire un don \u00e0 Swiss Chamber Concerts Gen\u00e8ve<\/h2>\n<p>En faveur de\u00a0:<br \/>\nSwiss Chamber Concerts\u00a0Gen\u00e8ve<br \/>\n1206 Gen\u00e8ve<br \/>\nIBAN\u00a0: CH20 0900 0000 1263 5431 4<\/p>\n<p>NOUS REMERCIONS CHALEUREUSEMENT TOUS NOS MECENES ET DONATEURS.[\/vc_column_text][\/vc_column][vc_column width=&#8220;1\/2&#8243;][vc_column_text]<\/p>\n<h2><\/h2>\n<p>Les deux associations sont reconnues d\u2019utilit\u00e9 publique et exon\u00e9r\u00e9es d\u2019imp\u00f4ts aux niveaux f\u00e9d\u00e9ral et cantonal. Par cons\u00e9quent, tous les dons sont d\u00e9ductibles des imp\u00f4ts. Les donateurs recevront une attestation \u00e0 joindre \u00e0 leur d\u00e9claration d\u2019imp\u00f4ts.<\/p>\n<h2><\/h2>\n<p>[\/vc_column_text][\/vc_column][\/vc_row][vc_row][vc_column][vc_column_text]<\/p>\n<hr \/>\n<p>[\/vc_column_text][\/vc_column][\/vc_row][vc_row u_row_style=&#8220;0&#8243; u_row_paralax=&#8220;0&#8243; u_row_scheme=&#8220;0&#8243; css=&#8220;.vc_custom_1458154340133{padding-top: 40px !important;}&#8220;][vc_column][vc_column_text]<\/p>\n<h1 class=\"p1\">WIR DANKEN UNSEREN G\u00d6NNERN UND FREUNDEN<\/h1>\n<hr \/>\n<p>[\/vc_column_text][\/vc_column][\/vc_row][vc_row][vc_column][vc_column_text]<\/p>\n\n\t\t<style type=\"text\/css\">\n\t\t\t#gallery-1 {\n\t\t\t\tmargin: auto;\n\t\t\t}\n\t\t\t#gallery-1 .gallery-item {\n\t\t\t\tfloat: left;\n\t\t\t\tmargin-top: 10px;\n\t\t\t\ttext-align: center;\n\t\t\t\twidth: 33%;\n\t\t\t}\n\t\t\t#gallery-1 img {\n\t\t\t\tborder: 2px solid #cfcfcf;\n\t\t\t}\n\t\t\t#gallery-1 .gallery-caption {\n\t\t\t\tmargin-left: 0;\n\t\t\t}\n\t\t\t\/* see gallery_shortcode() in wp-includes\/media.php *\/\n\t\t<\/style>\n\t\t<div id='gallery-1' class='gallery galleryid-8553 gallery-columns-3 gallery-size-medium'><dl class='gallery-item'>\n\t\t\t<dt class='gallery-icon landscape'>\n\t\t\t\t<img loading=\"lazy\" decoding=\"async\" width=\"300\" height=\"111\" src=\"https:\/\/swisschamberconcerts.ch\/wp-content\/uploads\/2016\/02\/sponsors-GE-2013_011-300x111.png\" class=\"attachment-medium size-medium\" alt=\"\" srcset=\"https:\/\/swisschamberconcerts.ch\/wp-content\/uploads\/2016\/02\/sponsors-GE-2013_011-300x111.png 300w, https:\/\/swisschamberconcerts.ch\/wp-content\/uploads\/2016\/02\/sponsors-GE-2013_011-255x94.png 255w, https:\/\/swisschamberconcerts.ch\/wp-content\/uploads\/2016\/02\/sponsors-GE-2013_011.png 425w\" sizes=\"auto, (max-width: 300px) 100vw, 300px\" \/>\n\t\t\t<\/dt><\/dl><dl class='gallery-item'>\n\t\t\t<dt class='gallery-icon landscape'>\n\t\t\t\t<img loading=\"lazy\" decoding=\"async\" width=\"300\" height=\"111\" src=\"https:\/\/swisschamberconcerts.ch\/wp-content\/uploads\/2016\/02\/sponsors-GE-2013_071-300x111.png\" class=\"attachment-medium size-medium\" alt=\"\" srcset=\"https:\/\/swisschamberconcerts.ch\/wp-content\/uploads\/2016\/02\/sponsors-GE-2013_071-300x111.png 300w, https:\/\/swisschamberconcerts.ch\/wp-content\/uploads\/2016\/02\/sponsors-GE-2013_071-255x94.png 255w, https:\/\/swisschamberconcerts.ch\/wp-content\/uploads\/2016\/02\/sponsors-GE-2013_071.png 425w\" sizes=\"auto, (max-width: 300px) 100vw, 300px\" \/>\n\t\t\t<\/dt><\/dl><dl class='gallery-item'>\n\t\t\t<dt class='gallery-icon landscape'>\n\t\t\t\t<img loading=\"lazy\" decoding=\"async\" width=\"300\" height=\"116\" src=\"https:\/\/swisschamberconcerts.ch\/wp-content\/uploads\/2016\/02\/sponsors-GE-2013_061-300x116.png\" class=\"attachment-medium size-medium\" alt=\"\" srcset=\"https:\/\/swisschamberconcerts.ch\/wp-content\/uploads\/2016\/02\/sponsors-GE-2013_061-300x116.png 300w, https:\/\/swisschamberconcerts.ch\/wp-content\/uploads\/2016\/02\/sponsors-GE-2013_061-255x99.png 255w, https:\/\/swisschamberconcerts.ch\/wp-content\/uploads\/2016\/02\/sponsors-GE-2013_061.png 405w\" sizes=\"auto, (max-width: 300px) 100vw, 300px\" \/>\n\t\t\t<\/dt><\/dl><br style=\"clear: both\" \/><dl class='gallery-item'>\n\t\t\t<dt class='gallery-icon landscape'>\n\t\t\t\t<img loading=\"lazy\" decoding=\"async\" width=\"300\" height=\"116\" src=\"https:\/\/swisschamberconcerts.ch\/wp-content\/uploads\/2016\/02\/sponsors-GE-2013_081-300x116.png\" class=\"attachment-medium size-medium\" alt=\"\" srcset=\"https:\/\/swisschamberconcerts.ch\/wp-content\/uploads\/2016\/02\/sponsors-GE-2013_081-300x116.png 300w, https:\/\/swisschamberconcerts.ch\/wp-content\/uploads\/2016\/02\/sponsors-GE-2013_081-255x99.png 255w, https:\/\/swisschamberconcerts.ch\/wp-content\/uploads\/2016\/02\/sponsors-GE-2013_081.png 405w\" sizes=\"auto, (max-width: 300px) 100vw, 300px\" \/>\n\t\t\t<\/dt><\/dl><dl class='gallery-item'>\n\t\t\t<dt class='gallery-icon landscape'>\n\t\t\t\t<img loading=\"lazy\" decoding=\"async\" width=\"300\" height=\"111\" src=\"https:\/\/swisschamberconcerts.ch\/wp-content\/uploads\/2016\/02\/sponsors-TI-2013_071-300x111.png\" class=\"attachment-medium size-medium\" alt=\"\" srcset=\"https:\/\/swisschamberconcerts.ch\/wp-content\/uploads\/2016\/02\/sponsors-TI-2013_071-300x111.png 300w, https:\/\/swisschamberconcerts.ch\/wp-content\/uploads\/2016\/02\/sponsors-TI-2013_071-255x94.png 255w, https:\/\/swisschamberconcerts.ch\/wp-content\/uploads\/2016\/02\/sponsors-TI-2013_071.jpg 425w\" sizes=\"auto, (max-width: 300px) 100vw, 300px\" \/>\n\t\t\t<\/dt><\/dl><dl class='gallery-item'>\n\t\t\t<dt class='gallery-icon landscape'>\n\t\t\t\t<img loading=\"lazy\" decoding=\"async\" width=\"300\" height=\"116\" src=\"https:\/\/swisschamberconcerts.ch\/wp-content\/uploads\/2016\/02\/sponsors-GE-2013_101-300x116.png\" class=\"attachment-medium size-medium\" alt=\"\" srcset=\"https:\/\/swisschamberconcerts.ch\/wp-content\/uploads\/2016\/02\/sponsors-GE-2013_101-300x116.png 300w, https:\/\/swisschamberconcerts.ch\/wp-content\/uploads\/2016\/02\/sponsors-GE-2013_101-255x99.png 255w, https:\/\/swisschamberconcerts.ch\/wp-content\/uploads\/2016\/02\/sponsors-GE-2013_101.png 405w\" sizes=\"auto, (max-width: 300px) 100vw, 300px\" \/>\n\t\t\t<\/dt><\/dl><br style=\"clear: both\" \/><dl class='gallery-item'>\n\t\t\t<dt class='gallery-icon landscape'>\n\t\t\t\t<img loading=\"lazy\" decoding=\"async\" width=\"300\" height=\"180\" src=\"https:\/\/swisschamberconcerts.ch\/wp-content\/uploads\/2025\/08\/logo-fondation-leenaards-300x180.jpg\" class=\"attachment-medium size-medium\" alt=\"\" srcset=\"https:\/\/swisschamberconcerts.ch\/wp-content\/uploads\/2025\/08\/logo-fondation-leenaards-300x180.jpg 300w, https:\/\/swisschamberconcerts.ch\/wp-content\/uploads\/2025\/08\/logo-fondation-leenaards-1024x615.jpg 1024w, https:\/\/swisschamberconcerts.ch\/wp-content\/uploads\/2025\/08\/logo-fondation-leenaards-255x153.jpg 255w, https:\/\/swisschamberconcerts.ch\/wp-content\/uploads\/2025\/08\/logo-fondation-leenaards.jpg 1181w\" sizes=\"auto, (max-width: 300px) 100vw, 300px\" \/>\n\t\t\t<\/dt><\/dl><dl class='gallery-item'>\n\t\t\t<dt class='gallery-icon landscape'>\n\t\t\t\t<img loading=\"lazy\" decoding=\"async\" width=\"300\" height=\"158\" src=\"https:\/\/swisschamberconcerts.ch\/wp-content\/uploads\/2025\/11\/RHL-Foundation-LOGO-300x158.png\" class=\"attachment-medium size-medium\" alt=\"\" srcset=\"https:\/\/swisschamberconcerts.ch\/wp-content\/uploads\/2025\/11\/RHL-Foundation-LOGO-300x158.png 300w, https:\/\/swisschamberconcerts.ch\/wp-content\/uploads\/2025\/11\/RHL-Foundation-LOGO-1024x540.png 1024w, https:\/\/swisschamberconcerts.ch\/wp-content\/uploads\/2025\/11\/RHL-Foundation-LOGO-255x135.png 255w, https:\/\/swisschamberconcerts.ch\/wp-content\/uploads\/2025\/11\/RHL-Foundation-LOGO.png 1338w\" sizes=\"auto, (max-width: 300px) 100vw, 300px\" \/>\n\t\t\t<\/dt><\/dl><dl class='gallery-item'>\n\t\t\t<dt class='gallery-icon landscape'>\n\t\t\t\t<img loading=\"lazy\" decoding=\"async\" width=\"300\" height=\"150\" src=\"https:\/\/swisschamberconcerts.ch\/wp-content\/uploads\/2025\/11\/Alice-Rosner-Foundation-LOGO-300x150.png\" class=\"attachment-medium size-medium\" alt=\"\" srcset=\"https:\/\/swisschamberconcerts.ch\/wp-content\/uploads\/2025\/11\/Alice-Rosner-Foundation-LOGO-300x150.png 300w, https:\/\/swisschamberconcerts.ch\/wp-content\/uploads\/2025\/11\/Alice-Rosner-Foundation-LOGO-255x128.png 255w\" sizes=\"auto, (max-width: 300px) 100vw, 300px\" \/>\n\t\t\t<\/dt><\/dl><br style=\"clear: both\" \/>\n\t\t<\/div>\n\n<h1 style=\"text-align: right;\"><strong>und allen anonymen G\u00f6nnern.<\/strong><\/h1>\n<p>[\/vc_column_text][\/vc_column][\/vc_row]<\/p>\n<\/div>","protected":false},"excerpt":{"rendered":"<p>[vc_row][vc_column][vc_column_text] LES AMIS DES SWISS CHAMBER CONCERTS (GENEVE) Les Swiss Chamber Concerts\u00a0ont pour vocation de programmer\u00a0au cours d\u2019un m\u00eame concert de grandes oeuvres du r\u00e9pertoire comme\u00a0la musique la plus moderne. Les cr\u00e9ations sont donc pr\u00e9sent\u00e9es en regard des grandes \u0153uvres du pass\u00e9 dans une recherche permanente d\u2019\u00e9clairage et d\u2019enrichissement mutuels. Cette approche est unique \u00e0 [&hellip;]<\/p>\n","protected":false},"author":1,"featured_media":0,"parent":0,"menu_order":0,"comment_status":"closed","ping_status":"closed","template":"","meta":{"_monsterinsights_skip_tracking":false,"_monsterinsights_sitenote_active":false,"_monsterinsights_sitenote_note":"","_monsterinsights_sitenote_category":0,"footnotes":""},"class_list":["post-8553","page","type-page","status-publish","hentry"],"_links":{"self":[{"href":"https:\/\/swisschamberconcerts.ch\/de\/wp-json\/wp\/v2\/pages\/8553","targetHints":{"allow":["GET"]}}],"collection":[{"href":"https:\/\/swisschamberconcerts.ch\/de\/wp-json\/wp\/v2\/pages"}],"about":[{"href":"https:\/\/swisschamberconcerts.ch\/de\/wp-json\/wp\/v2\/types\/page"}],"author":[{"embeddable":true,"href":"https:\/\/swisschamberconcerts.ch\/de\/wp-json\/wp\/v2\/users\/1"}],"replies":[{"embeddable":true,"href":"https:\/\/swisschamberconcerts.ch\/de\/wp-json\/wp\/v2\/comments?post=8553"}],"version-history":[{"count":19,"href":"https:\/\/swisschamberconcerts.ch\/de\/wp-json\/wp\/v2\/pages\/8553\/revisions"}],"predecessor-version":[{"id":20031,"href":"https:\/\/swisschamberconcerts.ch\/de\/wp-json\/wp\/v2\/pages\/8553\/revisions\/20031"}],"wp:attachment":[{"href":"https:\/\/swisschamberconcerts.ch\/de\/wp-json\/wp\/v2\/media?parent=8553"}],"curies":[{"name":"wp","href":"https:\/\/api.w.org\/{rel}","templated":true}]}}