{"id":8942,"date":"2016-02-24T12:41:16","date_gmt":"2016-02-24T11:41:16","guid":{"rendered":"https:\/\/2022.swisschamberconcerts.ch\/de\/?page_id=8942"},"modified":"2020-02-24T16:59:24","modified_gmt":"2020-02-24T15:59:24","slug":"unsere-aktivitaeten","status":"publish","type":"page","link":"https:\/\/swisschamberconcerts.ch\/de\/unsere-aktivitaeten\/","title":{"rendered":"Unsere Aktivit\u00e4ten"},"content":{"rendered":"<div class=\"wpb-content-wrapper\"><p>[vc_row][vc_column][vc_column_text]<\/p>\n<h3><strong>SWISS CHAMBER CONCERTS<\/strong><\/h3>\n<h4 style=\"text-align: justify;\">Im Jahre 1999 haben <a style=\"color: #000000;\" href=\"https:\/\/2022.swisschamberconcerts.ch\/de\/soloists\/juerg-daehler\/\">J\u00fcrg D\u00e4hler<\/a> (Z\u00fcrich), <a style=\"color: #000000;\" href=\"https:\/\/2022.swisschamberconcerts.ch\/de\/soloists\/daniel-haefliger\/\">Daniel Haefliger<\/a> (Genf) und <a style=\"color: #000000;\" href=\"https:\/\/2022.swisschamberconcerts.ch\/de\/soloists\/felix-renggli\/\">Felix Renggli<\/a> (Basel) die <strong>Swiss Chamber Concerts<\/strong> gegr\u00fcndet und damit die erste \u2013 und bisher einzige \u2013 gesamtschweizerische Kammermusik-Konzertreihe mit gemeinsamen Auff\u00fchrungszyklen in Basel, Genf, Lugano und Z\u00fcrich ins Leben gerufen. Dank innovativer Programmgestaltung und Interpretationen auf h\u00f6chstem Niveau konnten sich die Swiss Chamber Concerts schon bald in der Schweizer Musikszene einen Namen machen. Die zeitgen\u00f6ssische Musik ist ein besonderes Anliegen der drei k\u00fcnstlerischen Leiter, die durch zahlreiche Kompositionsauftr\u00e4ge, vor allem an Schweizer Komponisten, massgeblich zur Erweiterung gerade dieses Repertoires beigetragen haben.<\/h4>\n<h3><strong>SWISS CHAMBER SOLOISTS<\/strong><\/h3>\n<h4 style=\"text-align: justify;\">Um den vielf\u00e4ltigen Anspr\u00fcchen der schier unendlichen Kammermusikliteratur gerecht zu werden, entstand gleichzeitig mit SCC ein flexibles Ensemble aus hochkar\u00e4tigen Musikern, die <strong>Swiss Chamber Soloists<\/strong>, mit international anerkannten Solisten wie Heinz Holliger, Thomas Zehetmair, Christophe Coin, Christoph und Julian Pr\u00e9gardien, Patricia Kopatchinskaja, Ilya Gringolts, Lawrence Power und vielen anderen. Das Repertoire der Swiss Chamber Soloists umfasst alle Arten und Epochen der Kammermusik vom Barock &#8211; auf Originalinstrumenten gespielt \u2013 bis zur Gegenwart. Davon zeugt auch die eindrucksvolle Liste der den Soloists gewidmeten und von ihnen uraufgef\u00fchrten St\u00fccke. Schon im Jahr ihrer Gr\u00fcndung konzertierten sie in ganz Europa, in Asien, Australien und Japan. Kritiken, Radio- und CD-Aufnahmen in grosser Zahl belegen ihren ausgezeichneten Ruf.<\/h4>\n<h3><strong>SWISS CHAMBER ACADEMY<\/strong><\/h3>\n<h4 style=\"text-align: justify;\">Grossen Wert legt SCC auf die Nachwuchsf\u00f6rderung, vor allem durch Ausbildung und berufliche Integration junger Musiker. So hat Daniel Haefliger die <strong>Schweizer Streichquartett-Akademie<\/strong> ins Leben gerufen, ein Forum intensiven Austausches zwischen Studierenden und Dozenten. Seit ihrer Gr\u00fcndung 2014 wurden die Meisterklassen von renommierten Vertretern ihres Fachs wie Rainer Schmidt (Hagen Quartett), Ruth Killius und Thomas Zehetmair (Zehetmair Quartett), Hatto Beyerle (Alban Berg Quartett) sowie dem Komponisten, Dirigenten und Oboisten Heinz Holliger geleitet.<br \/>\nInzwischen wurde die Academy in drei Richtungen erweitert: Zus\u00e4tzlich zu den Meisterklassen im Mai\/Juni finden weitere Unterrichtseinheiten w\u00e4hrend des ganzen akademischen Jahres statt; ferner gestalten nicht nur Streicher, sondern auch namhafte Musiker anderer Disziplinen den Unterricht; schliesslich wird die Zusammenarbeit auf europ\u00e4ischer Ebene vertieft.<\/h4>\n<h3 style=\"text-align: justify;\"><strong>SWISS CHAMBER CAMERATA<\/strong><\/h3>\n<h4 style=\"text-align: justify;\">Aus der Academy und ihrem Netzwerk ist eine <strong>Camerata<\/strong> erwachsen, die einen intensiven Dialog zwischen den Generationen erm\u00f6glichen soll, indem graduierte junge Musiker aus der Schweiz mit namhaften K\u00fcnstlern konzertieren. So k\u00f6nnen vielversprechende Talente wertvolle Erfahrungen sammeln und ihr K\u00f6nnen dank der gesamtschweizerischen Struktur der SCC auch in den anderen Landesteilen vorstellen &#8211; ein ideales Sprungbrett f\u00fcr ihre k\u00fcnftige berufliche Karriere. Zugleich werden dem Publikum Auff\u00fchrungen auf h\u00f6chstem Niveau angeboten.<\/h4>\n<h3><strong>KOMPOSITIONSAUFTR\u00c4GE UND URAUFF\u00dcHRUNGEN<\/strong><\/h3>\n<h4 style=\"text-align: justify;\">Ein weiteres Ziel der Gr\u00fcnder und k\u00fcnstlerischen Leiter von SCC war und ist es, dem Publikum die zeitgen\u00f6ssische Musik nahezubringen. Dies geschah zum einen durch die Auff\u00fchrung von Werken von Birtwistle, Carter, Ferneyhough, Gervasoni, Kurt\u00e1g, L\u00edgeti, Yun, Zehnder u.a., zum anderen durch die Vergabe von <strong>Kompositionsauftr\u00e4gen<\/strong> an schweizerische Komponisten wie Blank, Dayer, Dubugnon, Furrer-M\u00fcnch, Gaudibert, Glaus, Gubler, Haubensak, Hefti, Holliger, K\u00e4ser, Kelterborn, Kessler, Kyburz, Lehmann, Moser, Rosenberger, Roth, Schlumpf, Schnyder, Skrzypczak, Tognetti, Vassena, Wyttenbach und Zimmerlin. In 20 Jahren wurden in mehr als 650 Konzerten in der Schweiz, in Europa, Japan und Australien rund 200 Werke uraufgef\u00fchrt. Damit hat SCC namhaft zur Erweiterung des Kammermusikrepertoires in der Schweiz beigetragen. \u00dcberdies wird ein neues Werk nicht nur ein Mal, wie allgemein \u00fcblich, sondern dank des besonderen Konzeptes von SCC mehrmals und an verschiedenen Orten aufgef\u00fchrt und somit einem breiten Publikum zug\u00e4nglich gemacht. Urauff\u00fchrungen werden zudem mitgeschnitten und von den nationalen Radiosendern ausgestrahlt.<\/h4>\n<p>[\/vc_column_text][\/vc_column][\/vc_row][vc_row][vc_column][vc_btn title=&#8220;<strong>Swiss Chamber Concerts, ein Forum f\u00fcr zeitgen\u00f6ssische Kammermusik <\/strong>&#8220; align=&#8220;center&#8220; css_animation=&#8220;top-to-bottom&#8220; link=&#8220;url:https%3A%2F%2F2022.swisschamberconcerts.ch%2Fde%2Flaboratoire-de-musique-de-chambre-contemporaine%2F||&#8220;][\/vc_column][\/vc_row][vc_row][vc_column][vc_column_text][\/vc_column_text][\/vc_column][\/vc_row]<\/p>\n<\/div>","protected":false},"excerpt":{"rendered":"<p>[vc_row][vc_column][vc_column_text] SWISS CHAMBER CONCERTS Im Jahre 1999 haben J\u00fcrg D\u00e4hler (Z\u00fcrich), Daniel Haefliger (Genf) und Felix Renggli (Basel) die Swiss Chamber Concerts gegr\u00fcndet und damit die erste \u2013 und bisher einzige \u2013 gesamtschweizerische Kammermusik-Konzertreihe mit gemeinsamen Auff\u00fchrungszyklen in Basel, Genf, Lugano und Z\u00fcrich ins Leben gerufen. Dank innovativer Programmgestaltung und Interpretationen auf h\u00f6chstem Niveau konnten [&hellip;]<\/p>\n","protected":false},"author":2,"featured_media":0,"parent":0,"menu_order":0,"comment_status":"closed","ping_status":"closed","template":"","meta":{"_monsterinsights_skip_tracking":false,"_monsterinsights_sitenote_active":false,"_monsterinsights_sitenote_note":"","_monsterinsights_sitenote_category":0,"footnotes":""},"class_list":["post-8942","page","type-page","status-publish","hentry"],"_links":{"self":[{"href":"https:\/\/swisschamberconcerts.ch\/de\/wp-json\/wp\/v2\/pages\/8942","targetHints":{"allow":["GET"]}}],"collection":[{"href":"https:\/\/swisschamberconcerts.ch\/de\/wp-json\/wp\/v2\/pages"}],"about":[{"href":"https:\/\/swisschamberconcerts.ch\/de\/wp-json\/wp\/v2\/types\/page"}],"author":[{"embeddable":true,"href":"https:\/\/swisschamberconcerts.ch\/de\/wp-json\/wp\/v2\/users\/2"}],"replies":[{"embeddable":true,"href":"https:\/\/swisschamberconcerts.ch\/de\/wp-json\/wp\/v2\/comments?post=8942"}],"version-history":[{"count":29,"href":"https:\/\/swisschamberconcerts.ch\/de\/wp-json\/wp\/v2\/pages\/8942\/revisions"}],"predecessor-version":[{"id":13480,"href":"https:\/\/swisschamberconcerts.ch\/de\/wp-json\/wp\/v2\/pages\/8942\/revisions\/13480"}],"wp:attachment":[{"href":"https:\/\/swisschamberconcerts.ch\/de\/wp-json\/wp\/v2\/media?parent=8942"}],"curies":[{"name":"wp","href":"https:\/\/api.w.org\/{rel}","templated":true}]}}