{"id":9227,"date":"2016-02-29T11:12:44","date_gmt":"2016-02-29T10:12:44","guid":{"rendered":"https:\/\/2022.swisschamberconcerts.ch\/de\/robert-schumann\/"},"modified":"2020-10-14T15:12:18","modified_gmt":"2020-10-14T14:12:18","slug":"robert-schumann","status":"publish","type":"page","link":"https:\/\/swisschamberconcerts.ch\/de\/robert-schumann\/","title":{"rendered":"SCHUMANN &#8211; Piano Quartet &#038; Quintet"},"content":{"rendered":"<div class=\"wpb-content-wrapper\"><p>[vc_row][vc_column width=&#8220;2\/3&#8243;][vc_column_text]<\/p>\n<h2><img loading=\"lazy\" decoding=\"async\" class=\"alignright wp-image-9222 size-medium\" src=\"https:\/\/2022.swisschamberconcerts.ch\/wp-content\/uploads\/2016\/02\/schumann-285x300.jpg\" alt=\"schumann\" width=\"285\" height=\"300\" srcset=\"https:\/\/swisschamberconcerts.ch\/wp-content\/uploads\/2016\/02\/schumann-285x300.jpg 285w, https:\/\/swisschamberconcerts.ch\/wp-content\/uploads\/2016\/02\/schumann-255x269.jpg 255w, https:\/\/swisschamberconcerts.ch\/wp-content\/uploads\/2016\/02\/schumann.jpg 600w\" sizes=\"auto, (max-width: 285px) 100vw, 285px\" \/>Quintet for Piano and Strings in E flat major, Op. 44<\/h2>\n<h2>Quartet for Piano and Strings in E flat major, Op. 47<\/h2>\n<p>&nbsp;<\/p>\n<ul>\n<li><strong>Running Time:<\/strong>\u00a056 min.<\/li>\n<li><strong>Period Time:<\/strong> Romantic<\/li>\n<li><strong>Form:<\/strong> Chamber Music<\/li>\n<li><strong>Written:<\/strong> 1842<\/li>\n<li><strong>Studio\/Live:<\/strong> Studio<\/li>\n<li><strong>Label:<\/strong>Claves<\/li>\n<\/ul>\n<h3>Swiss Chamber Soloists<\/h3>\n<ul>\n<li><strong>J\u00fcrg D\u00e4hler<\/strong>, Violon<\/li>\n<li><strong>Urs Walker<\/strong>, Violon<\/li>\n<li><strong>Val\u00e9rie D\u00e4hler- Mulet<\/strong>, Alto<\/li>\n<li><strong>Daniel Haefliger<\/strong>, Violoncelle<\/li>\n<li><strong>David Abott<\/strong>, Piano<\/li>\n<\/ul>\n<ol>\n<li><strong>Piano Quintet in E-Flat Major, Op. 44: I. Allegro brillante<br \/>\n<\/strong>Daniel Haefliger, David Abbott, J\u00fcrg D\u00e4hler, Swiss Chamber Soloists, Urs Walker, Val\u00e9rie D\u00e4hler-Mulet<\/li>\n<li><strong>Piano Quintet in E-Flat Major, Op. 44: II. In modo d\u2019una Marcia: Un poco largamente<\/strong><br \/>\nDaniel Haefliger, David Abbott, J\u00fcrg D\u00e4hler, Swiss Chamber Soloists, Urs Walker, Val\u00e9rie D\u00e4hler-Mulet<\/li>\n<li><strong>Piano Quintet in E-Flat Major, Op. 44: III. Scherzo: Molto vivace<\/strong><br \/>\nDaniel Haefliger, David Abbott, J\u00fcrg D\u00e4hler, Swiss Chamber Soloists, Urs Walker, Val\u00e9rie D\u00e4hler-Mulet<\/li>\n<li><strong>Piano Quintet in E-Flat Major, Op. 44: IV. Allegro, ma non troppo <\/strong><br \/>\nDaniel Haefliger, David Abbott, J\u00fcrg D\u00e4hler, Swiss Chamber Soloists, Urs Walker, Val\u00e9rie D\u00e4hler-Mulet<\/li>\n<li><strong>Piano Quartet in E-Flat Major, Op. 47: I. Sostenuto assai \u2013 Allegro ma non troppo <\/strong><br \/>\nDaniel Haefliger, David Abbott, J\u00fcrg D\u00e4hler, Swiss Chamber Soloists, Val\u00e9rie D\u00e4hler-Mulet<\/li>\n<li><strong>Piano Quartet in E-Flat Major, Op. 47: II. Scherzo: Molto vivace <\/strong><br \/>\nDaniel Haefliger, David Abbott, J\u00fcrg D\u00e4hler, Swiss Chamber Soloists, Val\u00e9rie D\u00e4hler-Mulet<\/li>\n<li><strong>Piano Quartet in E-Flat Major, Op. 47: III. Andante cantabile <\/strong><br \/>\nDaniel Haefliger, David Abbott, J\u00fcrg D\u00e4hler, Swiss Chamber Soloists, Val\u00e9rie D\u00e4hler-Mulet<\/li>\n<li><strong>Piano Quartet in E-Flat Major, Op. 47: IV. Finale: Vivace <\/strong><br \/>\nDaniel Haefliger, David Abbott, J\u00fcrg D\u00e4hler, Swiss Chamber Soloists, Val\u00e9rie D\u00e4hler-Mulet<\/li>\n<\/ol>\n<p>[\/vc_column_text][\/vc_column][vc_column width=&#8220;1\/3&#8243;][vc_wp_custommenu nav_menu=&#8220;177&#8243; title=&#8220;Swiss Chamber Soloists CD&#8220;][\/vc_column][\/vc_row]<\/p>\n<\/div>","protected":false},"excerpt":{"rendered":"<p>[vc_row][vc_column width=&#8220;2\/3&#8243;][vc_column_text] Quintet for Piano and Strings in E flat major, Op. 44 Quartet for Piano and Strings in E flat major, Op. 47 &nbsp; Running Time:\u00a056 min. Period Time: Romantic Form: Chamber Music Written: 1842 Studio\/Live: Studio Label:Claves Swiss Chamber Soloists J\u00fcrg D\u00e4hler, Violon Urs Walker, Violon Val\u00e9rie D\u00e4hler- Mulet, Alto Daniel Haefliger, Violoncelle [&hellip;]<\/p>\n","protected":false},"author":2,"featured_media":0,"parent":0,"menu_order":0,"comment_status":"closed","ping_status":"closed","template":"","meta":{"_monsterinsights_skip_tracking":false,"_monsterinsights_sitenote_active":false,"_monsterinsights_sitenote_note":"","_monsterinsights_sitenote_category":0,"footnotes":""},"class_list":["post-9227","page","type-page","status-publish","hentry"],"_links":{"self":[{"href":"https:\/\/swisschamberconcerts.ch\/de\/wp-json\/wp\/v2\/pages\/9227","targetHints":{"allow":["GET"]}}],"collection":[{"href":"https:\/\/swisschamberconcerts.ch\/de\/wp-json\/wp\/v2\/pages"}],"about":[{"href":"https:\/\/swisschamberconcerts.ch\/de\/wp-json\/wp\/v2\/types\/page"}],"author":[{"embeddable":true,"href":"https:\/\/swisschamberconcerts.ch\/de\/wp-json\/wp\/v2\/users\/2"}],"replies":[{"embeddable":true,"href":"https:\/\/swisschamberconcerts.ch\/de\/wp-json\/wp\/v2\/comments?post=9227"}],"version-history":[{"count":6,"href":"https:\/\/swisschamberconcerts.ch\/de\/wp-json\/wp\/v2\/pages\/9227\/revisions"}],"predecessor-version":[{"id":14247,"href":"https:\/\/swisschamberconcerts.ch\/de\/wp-json\/wp\/v2\/pages\/9227\/revisions\/14247"}],"wp:attachment":[{"href":"https:\/\/swisschamberconcerts.ch\/de\/wp-json\/wp\/v2\/media?parent=9227"}],"curies":[{"name":"wp","href":"https:\/\/api.w.org\/{rel}","templated":true}]}}