{"id":9320,"date":"2016-02-29T16:14:55","date_gmt":"2016-02-29T15:14:55","guid":{"rendered":"https:\/\/2022.swisschamberconcerts.ch\/de\/?page_id=9320"},"modified":"2025-09-02T10:40:47","modified_gmt":"2025-09-02T09:40:47","slug":"basel","status":"publish","type":"page","link":"https:\/\/swisschamberconcerts.ch\/de\/basel\/","title":{"rendered":"Basel"},"content":{"rendered":"<div class=\"wpb-content-wrapper\"><p>[vc_row][vc_column width=&#8220;1\/3&#8243;][vc_column_text css=&#8220;.vc_custom_1534894547735{padding-top: 40px !important;}&#8220;]<\/p>\n<h1>Saison 25\/26<\/h1>\n<hr \/>\n<p>[\/vc_column_text][vc_column_text]<\/p>\n<h4><strong>Liebe Freunde der Kammermusik,<\/strong><\/h4>\n<h4>wieder steht eine neue Saison der Swiss Chamber Concerts Basel vor der T\u00fcr mit spannenden und abwechslungsreichen Programmen.<\/h4>\n<h4>Im Januar 2026 w\u00e4re der grosse Schweizer Fl\u00f6tist Aur\u00e8le Nicolet hundert Jahre alt geworden; ihm widmen wir einen Kammermusikabend mit Heinz Holliger und Emmanuel Pahud sowie Freunden und ehemaligen Studenten. Zum ersten Mal in unserer Reihe werden wir ein Solorezital f\u00fcr Violine pr\u00e4sentieren: Der in Basel lebende russische Geiger Dimitry Smirnov wird f\u00fcr einen spannungsvollen und hochstehenden Abend sorgen. Mit Spannung d\u00fcrfen wir auch die vier Urauff\u00fchrungen (von Stefan Wirth, Philippe Racine und Jean-Henry Snowberger) erwarten, welche je in einem der Programme zu h\u00f6ren sein werden.<\/h4>\n<h4>Heute ist KI, verstanden als k\u00fcnstliche Intelligenz, in aller Munde und ein Thema f\u00fcr Presseartikel, Bloggers oder Podiumsdiskussionen. Ob sie sich als Bedrohung oder positive Ver\u00e4nderung des Konzertlebens manifestieren wird, steht noch in den Sternen. Die SCC Basel haben sich schon seit vielen Jahren KI zum Programm gemacht; nur bei uns heisst das \u00fcbersetzt kammermusikalische Intensit\u00e4t!<\/h4>\n<h4>Sie sind herzlichst eingeladen, diese vier spannenden Konzertabende in Basel mit uns zusammen zu erleben.<\/h4>\n<h4><strong>Felix Renggli<\/strong><\/h4>\n<h4><em>K\u00fcnstlerischer Leiter SCC Basel<\/em><\/h4>\n<h4><\/h4>\n<p>[\/vc_column_text][\/vc_column][vc_column width=&#8220;2\/3&#8243;][vc_column_text css=&#8220;.vc_custom_1458151232384{padding-top: 40px !important;}&#8220;]<\/p>\n<h1>N\u00e4chste Konzerte<\/h1>\n<hr \/>\n<p>[\/vc_column_text]    \t<section class=\"un-post-scroller un-post-scroller-4397 \" data-delay=0>\n        \t<div class=\"section-inner-no-padding\">\n                <div class=\"post-scroller-wrap\">\n                    <div class=\"post-scroller-carousel\" data-next='.post-scroller-down' data-prev='.post-scroller-up'>\n                    <div class=\"post-scroller-carousel-inner\">\n                                            <div class=\"post-scroller-item\">\n                        \t<div class=\"scroller-item-inner\">\n                            \t<div class=\"scroller-item-content post-item-mini\">\n                                \t<div class=\"row\">\n                                        <div class=\"col-md-4 col-sm-4 col-xs-4 post-thumbnail-mini\">\n                                        \t<div class=\"item-thumbnail\">\n                                            <a href=\"https:\/\/swisschamberconcerts.ch\/de\/concert\/opusholliger-4\/\" title=\"OPUSHOLLIGER\">\n                                                                                                <img loading=\"lazy\" decoding=\"async\" src=\"https:\/\/swisschamberconcerts.ch\/wp-content\/uploads\/2025\/06\/Heinz_Holliger_Priska_Ketterer-150x150.jpeg\" width=\"150\" height=\"150\" title=\"OPUSHOLLIGER\" alt=\"OPUSHOLLIGER\">\n                                                <div class=\"thumbnail-hoverlay main-color-1-bg\"><\/div>\n\t\t\t\t\t\t\t\t\t\t\t\t<div class=\"thumbnail-hoverlay-cross\"><\/div>\n                                            <\/a>\n                                            <\/div>\n                                        <\/div>\n                                        <div class=\"col-md-8 col-sm-8 col-xs-8 post-content-mini\">\n                                            <h4><a class=\"post-title-mini main-color-1-hover\" href=\"https:\/\/swisschamberconcerts.ch\/de\/concert\/opusholliger-4\/\" title=\"OPUSHOLLIGER\">OPUS<span style=\"color: #d30039;\">HOLLIGER<\/span><\/a><\/h4>\n                                            <div class=\"post-excerpt-mini\">JEAN-PHILIPPE RAMEAU <sup>1683-1764<\/sup><br>\r\nCLAUDE DEBUSSY <sup>1862-1918<\/sup><br>\r\nPHILIPPE RACINE <sup>*1958<\/sup><br>\r\nELLIOTT CARTER <sup>1908-2012<\/sup><br>\r\nFRIEDRICH CERHA <sup>1926-2023<\/sup><br>\r\nHEINZ HOLLIGER <sup>*1939<\/sup><br>\r\nGY\u00d6RGY KURT\u00c1G <sup>*1926<\/sup><br><\/div>\n                                        <\/div>\n                                    <\/div>\n                                <\/div><!--\/post-item-mini-->\n                            <\/div>\n                        <\/div><!--\/post-scroller-item-->\n                                        <\/div>\n                    <\/div>\n                    <div class=\"post-scroller-control\">\n                        <span class=\"post-scroller-button-wrap\">\n                        \t<a class=\"btn btn-primary post-scroller-button post-scroller-down\" href=\"#\"><i class=\"fa fa-angle-down\"><\/i><\/a>\n                        \t<a class=\"btn btn-primary post-scroller-button post-scroller-up\" href=\"#\"> <i class=\"fa fa-angle-up\"><\/i><\/a>\n                        <\/span>\n                                            <\/div>\n                <\/div>\n            <\/div><!--\/section-inner-->\n        <\/section><!--\/u-post-carousel-->\n\t[vc_column_text css=&#8220;.vc_custom_1458151023260{padding-top: 40px !important;}&#8220;]<\/p>\n<h1>Fr\u00fchere Konzerte<\/h1>\n<hr \/>\n<p>[\/vc_column_text]    \t<section class=\"un-post-scroller un-post-scroller-6753 \" data-delay=0>\n        \t<div class=\"section-inner-no-padding\">\n                <div class=\"post-scroller-wrap\">\n                    <div class=\"post-scroller-carousel\" data-next='.post-scroller-down' data-prev='.post-scroller-up'>\n                    <div class=\"post-scroller-carousel-inner\">\n                                            <div class=\"post-scroller-item\">\n                        \t<div class=\"scroller-item-inner\">\n                            \t<div class=\"scroller-item-content post-item-mini\">\n                                \t<div class=\"row\">\n                                        <div class=\"col-md-4 col-sm-4 col-xs-4 post-thumbnail-mini\">\n                                        \t<div class=\"item-thumbnail\">\n                                            <a href=\"https:\/\/swisschamberconcerts.ch\/de\/concert\/opus\/\" title=\"OPUSBACH\">\n                                                                                                <img loading=\"lazy\" decoding=\"async\" src=\"https:\/\/swisschamberconcerts.ch\/wp-content\/uploads\/2025\/09\/Dmitry-Smirnov-150x150.jpg\" width=\"150\" height=\"150\" title=\"OPUSBACH\" alt=\"OPUSBACH\">\n                                                <div class=\"thumbnail-hoverlay main-color-1-bg\"><\/div>\n\t\t\t\t\t\t\t\t\t\t\t\t<div class=\"thumbnail-hoverlay-cross\"><\/div>\n                                            <\/a>\n                                            <\/div>\n                                        <\/div>\n                                        <div class=\"col-md-8 col-sm-8 col-xs-8 post-content-mini\">\n                                            <h4><a class=\"post-title-mini main-color-1-hover\" href=\"https:\/\/swisschamberconcerts.ch\/de\/concert\/opus\/\" title=\"OPUSBACH\">OPUS<span style=\"color: #d30039;\">BACH<\/span><\/a><\/h4>\n                                            <div class=\"post-excerpt-mini\">HEIDI BAADER-NOBS <sup>*1940<\/sup><br>\r\nGIUSEPPE TARTINI <sup>1692-1770<\/sup><br>\r\nIVAN KHANDOSHKIN <sup>1747-1804<\/sup><br>\r\nEUGENE YSA\u0178E <sup>1858-1931<\/sup><br>\r\nJEAN-HENRY SNOWBERGER <br>\r\nHEINZ HOLLIGER <sup>*1939<\/sup><br>\r\nCARL HOECKH <sup>1707-1773<\/sup><br>\r\nJOHANN SEBASTIAN BACH <sup>*1685-1750<\/sup><br><\/div>\n                                        <\/div>\n                                    <\/div>\n                                <\/div><!--\/post-item-mini-->\n                            <\/div>\n                        <\/div><!--\/post-scroller-item-->\n                                            <div class=\"post-scroller-item\">\n                        \t<div class=\"scroller-item-inner\">\n                            \t<div class=\"scroller-item-content post-item-mini\">\n                                \t<div class=\"row\">\n                                        <div class=\"col-md-4 col-sm-4 col-xs-4 post-thumbnail-mini\">\n                                        \t<div class=\"item-thumbnail\">\n                                            <a href=\"https:\/\/swisschamberconcerts.ch\/de\/concert\/opusnicolet\/\" title=\"OPUSNICOLET\">\n                                                                                                <img loading=\"lazy\" decoding=\"async\" src=\"https:\/\/swisschamberconcerts.ch\/wp-content\/uploads\/2016\/01\/Aurele-Nicolet-150x150.jpeg\" width=\"150\" height=\"150\" title=\"OPUSNICOLET\" alt=\"OPUSNICOLET\">\n                                                <div class=\"thumbnail-hoverlay main-color-1-bg\"><\/div>\n\t\t\t\t\t\t\t\t\t\t\t\t<div class=\"thumbnail-hoverlay-cross\"><\/div>\n                                            <\/a>\n                                            <\/div>\n                                        <\/div>\n                                        <div class=\"col-md-8 col-sm-8 col-xs-8 post-content-mini\">\n                                            <h4><a class=\"post-title-mini main-color-1-hover\" href=\"https:\/\/swisschamberconcerts.ch\/de\/concert\/opusnicolet\/\" title=\"OPUSNICOLET\">OPUS<span style=\"color: #d30039;\">NICOLET<\/span><\/a><\/h4>\n                                            <div class=\"post-excerpt-mini\">WILHELM FRIEDEMANN BACH <sup>1710-1784<\/sup><br>\r\nJEAN BINET <sup>1893-1960<\/sup><br>\r\nHEINZ HOLLIGER <sup>*1939<\/sup><br>\r\nEDISON DENISSOV <sup>1929-1996<\/sup><br>\r\nELLIOTT CARTER <sup>1908-2012<\/sup><br>\r\nJ\u00d6RG WIDMANN <sup>*1973<\/sup><br>\r\nROBERT SUTER <sup>1919-2008<\/sup><br>\r\nPHILIPPE RACINE <sup>*1959<\/sup><br><\/div>\n                                        <\/div>\n                                    <\/div>\n                                <\/div><!--\/post-item-mini-->\n                            <\/div>\n                        <\/div><!--\/post-scroller-item-->\n                                            <div class=\"post-scroller-item\">\n                        \t<div class=\"scroller-item-inner\">\n                            \t<div class=\"scroller-item-content post-item-mini\">\n                                \t<div class=\"row\">\n                                        <div class=\"col-md-4 col-sm-4 col-xs-4 post-thumbnail-mini\">\n                                        \t<div class=\"item-thumbnail\">\n                                            <a href=\"https:\/\/swisschamberconcerts.ch\/de\/concert\/opusmoussorgsky-2\/\" title=\"OPUSMUSSORGSKY\">\n                                                                                                <img loading=\"lazy\" decoding=\"async\" src=\"https:\/\/swisschamberconcerts.ch\/wp-content\/uploads\/2025\/08\/Modest_Musorgskiy_1870-150x150.jpg\" width=\"150\" height=\"150\" title=\"OPUSMUSSORGSKY\" alt=\"OPUSMUSSORGSKY\">\n                                                <div class=\"thumbnail-hoverlay main-color-1-bg\"><\/div>\n\t\t\t\t\t\t\t\t\t\t\t\t<div class=\"thumbnail-hoverlay-cross\"><\/div>\n                                            <\/a>\n                                            <\/div>\n                                        <\/div>\n                                        <div class=\"col-md-8 col-sm-8 col-xs-8 post-content-mini\">\n                                            <h4><a class=\"post-title-mini main-color-1-hover\" href=\"https:\/\/swisschamberconcerts.ch\/de\/concert\/opusmoussorgsky-2\/\" title=\"OPUSMUSSORGSKY\">OPUS<span style=\"color: #d30039;\">MUSSORGSKY<\/span><\/a><\/h4>\n                                            <div class=\"post-excerpt-mini\">MAURICE RAVEL <sup>1875-1937<\/sup><br>\r\nMODEST MUSSORGSKI <sup>1839-1881<\/sup><br>\r\nMICHAIL GLINKA <sup>1804-1857<\/sup><br>\r\nSTEFAN WIRTH <sup>*1975<\/sup><br>\r\n<\/div>\n                                        <\/div>\n                                    <\/div>\n                                <\/div><!--\/post-item-mini-->\n                            <\/div>\n                        <\/div><!--\/post-scroller-item-->\n                                            <div class=\"post-scroller-item\">\n                        \t<div class=\"scroller-item-inner\">\n                            \t<div class=\"scroller-item-content post-item-mini\">\n                                \t<div class=\"row\">\n                                        <div class=\"col-md-4 col-sm-4 col-xs-4 post-thumbnail-mini\">\n                                        \t<div class=\"item-thumbnail\">\n                                            <a href=\"https:\/\/swisschamberconcerts.ch\/de\/concert\/holliger-2\/\" title=\"ECHOHOLLIGER\">\n                                                                                                <img loading=\"lazy\" decoding=\"async\" src=\"https:\/\/swisschamberconcerts.ch\/wp-content\/uploads\/2024\/08\/Juliane-Banse-150x150.jpeg\" width=\"150\" height=\"150\" title=\"ECHOHOLLIGER\" alt=\"ECHOHOLLIGER\">\n                                                <div class=\"thumbnail-hoverlay main-color-1-bg\"><\/div>\n\t\t\t\t\t\t\t\t\t\t\t\t<div class=\"thumbnail-hoverlay-cross\"><\/div>\n                                            <\/a>\n                                            <\/div>\n                                        <\/div>\n                                        <div class=\"col-md-8 col-sm-8 col-xs-8 post-content-mini\">\n                                            <h4><a class=\"post-title-mini main-color-1-hover\" href=\"https:\/\/swisschamberconcerts.ch\/de\/concert\/holliger-2\/\" title=\"ECHOHOLLIGER\">ECHO<span style=\"color: #ee0d27;\">HOLLIGER<\/span><\/a><\/h4>\n                                            <div class=\"post-excerpt-mini\">WOLFGANG AMADEUS MOZART <sup>1756-1791<\/sup><br>\r\nKLAUS HUBER <sup>1924-2017<\/sup><br>\r\nHEINZ HOLLIGER <sup>*1939<\/sup><br>\r\nFRANK MARTIN <sup>1890-1974<\/sup><br><\/div>\n                                        <\/div>\n                                    <\/div>\n                                <\/div><!--\/post-item-mini-->\n                            <\/div>\n                        <\/div><!--\/post-scroller-item-->\n                                            <div class=\"post-scroller-item\">\n                        \t<div class=\"scroller-item-inner\">\n                            \t<div class=\"scroller-item-content post-item-mini\">\n                                \t<div class=\"row\">\n                                        <div class=\"col-md-4 col-sm-4 col-xs-4 post-thumbnail-mini\">\n                                        \t<div class=\"item-thumbnail\">\n                                            <a href=\"https:\/\/swisschamberconcerts.ch\/de\/concert\/echokurtag\/\" title=\"ECHOKURT\u00c1G\">\n                                                                                                <img loading=\"lazy\" decoding=\"async\" src=\"https:\/\/swisschamberconcerts.ch\/wp-content\/uploads\/2024\/08\/Maria-Cristina-Kiehr-1-150x150.jpeg\" width=\"150\" height=\"150\" title=\"ECHOKURT\u00c1G\" alt=\"ECHOKURT\u00c1G\">\n                                                <div class=\"thumbnail-hoverlay main-color-1-bg\"><\/div>\n\t\t\t\t\t\t\t\t\t\t\t\t<div class=\"thumbnail-hoverlay-cross\"><\/div>\n                                            <\/a>\n                                            <\/div>\n                                        <\/div>\n                                        <div class=\"col-md-8 col-sm-8 col-xs-8 post-content-mini\">\n                                            <h4><a class=\"post-title-mini main-color-1-hover\" href=\"https:\/\/swisschamberconcerts.ch\/de\/concert\/echokurtag\/\" title=\"ECHOKURT\u00c1G\">ECHO<span style=\"color: #ee0d27;\">KURT\u00c1G<\/span><\/a><\/h4>\n                                            <div class=\"post-excerpt-mini\">GY\u00d6RGY KURT\u00c1G <sup>*1926<\/sup><br>\r\nFRANZ SCHUBERT <sup>1797-1828<\/sup><br>\r\nHENRIK DEWES <sup>*1992<\/sup><br>\r\nROLAND MOSER <sup>*1943<\/sup><br><\/div>\n                                        <\/div>\n                                    <\/div>\n                                <\/div><!--\/post-item-mini-->\n                            <\/div>\n                        <\/div><!--\/post-scroller-item-->\n                                            <div class=\"post-scroller-item\">\n                        \t<div class=\"scroller-item-inner\">\n                            \t<div class=\"scroller-item-content post-item-mini\">\n                                \t<div class=\"row\">\n                                        <div class=\"col-md-4 col-sm-4 col-xs-4 post-thumbnail-mini\">\n                                        \t<div class=\"item-thumbnail\">\n                                            <a href=\"https:\/\/swisschamberconcerts.ch\/de\/concert\/echowinds-2\/\" title=\"ECHOWINDS\">\n                                                                                                <img loading=\"lazy\" decoding=\"async\" src=\"https:\/\/swisschamberconcerts.ch\/wp-content\/uploads\/2022\/07\/lampert-150x150.jpg\" width=\"150\" height=\"150\" title=\"ECHOWINDS\" alt=\"ECHOWINDS\">\n                                                <div class=\"thumbnail-hoverlay main-color-1-bg\"><\/div>\n\t\t\t\t\t\t\t\t\t\t\t\t<div class=\"thumbnail-hoverlay-cross\"><\/div>\n                                            <\/a>\n                                            <\/div>\n                                        <\/div>\n                                        <div class=\"col-md-8 col-sm-8 col-xs-8 post-content-mini\">\n                                            <h4><a class=\"post-title-mini main-color-1-hover\" href=\"https:\/\/swisschamberconcerts.ch\/de\/concert\/echowinds-2\/\" title=\"ECHOWINDS\">ECHO<span style=\"color: #ee0d27;\">WINDS<\/span><\/a><\/h4>\n                                            <div class=\"post-excerpt-mini\">YEHOSHUA LAKNER <sup>1924-2003<\/sup><br>\r\nRUTH CRAWFORD-SEEGER <sup>1901-1953<\/sup><br>\r\nMASSIMILIANO MATESIC<sup>*1969<\/sup><br>\r\nAMY MARCY BEACH <sup>1867-1944<\/sup><br>\r\nJACQUES IBERT <sup>1890-1962<\/sup><br>\r\nLUDWIG THUILLE <sup>1861-1907<\/sup><br>\r\n<\/div>\n                                        <\/div>\n                                    <\/div>\n                                <\/div><!--\/post-item-mini-->\n                            <\/div>\n                        <\/div><!--\/post-scroller-item-->\n                                            <div class=\"post-scroller-item\">\n                        \t<div class=\"scroller-item-inner\">\n                            \t<div class=\"scroller-item-content post-item-mini\">\n                                \t<div class=\"row\">\n                                        <div class=\"col-md-4 col-sm-4 col-xs-4 post-thumbnail-mini\">\n                                        \t<div class=\"item-thumbnail\">\n                                            <a href=\"https:\/\/swisschamberconcerts.ch\/de\/concert\/echoschubert-2\/\" title=\"ECHOSCHUBERT\">\n                                                                                                <img loading=\"lazy\" decoding=\"async\" src=\"https:\/\/swisschamberconcerts.ch\/wp-content\/uploads\/1998\/08\/Kirill-Zvegintsov-c-Pino-Montisci-150x150.jpg\" width=\"150\" height=\"150\" title=\"ECHOSCHUBERT\" alt=\"ECHOSCHUBERT\">\n                                                <div class=\"thumbnail-hoverlay main-color-1-bg\"><\/div>\n\t\t\t\t\t\t\t\t\t\t\t\t<div class=\"thumbnail-hoverlay-cross\"><\/div>\n                                            <\/a>\n                                            <\/div>\n                                        <\/div>\n                                        <div class=\"col-md-8 col-sm-8 col-xs-8 post-content-mini\">\n                                            <h4><a class=\"post-title-mini main-color-1-hover\" href=\"https:\/\/swisschamberconcerts.ch\/de\/concert\/echoschubert-2\/\" title=\"ECHOSCHUBERT\">ECHO<span style=\"color: #ee0d27;\">SCHUBERT<\/span><\/a><\/h4>\n                                            <div class=\"post-excerpt-mini\">FRANK MARTIN <sup>1890-1974<\/sup><br>\r\nTHU\u0308RING BRA\u0308M <sup>*1944<\/sup><br>\r\nFRANZ SCHUBERT <sup>1797-1828<\/sup><br>\r\nLUDWIG VAN BEETHOVEN <sup>1770-1827<\/sup><\/div>\n                                        <\/div>\n                                    <\/div>\n                                <\/div><!--\/post-item-mini-->\n                            <\/div>\n                        <\/div><!--\/post-scroller-item-->\n                                            <div class=\"post-scroller-item\">\n                        \t<div class=\"scroller-item-inner\">\n                            \t<div class=\"scroller-item-content post-item-mini\">\n                                \t<div class=\"row\">\n                                        <div class=\"col-md-4 col-sm-4 col-xs-4 post-thumbnail-mini\">\n                                        \t<div class=\"item-thumbnail\">\n                                            <a href=\"https:\/\/swisschamberconcerts.ch\/de\/concert\/echoberio-2\/\" title=\"ECHOBERIO\">\n                                                                                                <img loading=\"lazy\" decoding=\"async\" src=\"https:\/\/swisschamberconcerts.ch\/wp-content\/uploads\/2022\/07\/renggli_03-554x674-1-150x150.jpg\" width=\"150\" height=\"150\" title=\"ECHOBERIO\" alt=\"ECHOBERIO\">\n                                                <div class=\"thumbnail-hoverlay main-color-1-bg\"><\/div>\n\t\t\t\t\t\t\t\t\t\t\t\t<div class=\"thumbnail-hoverlay-cross\"><\/div>\n                                            <\/a>\n                                            <\/div>\n                                        <\/div>\n                                        <div class=\"col-md-8 col-sm-8 col-xs-8 post-content-mini\">\n                                            <h4><a class=\"post-title-mini main-color-1-hover\" href=\"https:\/\/swisschamberconcerts.ch\/de\/concert\/echoberio-2\/\" title=\"ECHOBERIO\">ECHO<span style=\"color: #ee0d27;\">BERIO<\/span><\/a><\/h4>\n                                            <div class=\"post-excerpt-mini\">JOHANN SEBASTIAN BACH <sup>1685-1750<\/sup><br>\r\nJOHN LENNON <sup>1940-1980<\/sup> \/ PAUL McCARTNEY <sup>*1942<\/sup> \/ LUCIANO BERIO\u00a0<br>\r\nLUCIANO BERIO <sup>1925-2003<\/sup><br>\r\nYANNIS XENAKIS <sup>1922-2001<\/sup><br>\r\nANONYMUS (aus Nubien)<br>\r\nCATHY BERBERIAN <sup>1925-1983<\/sup><br>\r\nGEORG FRIEDRICH H\u00c4NDEL <sup>1685-1759<\/sup>\r\n<\/div>\n                                        <\/div>\n                                    <\/div>\n                                <\/div><!--\/post-item-mini-->\n                            <\/div>\n                        <\/div><!--\/post-scroller-item-->\n                                        <\/div>\n                    <\/div>\n                    <div class=\"post-scroller-control\">\n                        <span class=\"post-scroller-button-wrap\">\n                        \t<a class=\"btn btn-primary post-scroller-button post-scroller-down\" href=\"#\"><i class=\"fa fa-angle-down\"><\/i><\/a>\n                        \t<a class=\"btn btn-primary post-scroller-button post-scroller-up\" href=\"#\"> <i class=\"fa fa-angle-up\"><\/i><\/a>\n                        <\/span>\n                                            <\/div>\n                <\/div>\n            <\/div><!--\/section-inner-->\n        <\/section><!--\/u-post-carousel-->\n\t[vc_column_text css=&#8220;.vc_custom_1458151023260{padding-top: 40px !important;}&#8220;]<\/p>\n<p>[\/vc_column_text][\/vc_column][\/vc_row]<\/p>\n<\/div>","protected":false},"excerpt":{"rendered":"<p>[vc_row][vc_column width=&#8220;1\/3&#8243;][vc_column_text css=&#8220;.vc_custom_1534894547735{padding-top: 40px !important;}&#8220;] Saison 25\/26 [\/vc_column_text][vc_column_text] Liebe Freunde der Kammermusik, wieder steht eine neue Saison der Swiss Chamber Concerts Basel vor der T\u00fcr mit spannenden und abwechslungsreichen Programmen. Im Januar 2026 w\u00e4re der grosse Schweizer Fl\u00f6tist Aur\u00e8le Nicolet hundert Jahre alt geworden; ihm widmen wir einen Kammermusikabend mit Heinz Holliger und Emmanuel Pahud [&hellip;]<\/p>\n","protected":false},"author":2,"featured_media":0,"parent":0,"menu_order":0,"comment_status":"closed","ping_status":"closed","template":"","meta":{"_monsterinsights_skip_tracking":false,"_monsterinsights_sitenote_active":false,"_monsterinsights_sitenote_note":"","_monsterinsights_sitenote_category":0,"footnotes":""},"class_list":["post-9320","page","type-page","status-publish","hentry"],"_links":{"self":[{"href":"https:\/\/swisschamberconcerts.ch\/de\/wp-json\/wp\/v2\/pages\/9320","targetHints":{"allow":["GET"]}}],"collection":[{"href":"https:\/\/swisschamberconcerts.ch\/de\/wp-json\/wp\/v2\/pages"}],"about":[{"href":"https:\/\/swisschamberconcerts.ch\/de\/wp-json\/wp\/v2\/types\/page"}],"author":[{"embeddable":true,"href":"https:\/\/swisschamberconcerts.ch\/de\/wp-json\/wp\/v2\/users\/2"}],"replies":[{"embeddable":true,"href":"https:\/\/swisschamberconcerts.ch\/de\/wp-json\/wp\/v2\/comments?post=9320"}],"version-history":[{"count":39,"href":"https:\/\/swisschamberconcerts.ch\/de\/wp-json\/wp\/v2\/pages\/9320\/revisions"}],"predecessor-version":[{"id":19822,"href":"https:\/\/swisschamberconcerts.ch\/de\/wp-json\/wp\/v2\/pages\/9320\/revisions\/19822"}],"wp:attachment":[{"href":"https:\/\/swisschamberconcerts.ch\/de\/wp-json\/wp\/v2\/media?parent=9320"}],"curies":[{"name":"wp","href":"https:\/\/api.w.org\/{rel}","templated":true}]}}