{"id":9900,"date":"2016-03-10T10:48:58","date_gmt":"2016-03-10T09:48:58","guid":{"rendered":"https:\/\/2022.swisschamberconcerts.ch\/de\/?page_id=9900"},"modified":"2022-07-21T22:29:04","modified_gmt":"2022-07-21T21:29:04","slug":"kontakt-zuerich","status":"publish","type":"page","link":"https:\/\/swisschamberconcerts.ch\/de\/kontakt-zuerich\/","title":{"rendered":"Kontakt Z\u00fcrich"},"content":{"rendered":"<div class=\"wpb-content-wrapper\"><p>[vc_row][vc_column][vc_row_inner][vc_column_inner width=&#8220;1\/2&#8243;]\n<div class=\"wpcf7 no-js\" id=\"wpcf7-f1253-o1\" lang=\"en-US\" dir=\"ltr\" data-wpcf7-id=\"1253\">\n<div class=\"screen-reader-response\"><p role=\"status\" aria-live=\"polite\" aria-atomic=\"true\"><\/p> <ul><\/ul><\/div>\n<form action=\"\/de\/wp-json\/wp\/v2\/pages\/9900#wpcf7-f1253-o1\" method=\"post\" class=\"wpcf7-form init\" aria-label=\"Contact form\" novalidate=\"novalidate\" data-status=\"init\">\n<fieldset class=\"hidden-fields-container\"><input type=\"hidden\" name=\"_wpcf7\" value=\"1253\" \/><input type=\"hidden\" name=\"_wpcf7_version\" value=\"6.1.5\" \/><input type=\"hidden\" name=\"_wpcf7_locale\" value=\"en_US\" \/><input type=\"hidden\" name=\"_wpcf7_unit_tag\" value=\"wpcf7-f1253-o1\" \/><input type=\"hidden\" name=\"_wpcf7_container_post\" value=\"0\" \/><input type=\"hidden\" name=\"_wpcf7_posted_data_hash\" value=\"\" \/>\n<\/fieldset>\n<div id=\"contact\">\n<div class=\"wpcf7-response-output\" aria-hidden=\"true\"><\/div>\n\t<p><label for=\"name\">Name<\/label><br \/>\n<span class=\"wpcf7-form-control-wrap\" data-name=\"your-name\"><input size=\"40\" maxlength=\"400\" class=\"wpcf7-form-control wpcf7-text\" id=\"name\" aria-invalid=\"false\" value=\"\" type=\"text\" name=\"your-name\" \/><\/span>\n\t<\/p>\n\t<p><label for=\"email\">E-Mail-Adresse<\/label><br \/>\n<span class=\"wpcf7-form-control-wrap\" data-name=\"your-email\"><input size=\"40\" maxlength=\"400\" class=\"wpcf7-form-control wpcf7-email wpcf7-validates-as-required wpcf7-text wpcf7-validates-as-email\" id=\"email\" aria-required=\"true\" aria-invalid=\"false\" value=\"\" type=\"email\" name=\"your-email\" \/><\/span>\n\t<\/p>\n\t<p><label for=\"subject\">Betreff<\/label><br \/>\n<span class=\"wpcf7-form-control-wrap\" data-name=\"your-subject\"><input size=\"40\" maxlength=\"400\" class=\"wpcf7-form-control wpcf7-text\" id=\"subject\" aria-invalid=\"false\" value=\"\" type=\"text\" name=\"your-subject\" \/><\/span>\n\t<\/p>\n\t<p><label for=\"message\">Nachricht <\/label><br \/>\n<span class=\"wpcf7-form-control-wrap\" data-name=\"your-message\"><textarea cols=\"40\" rows=\"10\" maxlength=\"2000\" class=\"wpcf7-form-control wpcf7-textarea\" id=\"message\" aria-invalid=\"false\" name=\"your-message\"><\/textarea><\/span>\n\t<\/p>\n\t<p><label for=\"formquiz\">Bitte geben Sie das Ergebnis der folgenden Operation ein<\/label><br \/>\n<span class=\"wpcf7-form-control-wrap\" data-name=\"your-quiz\"><label><span class=\"wpcf7-quiz-label\">1+1 =<\/span> <input size=\"10\" class=\"wpcf7-form-control wpcf7-quiz\" id=\"formquiz\" autocomplete=\"off\" aria-required=\"true\" aria-invalid=\"false\" type=\"text\" name=\"your-quiz\" \/><\/label><input type=\"hidden\" name=\"_wpcf7_quiz_answer_your-quiz\" value=\"314e817bd52980f900cc0b4b33fc7649\" \/><\/span>\n\t<\/p>\n<div class=\"wpcf7-response-output\" aria-hidden=\"true\"><\/div>\n\t<p><input class=\"wpcf7-form-control wpcf7-submit has-spinner\" type=\"submit\" value=\"Senden\" \/>\n\t<\/p>\n<\/div>\n<\/form>\n<\/div>\n[\/vc_column_inner][vc_column_inner width=&#8220;1\/2&#8243;][vc_column_text]<\/p>\n<h2>Auskunft<\/h2>\n<hr \/>\n<p>&nbsp;<\/p>\n<p><strong>\u00a0<\/strong>SCC Z\u00fcrich<br \/>\nK\u00fcnstlersekretariat Barbara Golan<br \/>\nStettbachstrasse 131h<br \/>\n8051 Z\u00fcrich<\/p>\n<p>E-Mail\u00a0: <a href=\"mailto:golan@bluewin.ch\">golan@bluewin.ch<\/a><br \/>\nTelefon : +41 44 322 07 04<br \/>\nFax : +41 44 322 07 24[\/vc_column_text][vc_btn title=&#8220;Reservierung&#8220; link=&#8220;url:https%3A%2F%2F2022.swisschamberconcerts.ch%2Ffr%2Fbillets-abonnements-zurich%2F|title:Billetterie%20Z%C3%BCrich|&#8220;][\/vc_column_inner][\/vc_row_inner][\/vc_column][\/vc_row]<\/p>\n<\/div>","protected":false},"excerpt":{"rendered":"<p>[vc_row][vc_column][vc_row_inner][vc_column_inner width=&#8220;1\/2&#8243;][\/vc_column_inner][vc_column_inner width=&#8220;1\/2&#8243;][vc_column_text] Auskunft &nbsp; \u00a0SCC Z\u00fcrich K\u00fcnstlersekretariat Barbara Golan Stettbachstrasse 131h 8051 Z\u00fcrich E-Mail\u00a0: golan@bluewin.ch Telefon : +41 44 322 07 04 Fax : +41 44 322 07 24[\/vc_column_text][vc_btn title=&#8220;Reservierung&#8220; link=&#8220;url:https%3A%2F%2F2022.swisschamberconcerts.ch%2Ffr%2Fbillets-abonnements-zurich%2F|title:Billetterie%20Z%C3%BCrich|&#8220;][\/vc_column_inner][\/vc_row_inner][\/vc_column][\/vc_row]<\/p>\n","protected":false},"author":1,"featured_media":0,"parent":0,"menu_order":0,"comment_status":"closed","ping_status":"closed","template":"","meta":{"_monsterinsights_skip_tracking":false,"_monsterinsights_sitenote_active":false,"_monsterinsights_sitenote_note":"","_monsterinsights_sitenote_category":0,"footnotes":""},"class_list":["post-9900","page","type-page","status-publish","hentry"],"_links":{"self":[{"href":"https:\/\/swisschamberconcerts.ch\/de\/wp-json\/wp\/v2\/pages\/9900","targetHints":{"allow":["GET"]}}],"collection":[{"href":"https:\/\/swisschamberconcerts.ch\/de\/wp-json\/wp\/v2\/pages"}],"about":[{"href":"https:\/\/swisschamberconcerts.ch\/de\/wp-json\/wp\/v2\/types\/page"}],"author":[{"embeddable":true,"href":"https:\/\/swisschamberconcerts.ch\/de\/wp-json\/wp\/v2\/users\/1"}],"replies":[{"embeddable":true,"href":"https:\/\/swisschamberconcerts.ch\/de\/wp-json\/wp\/v2\/comments?post=9900"}],"version-history":[{"count":5,"href":"https:\/\/swisschamberconcerts.ch\/de\/wp-json\/wp\/v2\/pages\/9900\/revisions"}],"predecessor-version":[{"id":15889,"href":"https:\/\/swisschamberconcerts.ch\/de\/wp-json\/wp\/v2\/pages\/9900\/revisions\/15889"}],"wp:attachment":[{"href":"https:\/\/swisschamberconcerts.ch\/de\/wp-json\/wp\/v2\/media?parent=9900"}],"curies":[{"name":"wp","href":"https:\/\/api.w.org\/{rel}","templated":true}]}}