{"id":10090,"date":"2016-03-17T09:57:07","date_gmt":"2016-03-17T08:57:07","guid":{"rendered":"https:\/\/2022.swisschamberconcerts.ch\/fr\/partner-und-goenner-zuerich\/"},"modified":"2024-10-04T10:31:47","modified_gmt":"2024-10-04T09:31:47","slug":"partner-und-goenner-zuerich","status":"publish","type":"page","link":"https:\/\/swisschamberconcerts.ch\/fr\/partner-und-goenner-zuerich\/","title":{"rendered":"Partenaires et amis | Z\u00fcrich"},"content":{"rendered":"<div class=\"wpb-content-wrapper\"><p>[vc_row][vc_column][vc_column_text]<\/p>\n<h2>F\u00d6RDERKREIS SWISS CHAMBER CONCERTS<strong>\u00a0<\/strong><\/h2>\n<p>Um der Kammermusik den Stellenwert zu bewahren, den er verdient, gibt es den F\u00f6rderkreis Swiss Chamber Concerts, der die Konzerte, CD-Produktionen und Tourneen sowie Kammermusik- und Meisterkurse der Swiss Chamber Concerts seit vielen Jahren unterst\u00fctzt. Der G\u00f6nnerverein leistet neben der finanziellen Unterst\u00fctzung auch die M\u00f6glichkeit f\u00fcr den regelm\u00e4ssigen Austausch zwischen K\u00fcnstlerinnen, K\u00fcnstlern und Publikum. Bei privaten Anl\u00e4ssen, exklusiven Events sowie bei den Empf\u00e4ngen nach den Konzerten werden pers\u00f6nliche Kontakte gekn\u00fcpft und gepflegt, wobei die direkte Begegnung mit den Musikerinnen und Musikern der Swiss Chamber Concerts jeweils zu den besonderen Momenten unseres gemeinn\u00fctzigen und steuerbefreiten Vereins z\u00e4hlt. Zuwendungen an den F\u00f6rderkreis sind somit nach Massgabe der kantonalen Gesetze steuerlich absetzbar.<\/p>\n<p>Je nach Beitragsh\u00f6he erm\u00f6glicht Ihnen die Mitgliedschaft verschiedene Vorteile: Neben der M\u00f6glichkeit f\u00fcr den Bezug von Freikarten oder Freip\u00e4ssen erhalten die Mitglieder Einladungen zum Besuch von Proben und exklusiven Sonderveranstaltungen. Auf Wunsch k\u00f6nnen Partnerschaften auf der Website oder in den Programmheften namentlich genannt werden. Unsere Pr\u00e4sidentin Frau Kolb gibt Ihnen diesbez\u00fcglich gerne weitere Ausk\u00fcnfte oder bespricht mit Ihnen auch alternative Formen der Partizipation.<\/p>\n<p>\u00dcber Ihre Kontaktaufnahme freuen wir uns!<\/p>\n<p><strong>Die Pr\u00e4sidentin des F\u00f6rderkreises:<\/strong><br \/>\nFrau Ulrike Kolb<br \/>\nTel: +41 44 251 05 05 \/ +41 79 352 45 86<\/p>\n<p>kolb.traduction@gmail.com<\/p>\n<hr \/>\n<p>[\/vc_column_text][\/vc_column][\/vc_row][vc_row][vc_column][vc_column_text]<\/p>\n<h2>Zuwendungen an den \u00ab\u00a0F\u00f6rderkreis Swiss Chamber Concerts (Z\u00fcrich)\u00a0\u00bb :<\/h2>\n<p>E-Finance \u2013 Kontoinhaber\u00a0:<br \/>\nF\u00f6rderkreis Swiss Chamber Concerts<br \/>\nIBAN\u00a0: CH81 0020 6206 1575 8540 K<\/p>\n<p>WIR DANKEN UNSEREN G\u00d6NNERN.[\/vc_column_text][\/vc_column][\/vc_row][vc_row][vc_column][vc_column_text]<\/p>\n<hr \/>\n<p>[\/vc_column_text][\/vc_column][\/vc_row][vc_row u_row_style=\u00a0\u00bb0&Prime; u_row_paralax=\u00a0\u00bb0&Prime; u_row_scheme=\u00a0\u00bb0&Prime; css=\u00a0\u00bb.vc_custom_1458204649425{padding-top: 40px !important;}\u00a0\u00bb][vc_column][vc_column_text]<\/p>\n<h1 class=\"p1\">NOUS REMERCIONS :<\/h1>\n<hr \/>\n<p>[\/vc_column_text][\/vc_column][\/vc_row][vc_row][vc_column][vc_column_text]<\/p>\n\n\t\t<style type=\"text\/css\">\n\t\t\t#gallery-1 {\n\t\t\t\tmargin: auto;\n\t\t\t}\n\t\t\t#gallery-1 .gallery-item {\n\t\t\t\tfloat: left;\n\t\t\t\tmargin-top: 10px;\n\t\t\t\ttext-align: center;\n\t\t\t\twidth: 33%;\n\t\t\t}\n\t\t\t#gallery-1 img {\n\t\t\t\tborder: 2px solid #cfcfcf;\n\t\t\t}\n\t\t\t#gallery-1 .gallery-caption {\n\t\t\t\tmargin-left: 0;\n\t\t\t}\n\t\t\t\/* see gallery_shortcode() in wp-includes\/media.php *\/\n\t\t<\/style>\n\t\t<div id='gallery-1' class='gallery galleryid-10090 gallery-columns-3 gallery-size-medium'><dl class='gallery-item'>\n\t\t\t<dt class='gallery-icon landscape'>\n\t\t\t\t<img loading=\"lazy\" decoding=\"async\" width=\"300\" height=\"116\" src=\"https:\/\/swisschamberconcerts.ch\/wp-content\/uploads\/2016\/02\/sponsors-ZH-2013_08-300x116.png\" class=\"attachment-medium size-medium\" alt=\"\" srcset=\"https:\/\/swisschamberconcerts.ch\/wp-content\/uploads\/2016\/02\/sponsors-ZH-2013_08-300x116.png 300w, https:\/\/swisschamberconcerts.ch\/wp-content\/uploads\/2016\/02\/sponsors-ZH-2013_08-255x99.png 255w, https:\/\/swisschamberconcerts.ch\/wp-content\/uploads\/2016\/02\/sponsors-ZH-2013_08.png 405w\" sizes=\"auto, (max-width: 300px) 100vw, 300px\" \/>\n\t\t\t<\/dt><\/dl><dl class='gallery-item'>\n\t\t\t<dt class='gallery-icon landscape'>\n\t\t\t\t<img loading=\"lazy\" decoding=\"async\" width=\"300\" height=\"111\" src=\"https:\/\/swisschamberconcerts.ch\/wp-content\/uploads\/2016\/02\/sponsors-ZH-2013_05-300x111.png\" class=\"attachment-medium size-medium\" alt=\"\" srcset=\"https:\/\/swisschamberconcerts.ch\/wp-content\/uploads\/2016\/02\/sponsors-ZH-2013_05-300x111.png 300w, https:\/\/swisschamberconcerts.ch\/wp-content\/uploads\/2016\/02\/sponsors-ZH-2013_05-255x94.png 255w, https:\/\/swisschamberconcerts.ch\/wp-content\/uploads\/2016\/02\/sponsors-ZH-2013_05.png 425w\" sizes=\"auto, (max-width: 300px) 100vw, 300px\" \/>\n\t\t\t<\/dt><\/dl><dl class='gallery-item'>\n\t\t\t<dt class='gallery-icon landscape'>\n\t\t\t\t<img loading=\"lazy\" decoding=\"async\" width=\"300\" height=\"116\" src=\"https:\/\/swisschamberconcerts.ch\/wp-content\/uploads\/2016\/02\/sponsors-ZH-2013_02-300x116.png\" class=\"attachment-medium size-medium\" alt=\"\" srcset=\"https:\/\/swisschamberconcerts.ch\/wp-content\/uploads\/2016\/02\/sponsors-ZH-2013_02-300x116.png 300w, https:\/\/swisschamberconcerts.ch\/wp-content\/uploads\/2016\/02\/sponsors-ZH-2013_02-255x99.png 255w, https:\/\/swisschamberconcerts.ch\/wp-content\/uploads\/2016\/02\/sponsors-ZH-2013_02.jpg 405w\" sizes=\"auto, (max-width: 300px) 100vw, 300px\" \/>\n\t\t\t<\/dt><\/dl><br style=\"clear: both\" \/><dl class='gallery-item'>\n\t\t\t<dt class='gallery-icon landscape'>\n\t\t\t\t<img loading=\"lazy\" decoding=\"async\" width=\"75\" height=\"75\" src=\"https:\/\/swisschamberconcerts.ch\/wp-content\/uploads\/2019\/09\/suisa_standard_color_72dpi_1.jpg\" class=\"attachment-medium size-medium\" alt=\"\" srcset=\"https:\/\/swisschamberconcerts.ch\/wp-content\/uploads\/2019\/09\/suisa_standard_color_72dpi_1.jpg 75w, https:\/\/swisschamberconcerts.ch\/wp-content\/uploads\/2019\/09\/suisa_standard_color_72dpi_1-50x50.jpg 50w\" sizes=\"auto, (max-width: 75px) 100vw, 75px\" \/>\n\t\t\t<\/dt><\/dl><dl class='gallery-item'>\n\t\t\t<dt class='gallery-icon landscape'>\n\t\t\t\t<img loading=\"lazy\" decoding=\"async\" width=\"300\" height=\"111\" src=\"https:\/\/swisschamberconcerts.ch\/wp-content\/uploads\/2016\/02\/sponsors-ZH-2013_01-300x111.png\" class=\"attachment-medium size-medium\" alt=\"\" srcset=\"https:\/\/swisschamberconcerts.ch\/wp-content\/uploads\/2016\/02\/sponsors-ZH-2013_01-300x111.png 300w, https:\/\/swisschamberconcerts.ch\/wp-content\/uploads\/2016\/02\/sponsors-ZH-2013_01-255x94.png 255w, https:\/\/swisschamberconcerts.ch\/wp-content\/uploads\/2016\/02\/sponsors-ZH-2013_01.png 425w\" sizes=\"auto, (max-width: 300px) 100vw, 300px\" \/>\n\t\t\t<\/dt><\/dl><dl class='gallery-item'>\n\t\t\t<dt class='gallery-icon landscape'>\n\t\t\t\t<img loading=\"lazy\" decoding=\"async\" width=\"300\" height=\"116\" src=\"https:\/\/swisschamberconcerts.ch\/wp-content\/uploads\/2016\/02\/sponsors-ZH-2013_06-300x116-1.jpg\" class=\"attachment-medium size-medium\" alt=\"\" srcset=\"https:\/\/swisschamberconcerts.ch\/wp-content\/uploads\/2016\/02\/sponsors-ZH-2013_06-300x116-1.jpg 300w, https:\/\/swisschamberconcerts.ch\/wp-content\/uploads\/2016\/02\/sponsors-ZH-2013_06-255x99-1.jpg 255w, https:\/\/swisschamberconcerts.ch\/wp-content\/uploads\/2016\/02\/sponsors-ZH-2013_06.jpg 405w\" sizes=\"auto, (max-width: 300px) 100vw, 300px\" \/>\n\t\t\t<\/dt><\/dl><br style=\"clear: both\" \/>\n\t\t<\/div>\n\n<p>[\/vc_column_text][\/vc_column][\/vc_row]<\/p>\n<\/div>","protected":false},"excerpt":{"rendered":"<p>[vc_row][vc_column][vc_column_text] F\u00d6RDERKREIS SWISS CHAMBER CONCERTS\u00a0 Um der Kammermusik den Stellenwert zu bewahren, den er verdient, gibt es den F\u00f6rderkreis Swiss Chamber Concerts, der die Konzerte, CD-Produktionen und Tourneen sowie Kammermusik- und Meisterkurse der Swiss Chamber Concerts seit vielen Jahren unterst\u00fctzt. Der G\u00f6nnerverein leistet neben der finanziellen Unterst\u00fctzung auch die M\u00f6glichkeit f\u00fcr den regelm\u00e4ssigen Austausch zwischen [&hellip;]<\/p>\n","protected":false},"author":1,"featured_media":0,"parent":0,"menu_order":0,"comment_status":"closed","ping_status":"closed","template":"","meta":{"_monsterinsights_skip_tracking":false,"_monsterinsights_sitenote_active":false,"_monsterinsights_sitenote_note":"","_monsterinsights_sitenote_category":0,"footnotes":""},"class_list":["post-10090","page","type-page","status-publish","hentry"],"_links":{"self":[{"href":"https:\/\/swisschamberconcerts.ch\/fr\/wp-json\/wp\/v2\/pages\/10090","targetHints":{"allow":["GET"]}}],"collection":[{"href":"https:\/\/swisschamberconcerts.ch\/fr\/wp-json\/wp\/v2\/pages"}],"about":[{"href":"https:\/\/swisschamberconcerts.ch\/fr\/wp-json\/wp\/v2\/types\/page"}],"author":[{"embeddable":true,"href":"https:\/\/swisschamberconcerts.ch\/fr\/wp-json\/wp\/v2\/users\/1"}],"replies":[{"embeddable":true,"href":"https:\/\/swisschamberconcerts.ch\/fr\/wp-json\/wp\/v2\/comments?post=10090"}],"version-history":[{"count":7,"href":"https:\/\/swisschamberconcerts.ch\/fr\/wp-json\/wp\/v2\/pages\/10090\/revisions"}],"predecessor-version":[{"id":18635,"href":"https:\/\/swisschamberconcerts.ch\/fr\/wp-json\/wp\/v2\/pages\/10090\/revisions\/18635"}],"wp:attachment":[{"href":"https:\/\/swisschamberconcerts.ch\/fr\/wp-json\/wp\/v2\/media?parent=10090"}],"curies":[{"name":"wp","href":"https:\/\/api.w.org\/{rel}","templated":true}]}}