{"id":10291,"date":"2016-02-29T09:57:41","date_gmt":"2016-02-29T08:57:41","guid":{"rendered":"https:\/\/2022.swisschamberconcerts.ch\/fr\/wolfgang-amadeus-mozart-1756-1791music-with-winds-2\/"},"modified":"2019-08-23T17:50:51","modified_gmt":"2019-08-23T16:50:51","slug":"wolfgang-amadeus-mozart-1756-1791music-with-winds-2","status":"publish","type":"page","link":"https:\/\/swisschamberconcerts.ch\/fr\/wolfgang-amadeus-mozart-1756-1791music-with-winds-2\/","title":{"rendered":"MOZART &#8211; Music with Winds"},"content":{"rendered":"<div class=\"wpb-content-wrapper\"><p>[vc_row][vc_column width=\u00a0\u00bb2\/3&Prime;][vc_column_text]<img loading=\"lazy\" decoding=\"async\" class=\"alignright wp-image-7734 size-full\" title=\"couv-induuchlen-big\" src=\"https:\/\/2022.swisschamberconcerts.ch\/wp-content\/uploads\/2016\/03\/cd-mozart-music_with_winds.jpg\" alt=\"cd mozart - music with winds\" width=\"284\" height=\"300\" \/><\/p>\n<p><strong>Label:<\/strong> GENUIN classics<\/p>\n<h3>Swiss Chamber Soloists<\/h3>\n<ul>\n<li>Felix Renggli, Flute<\/li>\n<li>Heinz Holliger, Oboe<\/li>\n<li>Fran\u00e7ois Benda, Basset Clarinet<\/li>\n<li>Daria Zappa, Violin<\/li>\n<li>J\u00fcrg D\u00e4hler, Viola<\/li>\n<li>Daniel Haefliger, Cello<\/li>\n<\/ul>\n<p><strong>Flute Quartet No. 1 in D major, K. 285<\/strong><\/p>\n<ul>\n<li>01 Allegro<\/li>\n<li>02 Adagio<\/li>\n<li>03 Rondeau: Allegretto<\/li>\n<\/ul>\n<p><strong>Oboe Quartet in F major, K. 370 (K. 368b)<\/strong><\/p>\n<ul>\n<li>04 Allegro<\/li>\n<li>05 Adagio<\/li>\n<li>06 Adagio<\/li>\n<\/ul>\n<p><strong>Quintet in A major for Clarinet and Strings, K. 581<\/strong><\/p>\n<ul>\n<li>07 Allegro<\/li>\n<li>08 Larghetto<\/li>\n<li>09 Menuetto<\/li>\n<li>10 Allegretto con Variazioni<\/li>\n<\/ul>\n<p>[\/vc_column_text][\/vc_column][vc_column width=\u00a0\u00bb1\/3&Prime;][vc_wp_custommenu nav_menu=\u00a0\u00bb176&Prime; title=\u00a0\u00bbSwiss Chamber Soloists CD\u00a0\u00bb][\/vc_column][\/vc_row]<\/p>\n<\/div>","protected":false},"excerpt":{"rendered":"<p>[vc_row][vc_column width=\u00a0\u00bb2\/3&Prime;][vc_column_text] Label: GENUIN classics Swiss Chamber Soloists Felix Renggli, Flute Heinz Holliger, Oboe Fran\u00e7ois Benda, Basset Clarinet Daria Zappa, Violin J\u00fcrg D\u00e4hler, Viola Daniel Haefliger, Cello Flute Quartet No. 1 in D major, K. 285 01 Allegro 02 Adagio 03 Rondeau: Allegretto Oboe Quartet in F major, K. 370 (K. 368b) 04 Allegro 05 [&hellip;]<\/p>\n","protected":false},"author":2,"featured_media":0,"parent":0,"menu_order":0,"comment_status":"closed","ping_status":"closed","template":"","meta":{"_monsterinsights_skip_tracking":false,"_monsterinsights_sitenote_active":false,"_monsterinsights_sitenote_note":"","_monsterinsights_sitenote_category":0,"footnotes":""},"class_list":["post-10291","page","type-page","status-publish","hentry"],"_links":{"self":[{"href":"https:\/\/swisschamberconcerts.ch\/fr\/wp-json\/wp\/v2\/pages\/10291","targetHints":{"allow":["GET"]}}],"collection":[{"href":"https:\/\/swisschamberconcerts.ch\/fr\/wp-json\/wp\/v2\/pages"}],"about":[{"href":"https:\/\/swisschamberconcerts.ch\/fr\/wp-json\/wp\/v2\/types\/page"}],"author":[{"embeddable":true,"href":"https:\/\/swisschamberconcerts.ch\/fr\/wp-json\/wp\/v2\/users\/2"}],"replies":[{"embeddable":true,"href":"https:\/\/swisschamberconcerts.ch\/fr\/wp-json\/wp\/v2\/comments?post=10291"}],"version-history":[{"count":5,"href":"https:\/\/swisschamberconcerts.ch\/fr\/wp-json\/wp\/v2\/pages\/10291\/revisions"}],"predecessor-version":[{"id":13178,"href":"https:\/\/swisschamberconcerts.ch\/fr\/wp-json\/wp\/v2\/pages\/10291\/revisions\/13178"}],"wp:attachment":[{"href":"https:\/\/swisschamberconcerts.ch\/fr\/wp-json\/wp\/v2\/media?parent=10291"}],"curies":[{"name":"wp","href":"https:\/\/api.w.org\/{rel}","templated":true}]}}