{"id":10294,"date":"2016-02-29T10:13:43","date_gmt":"2016-02-29T09:13:43","guid":{"rendered":"https:\/\/2022.swisschamberconcerts.ch\/fr\/heinz-holliger-romancendres-feuerwerklein-chaconne-partita-2\/"},"modified":"2019-08-07T13:45:53","modified_gmt":"2019-08-07T12:45:53","slug":"heinz-holliger-romancendres-feuerwerklein-chaconne-partita-2","status":"publish","type":"page","link":"https:\/\/swisschamberconcerts.ch\/fr\/heinz-holliger-romancendres-feuerwerklein-chaconne-partita-2\/","title":{"rendered":"HOLLIGER &#8211; Cello &#038; Piano"},"content":{"rendered":"<div class=\"wpb-content-wrapper\"><p>[vc_row][vc_column width=\u00a0\u00bb2\/3&Prime;][vc_column_text]<img loading=\"lazy\" decoding=\"async\" class=\"alignright wp-image-7712 size-full\" title=\"couv-induuchlen-big\" src=\"https:\/\/2022.swisschamberconcerts.ch\/wp-content\/uploads\/2016\/03\/cd-holliger-romancendres.jpg\" alt=\"cd - holliger - romancendres\" width=\"284\" height=\"300\" \/><\/p>\n<p><strong>Label:<\/strong> GENUIN classics<\/p>\n<h2>Swiss Chamber Soloists<\/h2>\n<ul>\n<li><strong>Daniel Haefliger<\/strong>, Cello<\/li>\n<li><strong>Gilles Vonsatel<\/strong>, Piano<\/li>\n<\/ul>\n<p><strong>Romancendres for cello and piano (2003)<\/strong><\/p>\n<ul>\n<li>01 Kondukt I (C.S.-R.S.)<\/li>\n<li>02 Aurora (Nachts)<\/li>\n<li>03 R(asche)S Fl\u00fcgelschlagen<\/li>\n<li>04 Der W\u00fcrgengel der Gegenwart<\/li>\n<li>05 heiter bewegt (Es wehet ein Schatten darin)<\/li>\n<li>06 Kondukt II (Der bleiche Engel der Zukunft)<\/li>\n<\/ul>\n<p><strong>Feuerwerklein zum \u201cquatorze juillet\u201d for piano solo (2012)<\/strong><\/p>\n<ul>\n<li>07<\/li>\n<\/ul>\n<p><strong>Chaconne for cello solo (1975)<\/strong><\/p>\n<ul>\n<li>08<\/li>\n<\/ul>\n<p><strong>Partita for piano solo (1999)<\/strong><\/p>\n<ul>\n<li>09 Praeludium (\u201eInnere Stimme\u201c)<\/li>\n<li>10 Fuga<\/li>\n<li>11 Barcarola<\/li>\n<li>12 Sphynxen f\u00fcr Sch. (Intermezzo I)<\/li>\n<li>13 Petit \u201eCs\u00e1rd\u00e1s obstin\u00e9\u201c<\/li>\n<li>14 Sphynxen f\u00fcr Sch. (Intermezzo II)<\/li>\n<li>15 Ciaconna monoritmica<\/li>\n<\/ul>\n<p>[\/vc_column_text][\/vc_column][vc_column width=\u00a0\u00bb1\/3&Prime;][vc_wp_custommenu nav_menu=\u00a0\u00bb176&Prime; title=\u00a0\u00bbSwiss Chamber Soloists CD\u00a0\u00bb][\/vc_column][\/vc_row]<\/p>\n<\/div>","protected":false},"excerpt":{"rendered":"<p>[vc_row][vc_column width=\u00a0\u00bb2\/3&Prime;][vc_column_text] Label: GENUIN classics Swiss Chamber Soloists Daniel Haefliger, Cello Gilles Vonsatel, Piano Romancendres for cello and piano (2003) 01 Kondukt I (C.S.-R.S.) 02 Aurora (Nachts) 03 R(asche)S Fl\u00fcgelschlagen 04 Der W\u00fcrgengel der Gegenwart 05 heiter bewegt (Es wehet ein Schatten darin) 06 Kondukt II (Der bleiche Engel der Zukunft) Feuerwerklein zum \u201cquatorze juillet\u201d [&hellip;]<\/p>\n","protected":false},"author":2,"featured_media":0,"parent":0,"menu_order":0,"comment_status":"closed","ping_status":"closed","template":"","meta":{"_monsterinsights_skip_tracking":false,"_monsterinsights_sitenote_active":false,"_monsterinsights_sitenote_note":"","_monsterinsights_sitenote_category":0,"footnotes":""},"class_list":["post-10294","page","type-page","status-publish","hentry"],"_links":{"self":[{"href":"https:\/\/swisschamberconcerts.ch\/fr\/wp-json\/wp\/v2\/pages\/10294","targetHints":{"allow":["GET"]}}],"collection":[{"href":"https:\/\/swisschamberconcerts.ch\/fr\/wp-json\/wp\/v2\/pages"}],"about":[{"href":"https:\/\/swisschamberconcerts.ch\/fr\/wp-json\/wp\/v2\/types\/page"}],"author":[{"embeddable":true,"href":"https:\/\/swisschamberconcerts.ch\/fr\/wp-json\/wp\/v2\/users\/2"}],"replies":[{"embeddable":true,"href":"https:\/\/swisschamberconcerts.ch\/fr\/wp-json\/wp\/v2\/comments?post=10294"}],"version-history":[{"count":3,"href":"https:\/\/swisschamberconcerts.ch\/fr\/wp-json\/wp\/v2\/pages\/10294\/revisions"}],"predecessor-version":[{"id":12943,"href":"https:\/\/swisschamberconcerts.ch\/fr\/wp-json\/wp\/v2\/pages\/10294\/revisions\/12943"}],"wp:attachment":[{"href":"https:\/\/swisschamberconcerts.ch\/fr\/wp-json\/wp\/v2\/media?parent=10294"}],"curies":[{"name":"wp","href":"https:\/\/api.w.org\/{rel}","templated":true}]}}