{"id":8081,"date":"2016-02-01T15:45:45","date_gmt":"2016-02-01T14:45:45","guid":{"rendered":"https:\/\/2022.swisschamberconcerts.ch\/?page_id=8081&#038;lang=fr"},"modified":"2020-07-14T07:52:18","modified_gmt":"2020-07-14T06:52:18","slug":"plateforme-permanente-de-musique-de-chambre","status":"publish","type":"page","link":"https:\/\/swisschamberconcerts.ch\/fr\/plateforme-permanente-de-musique-de-chambre\/","title":{"rendered":"Nos activit\u00e9s"},"content":{"rendered":"<div class=\"wpb-content-wrapper\"><p>[vc_row][vc_column][vc_column_text]<\/p>\n<h3><strong>SWISS CHAMBER CONCERTS<\/strong><\/h3>\n<h4 style=\"text-align: justify;\">Au tournant du si\u00e8cle, pour la premi\u00e8re fois dans l\u2019histoire de la Suisse, l\u2019id\u00e9e de cr\u00e9er un projet musical \u00e0 l\u2019\u00e9chelle du pays est enfin devenue r\u00e9alit\u00e9. Sous la direction de\u00a0<a style=\"color: #000000;\" href=\"https:\/\/2022.swisschamberconcerts.ch\/fr\/soloists\/daniel-haefliger\/\">Daniel Haefliger<\/a>\u00a0(Gen\u00e8ve), <a style=\"color: #000000;\" href=\"https:\/\/2022.swisschamberconcerts.ch\/fr\/soloists\/juerg-daehler\/\">J\u00fcrg D\u00e4hler<\/a>\u00a0(Zurich)\u00a0et\u00a0<a style=\"color: #000000;\" href=\"https:\/\/2022.swisschamberconcerts.ch\/fr\/soloists\/felix-renggli\/\">Felix Renggli<\/a>\u00a0(B\u00e2le), la s\u00e9rie des <strong>Swiss Chamber Concerts<\/strong> a \u00e9t\u00e9 fond\u00e9e en 1999, permettant pour la premi\u00e8re fois la r\u00e9alisation d\u2019un cycle commun de concerts \u00e0 B\u00e2le, Gen\u00e8ve, Lugano et Zurich. Gr\u00e2ce \u00e0 des propositions de programmes innovantes et \u00e0 des interpr\u00e9tations de premier ordre, les\u00a0Swiss Chamber Concerts\u00a0sont devenus en peu de temps un acteur culturel incontournable de la sc\u00e8ne musicale. La programmation explore l\u2019immensit\u00e9 du corpus de la musique de chambre sous toutes ses formes. La cr\u00e9ation est aussi au centre des pr\u00e9occupations des trois directeurs artistiques qui ont, par des commandes r\u00e9guli\u00e8res aux compositeurs suisses notamment, contribu\u00e9 de fa\u00e7on marquante \u00e0 l\u2019\u00e9largissement de ce r\u00e9pertoire.<\/h4>\n<h3><strong>SWISS CHAMBER SOLOISTS<\/strong><\/h3>\n<h4 style=\"text-align: justify;\">En m\u00eame temps que la structure nationale des Swiss Chamber Concerts se mettait en place, une nouvelle formation \u00e0 g\u00e9om\u00e9trie variable rassemblant les meilleurs interpr\u00e8tes du pays a vu le jour: les <strong>Swiss Chamber Soloists<\/strong>. L\u2019ensemble s\u2019est rapidement fait une place de premier ordre sur le plan national et international. Nombreux sont les interpr\u00e8tes de renoms \u00e0 avoir particip\u00e9 \u00e0 ses programmes, comme Heinz Holliger, Thomas Zehetmair, Christophe Coin, Christoph et Julian Pr\u00e9gardien, Patricia Kopatchinskaja, Ilya Gringolts, Lawrence Power et bien d\u2019autres encore. Le r\u00e9pertoire des Swiss Chamber Soloists s\u2019\u00e9tend de la p\u00e9riode baroque \u2013 interpr\u00e9t\u00e9e sur instruments d\u2019\u00e9poque \u2013 \u00e0 la musique moderne. L\u2019ensemble a assur\u00e9 une multitude de cr\u00e9ations d&rsquo;oeuvres qui lui sont pour la plupart d\u00e9di\u00e9es. D\u00e8s l\u2019ann\u00e9e de sa naissance, les Swiss Chamber Soloists ont donn\u00e9 des concerts dans toute l\u2019Europe, en Asie, en Australie et au Japon. D\u2019innombrables critiques et enregistrements radio et CD attestent de l\u2019excellence de leur r\u00e9putation.<\/h4>\n<h3><strong>SWISS CHAMBER ACADEMY<\/strong><\/h3>\n<h4 style=\"text-align: justify;\">SCC d\u00e9sire aussi soutenir la rel\u00e8ve sous toutes ses formes. Ainsi, la formation et l\u2019insertion professionnelle des jeunes musiciens leur tient particuli\u00e8rement \u00e0 c\u0153ur. C\u2019est pourquoi Daniel Haefliger a fond\u00e9 la <strong>Swiss Chamber Academy<\/strong>, lieu d\u2019un intense travail d\u2019enseignement et d\u2019\u00e9change. Depuis sa cr\u00e9ation en 2014, les plus grands artistes de la discipline y ont enseign\u00e9: Rainer Schmidt du Quatuor Hagen, Ruth Killius et Thomas Zehetmair du Quatuor Zehetmair, Hatto Beyerle du Quatuor Alban Berg ou encore le chef d&rsquo;orchestre, hautbo\u00efste et compositeur Heinz Holliger.<br \/>\nDor\u00e9navant, l\u2019Acad\u00e9mie s\u2019\u00e9largit triplement : par plusieurs sessions d&rsquo;enseignement durant l\u2019ann\u00e9e acad\u00e9mique, par l\u2019intervention de grands musiciens autre que des quartettistes et par le renforcement d\u2019un r\u00e9seau europ\u00e9en.<\/h4>\n<h3><strong>SWISS CHAMBER CAMERATA<\/strong><\/h3>\n<h4 style=\"text-align: justify;\">Le succ\u00e8s de l\u2019Acad\u00e9mie et les liens tiss\u00e9s lors des diff\u00e9rentes \u00e9ditions ont suscit\u00e9 la cr\u00e9ation d\u2019une nouvelle <strong>Camerata<\/strong> qui s\u2019adresse aux jeunes professionnels de toute la Suisse. Son but est d\u2019\u00e9tablir un dialogue riche et approfondi entre les g\u00e9n\u00e9rations en associant lors d\u2019un m\u00eame concert les meilleurs \u00e9tudiants postgrades avec des artistes mondialement reconnus. Ce nouvel ensemble permet ainsi aux musiciens prometteurs d\u2019acqu\u00e9rir une exp\u00e9rience unique aupr\u00e8s des grands ma\u00eetres et vise des r\u00e9alisations musicales du plus haut niveau. Il sert en outre de tremplin \u00e0 leur future carri\u00e8re en les valorisant et en les faisant conna\u00eetre par le r\u00e9seau national de concerts des SCC.<\/h4>\n<h3><strong>COMMANDES ET CREATIONS MONDIALES<\/strong><\/h3>\n<h4 style=\"text-align: justify;\">Les fondateurs des Swiss Chamber Concerts ont mis un point d\u2019honneur \u00e0 offrir \u00e0 la musique de notre temps un large espace. En vingt ann\u00e9es, presque 200 \u0153uvres auront ainsi \u00e9t\u00e9 cr\u00e9\u00e9es et diffus\u00e9es lors de plus de 650 concerts en Suisse, en Europe, au Japon ou encore en Australie. Une place particuli\u00e8re a \u00e9t\u00e9 donn\u00e9e aux ex\u00e9cutions d\u2019oeuvres de compositeurs comme Birtwistle, Carter, Ferneyhough, Gervasoni, Kurt\u00e1g, L\u00edgeti, Yun ou Zehnder, de m\u00eame qu\u2019\u00e0 la <strong>commande<\/strong> et \u00e0 la <strong>cr\u00e9ation<\/strong> d\u2019oeuvres de compositeurs suisses tels Blank, Dayer, Dubugnon, Furrer-M\u00fcnch, Gaudibert, Glaus, Gubler, Haubensak, Hefti, Holliger, K\u00e4ser, Kelterborn, Kessler, Kyburz, Lehmann, Moser, Rosenberger, Roth, Schlumpf, Schnyder, Skrzypczak, Tognetti, Wyttenbach, Vassena ou Zimmerlin. SCC a ainsi significativement contribu\u00e9 \u00e0 \u00e9largir le r\u00e9pertoire de musique de chambre en Suisse. Contrairement \u00e0 une situation largement r\u00e9pandue, o\u00f9 une nouvelle \u0153uvre n&rsquo;est interpr\u00e9t\u00e9e qu&rsquo;une seule fois, la structure des SCC permet une large diffusion nationale. Les cr\u00e9ations font en outre l\u2019objet d\u2019enregistrements radio ou de CDs diffus\u00e9s par l\u2019ensemble des institutions radiophoniques suisses.<\/h4>\n<p>[\/vc_column_text][\/vc_column][\/vc_row][vc_row][vc_column][vc_btn title=\u00a0\u00bbSwiss Chamber Concerts, un laboratoire de musique de chambre contemporaine\u00a0\u00bb align=\u00a0\u00bbcenter\u00a0\u00bb css_animation=\u00a0\u00bbtop-to-bottom\u00a0\u00bb link=\u00a0\u00bburl:https%3A%2F%2F2022.swisschamberconcerts.ch%2Ffr%2Flaboratoire-de-musique-de-chambre-contemporaine%2F||\u00a0\u00bb][\/vc_column][\/vc_row]<\/p>\n<\/div>","protected":false},"excerpt":{"rendered":"<p>[vc_row][vc_column][vc_column_text] SWISS CHAMBER CONCERTS Au tournant du si\u00e8cle, pour la premi\u00e8re fois dans l\u2019histoire de la Suisse, l\u2019id\u00e9e de cr\u00e9er un projet musical \u00e0 l\u2019\u00e9chelle du pays est enfin devenue r\u00e9alit\u00e9. Sous la direction de\u00a0Daniel Haefliger\u00a0(Gen\u00e8ve), J\u00fcrg D\u00e4hler\u00a0(Zurich)\u00a0et\u00a0Felix Renggli\u00a0(B\u00e2le), la s\u00e9rie des Swiss Chamber Concerts a \u00e9t\u00e9 fond\u00e9e en 1999, permettant pour la premi\u00e8re fois [&hellip;]<\/p>\n","protected":false},"author":1,"featured_media":0,"parent":0,"menu_order":0,"comment_status":"closed","ping_status":"closed","template":"","meta":{"_monsterinsights_skip_tracking":false,"_monsterinsights_sitenote_active":false,"_monsterinsights_sitenote_note":"","_monsterinsights_sitenote_category":0,"footnotes":""},"class_list":["post-8081","page","type-page","status-publish","hentry"],"_links":{"self":[{"href":"https:\/\/swisschamberconcerts.ch\/fr\/wp-json\/wp\/v2\/pages\/8081","targetHints":{"allow":["GET"]}}],"collection":[{"href":"https:\/\/swisschamberconcerts.ch\/fr\/wp-json\/wp\/v2\/pages"}],"about":[{"href":"https:\/\/swisschamberconcerts.ch\/fr\/wp-json\/wp\/v2\/types\/page"}],"author":[{"embeddable":true,"href":"https:\/\/swisschamberconcerts.ch\/fr\/wp-json\/wp\/v2\/users\/1"}],"replies":[{"embeddable":true,"href":"https:\/\/swisschamberconcerts.ch\/fr\/wp-json\/wp\/v2\/comments?post=8081"}],"version-history":[{"count":55,"href":"https:\/\/swisschamberconcerts.ch\/fr\/wp-json\/wp\/v2\/pages\/8081\/revisions"}],"predecessor-version":[{"id":14066,"href":"https:\/\/swisschamberconcerts.ch\/fr\/wp-json\/wp\/v2\/pages\/8081\/revisions\/14066"}],"wp:attachment":[{"href":"https:\/\/swisschamberconcerts.ch\/fr\/wp-json\/wp\/v2\/media?parent=8081"}],"curies":[{"name":"wp","href":"https:\/\/api.w.org\/{rel}","templated":true}]}}