{"id":8277,"date":"2016-02-02T16:00:22","date_gmt":"2016-02-02T15:00:22","guid":{"rendered":"https:\/\/2022.swisschamberconcerts.ch\/?page_id=8277&#038;lang=fr"},"modified":"2025-09-15T13:56:45","modified_gmt":"2025-09-15T12:56:45","slug":"billets-abonnements-bale","status":"publish","type":"page","link":"https:\/\/swisschamberconcerts.ch\/fr\/billets-abonnements-bale\/","title":{"rendered":"B\u00e2le \u2013 Billets \/ Abonnements"},"content":{"rendered":"<div class=\"wpb-content-wrapper\"><p>[vc_row][vc_column width=\u00a0\u00bb2\/3&Prime;][vc_column_text]<\/p>\n<h2>TARIFS POUR LA SAISON 2025\/2026<\/h2>\n<p><strong>BILLETS<\/strong><br \/>\nPlein tarif : CHF 35.-<br \/>\nTarif r\u00e9duit * : CHF 25.-<br \/>\nEtudiants** : CHF 10.-<\/p>\n<p><strong>ABONNEMENTS \u2013 4 concerts<\/strong><br \/>\nPlein tarif: CHF<br \/>\nTarif r\u00e9duit * : CHF<br \/>\nEtudiants** : CHF<br \/>\n* AVS \/ AI \/ ch\u00f4meurs<br \/>\n** Etudiants \/ Colourkey<\/p>\n<p>Les places ne sont pas num\u00e9rot\u00e9es. Les guichets sont ouverts une heure avant le d\u00e9but de chaque concert.<\/p>\n<p>[\/vc_column_text][vc_separator][vc_column_text]<\/p>\n<h2>INFORMATIONS &amp; RESERVATIONS<\/h2>\n<p>Contactez SCC Basel<\/p>\n<p><b>Xenia F\u00fcnfschilling<\/b><\/p>\n<p><a href=\"mailto:basel@swisschamberconcerts.ch\">basel@swisschamberconcerts.ch<\/a><\/p>\n<p>ou utilisez notre formulaire en ligne: [\/vc_column_text]\n<div class=\"wpcf7 no-js\" id=\"wpcf7-f8577-o1\" lang=\"en-US\" dir=\"ltr\" data-wpcf7-id=\"8577\">\n<div class=\"screen-reader-response\"><p role=\"status\" aria-live=\"polite\" aria-atomic=\"true\"><\/p> <ul><\/ul><\/div>\n<form action=\"\/fr\/wp-json\/wp\/v2\/pages\/8277#wpcf7-f8577-o1\" method=\"post\" class=\"wpcf7-form init\" aria-label=\"Contact form\" novalidate=\"novalidate\" data-status=\"init\">\n<fieldset class=\"hidden-fields-container\"><input type=\"hidden\" name=\"_wpcf7\" value=\"8577\" \/><input type=\"hidden\" name=\"_wpcf7_version\" value=\"6.1.5\" \/><input type=\"hidden\" name=\"_wpcf7_locale\" value=\"en_US\" \/><input type=\"hidden\" name=\"_wpcf7_unit_tag\" value=\"wpcf7-f8577-o1\" \/><input type=\"hidden\" name=\"_wpcf7_container_post\" value=\"0\" \/><input type=\"hidden\" name=\"_wpcf7_posted_data_hash\" value=\"\" \/>\n<\/fieldset>\n<div id=\"contact\">\n<div class=\"wpcf7-response-output\" aria-hidden=\"true\"><\/div>\n\t<p><label for=\"name\">Nom<\/label><br \/>\n<span class=\"wpcf7-form-control-wrap\" data-name=\"your-name\"><input size=\"40\" maxlength=\"400\" class=\"wpcf7-form-control wpcf7-text\" id=\"name\" aria-invalid=\"false\" value=\"\" type=\"text\" name=\"your-name\" \/><\/span>\n\t<\/p>\n\t<p><label for=\"email\">E-Mail<\/label><br \/>\n<span class=\"wpcf7-form-control-wrap\" data-name=\"your-email\"><input size=\"40\" maxlength=\"400\" class=\"wpcf7-form-control wpcf7-email wpcf7-validates-as-required wpcf7-text wpcf7-validates-as-email\" id=\"email\" aria-required=\"true\" aria-invalid=\"false\" value=\"\" type=\"email\" name=\"your-email\" \/><\/span>\n\t<\/p>\n\t<p><label for=\"subject\">Sujet<\/label><br \/>\n<span class=\"wpcf7-form-control-wrap\" data-name=\"your-subject\"><input size=\"40\" maxlength=\"400\" class=\"wpcf7-form-control wpcf7-text\" id=\"subject\" aria-invalid=\"false\" value=\"\" type=\"text\" name=\"your-subject\" \/><\/span>\n\t<\/p>\n\t<p><label for=\"message\">Message <\/label><br \/>\n<span class=\"wpcf7-form-control-wrap\" data-name=\"your-message\"><textarea cols=\"40\" rows=\"10\" maxlength=\"2000\" class=\"wpcf7-form-control wpcf7-textarea\" id=\"message\" aria-invalid=\"false\" name=\"your-message\"><\/textarea><\/span>\n\t<\/p>\n\t<p><label for=\"formquiz\">Veuillez \u00e9crire le r\u00e9sultat de l'op\u00e9ration suivante<\/label><br \/>\n<span class=\"wpcf7-form-control-wrap\" data-name=\"your-quiz\"><label><span class=\"wpcf7-quiz-label\">6+1 =<\/span> <input size=\"10\" class=\"wpcf7-form-control wpcf7-quiz\" id=\"formquiz\" autocomplete=\"off\" aria-required=\"true\" aria-invalid=\"false\" type=\"text\" name=\"your-quiz\" \/><\/label><input type=\"hidden\" name=\"_wpcf7_quiz_answer_your-quiz\" value=\"6fc724c220f8849cb8a7209c0287d450\" \/><\/span>\n\t<\/p>\n<div class=\"wpcf7-response-output\" aria-hidden=\"true\"><\/div>\n\t<p><input class=\"wpcf7-form-control wpcf7-submit has-spinner\" type=\"submit\" value=\"Envoyer\" \/>\n\t<\/p>\n<\/div>\n<\/form>\n<\/div>\n[\/vc_column][vc_column width=\u00a0\u00bb1\/3&Prime;][vc_column_text]<\/p>\n<h2>SALLES DE CONCERT<\/h2>\n<p><a href=\"https:\/\/goo.gl\/maps\/rtojD4fETHGJUVqL9\" target=\"_blank\" rel=\"noopener\"><br \/>\n<strong>Grosser Saal der Musik-Akademie<\/strong><br \/>\nLeonhardsstrasse 6<br \/>\n4051 Basel<br \/>\n<img loading=\"lazy\" decoding=\"async\" class=\"alignnone size-thumbnail wp-image-8958\" src=\"https:\/\/2022.swisschamberconcerts.ch\/wp-content\/uploads\/2021\/02\/Grosser-Saal-der-Musikakademie-Basel.jpeg\" alt=\"bs1\" width=\"150\" height=\"150\" \/><br \/>\n<\/a><\/p>\n<p><a href=\"https:\/\/maps.app.goo.gl\/vWi1b5Xh4xyZNUQq7\" target=\"_blank\" rel=\"noopener\"><br \/>\n<strong>Gare du Nord \u2013 Bahnhof f\u00fcr Neue Musik<\/strong><br \/>\nSchwarzwaldallee 200<br \/>\n4058 Basel<br \/>\n<img loading=\"lazy\" decoding=\"async\" class=\"alignnone size-thumbnail wp-image-8958\" src=\"https:\/\/swisschamberconcerts.ch\/wp-content\/uploads\/2023\/09\/Bale-Gare-du-Nord.png\" alt=\"bs1\" width=\"150\" height=\"150\" \/><br \/>\n<\/a><\/p>\n<p><a href=\"https:\/\/maps.app.goo.gl\/Jh4DxBNLg3EtK4wN7\" target=\"_blank\" rel=\"noopener\"><br \/>\n<strong>Kirche St. Margarethen<\/strong><br \/>\nFriedhofstrasse<br \/>\n4102 Binningen<br \/>\n<img loading=\"lazy\" decoding=\"async\" class=\"alignnone size-thumbnail wp-image-8958\" src=\"https:\/\/2022.swisschamberconcerts.ch\/wp-content\/uploads\/2021\/09\/st-margarethen-Kirche.jpg\" alt=\"bs1\" width=\"150\" height=\"150\" \/><\/a><\/p>\n<p><a href=\"https:\/\/maps.app.goo.gl\/Jh4DxBNLg3EtK4wN7\" target=\"_blank\" rel=\"noopener\"><strong>Pauluskirche<\/strong><br \/>\n<span class=\"LrzXr\">Steinenring 20<\/span><br \/>\n<span class=\"LrzXr\">4051 Basel<\/span><br \/>\n<img loading=\"lazy\" decoding=\"async\" class=\"alignnone wp-image-19880 \" src=\"https:\/\/swisschamberconcerts.ch\/wp-content\/uploads\/2025\/09\/Pauluskirche_Basel.jpeg\" alt=\"\" width=\"150\" height=\"158\" \/><\/a><\/p>\n<p><!--\n\n<a href=\"https:\/\/maps.app.goo.gl\/9jB7xj6hu6UqsTSE8\" target=\"_blank\" rel=\"noopener\">\n<strong>Pauluskirche<\/strong>\nSteinenring 20\n4051 Basel\n<img loading=\"lazy\" decoding=\"async\" class=\"alignnone size-thumbnail wp-image-8958\" src=\"https:\/\/swisschamberconcerts.ch\/wp-content\/uploads\/2022\/07\/Pauluskirche-basel.jpg\" alt=\"bs1\" width=\"150\" height=\"150\" \/>\n<\/a>\n\n&nbsp;\n\n<a href=\"https:\/\/goo.gl\/maps\/nNvAaYRsK7TxnDfJA\" target=\"_blank\" rel=\"noopener\">\n<strong>Hans-Huber Saal, Stadtcasino<\/strong>\nKonzertgasse 1\n4051 Basel\n<img loading=\"lazy\" decoding=\"async\" class=\"alignnone size-thumbnail wp-image-8958\" src=\"https:\/\/2022.swisschamberconcerts.ch\/wp-content\/uploads\/2021\/02\/Hans-Huber-Saal-du-Stadt-Casino.jpeg\" alt=\"bs1\" width=\"150\" height=\"150\" \/>\n<\/a>\n\n&nbsp;\n\n<strong>Peterskirche<\/strong>\nPetersgasse 54\n4051 Basel\n\n<img loading=\"lazy\" decoding=\"async\" class=\"alignnone size-thumbnail wp-image-8958\" src=\"https:\/\/2022.swisschamberconcerts.ch\/wp-content\/uploads\/2020\/07\/Peterskirche_Basel.jpg\" alt=\"bs1\" width=\"150\" height=\"150\" \/>\n\n&nbsp;\n\nancien lien akademie https:\/\/2022.swisschamberconcerts.ch\/wp-content\/uploads\/2016\/02\/bs1-150x150.jpg\n<strong>Oekolampad<\/strong>\nAllschwilerpl. 22\n4055 Basel\n\n<img loading=\"lazy\" decoding=\"async\" class=\"alignnone size-thumbnail wp-image-8958\" src=\"https:\/\/2022.swisschamberconcerts.ch\/wp-content\/uploads\/2016\/02\/1200px-Oekolampad_Kirche.jpg\" alt=\"bs1\" width=\"150\" height=\"150\" \/>\n\n&nbsp;\n\n<strong>Kart\u00e4userkirche des Waisenhauses<\/strong>\nTheodorskirchplatz 7\n4058 Basel\n061 511 09 61\n\n<img loading=\"lazy\" decoding=\"async\" class=\"alignnone size-thumbnail wp-image-8958\" src=\"https:\/\/2022.swisschamberconcerts.ch\/wp-content\/uploads\/2019\/08\/3369111d-fd17-47ec-9c86-1aa42e34f68e@2x.jpg.jpg\" alt=\"bs1\" width=\"150\" height=\"150\" \/>\n\n<strong>Ackermannshof\n<\/strong>St. Johanns-Vorstadt 19-21\nCH-4056 Basel\n\n<img loading=\"lazy\" decoding=\"async\" class=\"alignnone size-thumbnail wp-image-8958-2\" src=\"https:\/\/2022.swisschamberconcerts.ch\/wp-content\/uploads\/2016\/02\/Anna-Krygier.jpg\" alt=\"bs2\" width=\"150\" height=\"150\" \/>\n--><\/p>\n<p>[\/vc_column_text][\/vc_column][\/vc_row]<\/p>\n<\/div>","protected":false},"excerpt":{"rendered":"<p>[vc_row][vc_column width=\u00a0\u00bb2\/3&Prime;][vc_column_text] TARIFS POUR LA SAISON 2025\/2026 BILLETS Plein tarif : CHF 35.- Tarif r\u00e9duit * : CHF 25.- Etudiants** : CHF 10.- ABONNEMENTS \u2013 4 concerts Plein tarif: CHF Tarif r\u00e9duit * : CHF Etudiants** : CHF * AVS \/ AI \/ ch\u00f4meurs ** Etudiants \/ Colourkey Les places ne sont pas num\u00e9rot\u00e9es. Les [&hellip;]<\/p>\n","protected":false},"author":1,"featured_media":0,"parent":0,"menu_order":0,"comment_status":"closed","ping_status":"closed","template":"","meta":{"_monsterinsights_skip_tracking":false,"_monsterinsights_sitenote_active":false,"_monsterinsights_sitenote_note":"","_monsterinsights_sitenote_category":0,"footnotes":""},"class_list":["post-8277","page","type-page","status-publish","hentry"],"_links":{"self":[{"href":"https:\/\/swisschamberconcerts.ch\/fr\/wp-json\/wp\/v2\/pages\/8277","targetHints":{"allow":["GET"]}}],"collection":[{"href":"https:\/\/swisschamberconcerts.ch\/fr\/wp-json\/wp\/v2\/pages"}],"about":[{"href":"https:\/\/swisschamberconcerts.ch\/fr\/wp-json\/wp\/v2\/types\/page"}],"author":[{"embeddable":true,"href":"https:\/\/swisschamberconcerts.ch\/fr\/wp-json\/wp\/v2\/users\/1"}],"replies":[{"embeddable":true,"href":"https:\/\/swisschamberconcerts.ch\/fr\/wp-json\/wp\/v2\/comments?post=8277"}],"version-history":[{"count":59,"href":"https:\/\/swisschamberconcerts.ch\/fr\/wp-json\/wp\/v2\/pages\/8277\/revisions"}],"predecessor-version":[{"id":20010,"href":"https:\/\/swisschamberconcerts.ch\/fr\/wp-json\/wp\/v2\/pages\/8277\/revisions\/20010"}],"wp:attachment":[{"href":"https:\/\/swisschamberconcerts.ch\/fr\/wp-json\/wp\/v2\/media?parent=8277"}],"curies":[{"name":"wp","href":"https:\/\/api.w.org\/{rel}","templated":true}]}}