{"id":8312,"date":"2016-02-02T17:27:54","date_gmt":"2016-02-02T16:27:54","guid":{"rendered":"https:\/\/2022.swisschamberconcerts.ch\/?page_id=8312&#038;lang=fr"},"modified":"2025-07-17T14:59:59","modified_gmt":"2025-07-17T13:59:59","slug":"billets-abonnements-geneve","status":"publish","type":"page","link":"https:\/\/swisschamberconcerts.ch\/fr\/billets-abonnements-geneve\/","title":{"rendered":"Gen\u00e8ve \u2013 Billets \/ Abonnements"},"content":{"rendered":"<div class=\"wpb-content-wrapper\"><p>[vc_row][vc_column width=\u00a0\u00bb2\/3&Prime;][vc_column_text]<\/p>\n<h2>TARIFS POUR LA SAISON 2025\/2026<\/h2>\n<p><strong>BILLETS<\/strong><br \/>\nPlein tarif : CHF 30.-<br \/>\nTarif r\u00e9duit * : CHF 20.-<br \/>\nEtudiants : CHF 10.-<\/p>\n<p><strong>ABONNEMENTS \u2013 7 concerts<\/strong><br \/>\nPlein tarif: CHF 170.-<br \/>\nTarif r\u00e9duit * : CHF 100.-<br \/>\nEtudiants : CHF 50.-<br \/>\n* AVS \/ AI \/ ch\u00f4meurs \/ abonn\u00e9s Le Courrier<\/p>\n<p><strong>ABONNEMENTS DE SOUTIEN \u2013 7 concerts<\/strong><br \/>\nCHF 250.- ou \u00e0 bien plaire&#8230;<\/p>\n<p>Les places ne sont pas num\u00e9rot\u00e9es. Les guichets sont ouverts une heure avant le d\u00e9but de chaque concert.[\/vc_column_text][vc_separator][vc_column_text]<\/p>\n<h2>INFORMATIONS &amp; RESERVATIONS<\/h2>\n<p>Contactez <strong>Hildegard Stauder<\/strong><br \/>\n<a href=\"mailto:geneve@swisschamberconcerts.ch\">geneve@swisschamberconcerts.ch<\/a><br \/>\n<span style=\"color: #000000;\">+41 22 347 05 12<\/span><br \/>\nou utilisez notre formulaire[\/vc_column_text]\n<div class=\"wpcf7 no-js\" id=\"wpcf7-f1251-o1\" lang=\"en-US\" dir=\"ltr\" data-wpcf7-id=\"1251\">\n<div class=\"screen-reader-response\"><p role=\"status\" aria-live=\"polite\" aria-atomic=\"true\"><\/p> <ul><\/ul><\/div>\n<form action=\"\/fr\/wp-json\/wp\/v2\/pages\/8312#wpcf7-f1251-o1\" method=\"post\" class=\"wpcf7-form init\" aria-label=\"Contact form\" novalidate=\"novalidate\" data-status=\"init\">\n<fieldset class=\"hidden-fields-container\"><input type=\"hidden\" name=\"_wpcf7\" value=\"1251\" \/><input type=\"hidden\" name=\"_wpcf7_version\" value=\"6.1.5\" \/><input type=\"hidden\" name=\"_wpcf7_locale\" value=\"en_US\" \/><input type=\"hidden\" name=\"_wpcf7_unit_tag\" value=\"wpcf7-f1251-o1\" \/><input type=\"hidden\" name=\"_wpcf7_container_post\" value=\"0\" \/><input type=\"hidden\" name=\"_wpcf7_posted_data_hash\" value=\"\" \/>\n<\/fieldset>\n<div id=\"contact\">\n<div class=\"wpcf7-response-output\" aria-hidden=\"true\"><\/div>\n\t<p><label for=\"name\">Nom <\/label><br \/>\n<span class=\"wpcf7-form-control-wrap\" data-name=\"your-name\"><input size=\"40\" maxlength=\"400\" class=\"wpcf7-form-control wpcf7-text\" id=\"name\" aria-invalid=\"false\" value=\"\" type=\"text\" name=\"your-name\" \/><\/span>\n\t<\/p>\n\t<p><label for=\"email\">Email <\/label><br \/>\n<span class=\"wpcf7-form-control-wrap\" data-name=\"your-email\"><input size=\"40\" maxlength=\"400\" class=\"wpcf7-form-control wpcf7-email wpcf7-validates-as-required wpcf7-text wpcf7-validates-as-email\" id=\"email\" aria-required=\"true\" aria-invalid=\"false\" value=\"\" type=\"email\" name=\"your-email\" \/><\/span>\n\t<\/p>\n\t<p><label for=\"subject\">Sujet <\/label><br \/>\n<span class=\"wpcf7-form-control-wrap\" data-name=\"your-subject\"><input size=\"40\" maxlength=\"400\" class=\"wpcf7-form-control wpcf7-text\" id=\"subject\" aria-invalid=\"false\" value=\"\" type=\"text\" name=\"your-subject\" \/><\/span>\n\t<\/p>\n\t<p><label for=\"message\">Message <\/label><br \/>\n<span class=\"wpcf7-form-control-wrap\" data-name=\"your-message\"><textarea cols=\"40\" rows=\"10\" maxlength=\"2000\" class=\"wpcf7-form-control wpcf7-textarea\" id=\"message\" aria-invalid=\"false\" name=\"your-message\"><\/textarea><\/span>\n\t<\/p>\n\t<p><label for=\"formquiz\">Veuillez \u00e9crire le r\u00e9sultat de l'op\u00e9ration suivante<\/label><br \/>\n<span class=\"wpcf7-form-control-wrap\" data-name=\"fr-quiz\"><label><span class=\"wpcf7-quiz-label\">2+1 =<\/span> <input size=\"10\" class=\"wpcf7-form-control wpcf7-quiz\" id=\"formquiz\" autocomplete=\"off\" aria-required=\"true\" aria-invalid=\"false\" type=\"text\" name=\"fr-quiz\" \/><\/label><input type=\"hidden\" name=\"_wpcf7_quiz_answer_fr-quiz\" value=\"b6bf681b7b7735e19592d889a7b3f9be\" \/><\/span>\n\t<\/p>\n<div class=\"wpcf7-response-output\" aria-hidden=\"true\"><\/div>\n\t<p><input class=\"wpcf7-form-control wpcf7-submit has-spinner\" type=\"submit\" value=\"Envoyer\" \/>\n\t<\/p>\n<\/div>\n<\/form>\n<\/div>\n[\/vc_column][vc_column width=\u00a0\u00bb1\/3&Prime;][vc_column_text]<\/p>\n<h2>SALLE DE CONCERT<\/h2>\n<p><a href=\"https:\/\/goo.gl\/maps\/SfWiyPsJXSoLivweA\" target=\"_blank\" rel=\"noopener\"><br \/>\n<strong>Salle Franz Liszt &#8211; Conservatoire<\/strong><br \/>\nPlace de Neuve 5<br \/>\n1204 Gen\u00e8ve<br \/>\n<img loading=\"lazy\" decoding=\"async\" class=\"alignnone wp-image-8973 size-thumbnail\" src=\"https:\/\/2022.swisschamberconcerts.ch\/wp-content\/uploads\/2021\/08\/Conservatoire-Gen%C3%A8ve.jpg\" alt=\"\" width=\"150\" height=\"150\" \/><br \/>\n<\/a><\/p>\n<p><!--\n&nbsp;\n\n<a href=\"https:\/\/goo.gl\/maps\/C2g8vBK91fE6Lpc39\" target=\"_blank\" rel=\"noopener\">\n<strong>Eglise Saint-Germain<\/strong>\nRue de Saint-Germain 2\n1204 Gen\u00e8ve\n<img loading=\"lazy\" decoding=\"async\" class=\"alignnone wp-image-16725 \" src=\"https:\/\/swisschamberconcerts.ch\/wp-content\/uploads\/2023\/08\/Eglise-St-Germain.jpg\" alt=\"\" width=\"189\" height=\"142\" srcset=\"https:\/\/swisschamberconcerts.ch\/wp-content\/uploads\/2023\/08\/Eglise-St-Germain.jpg 1280w, https:\/\/swisschamberconcerts.ch\/wp-content\/uploads\/2023\/08\/Eglise-St-Germain-300x225.jpg 300w, https:\/\/swisschamberconcerts.ch\/wp-content\/uploads\/2023\/08\/Eglise-St-Germain-1024x768.jpg 1024w, https:\/\/swisschamberconcerts.ch\/wp-content\/uploads\/2023\/08\/Eglise-St-Germain-255x191.jpg 255w\" sizes=\"auto, (max-width: 189px) 100vw, 189px\" \/>\n<\/a>\n\n&nbsp;\n\n<strong>Temple de Carouge<\/strong>\nPlace du Temple 16\n1227 Carouge\n\n<img loading=\"lazy\" decoding=\"async\" class=\"wp-image-8309 size-thumbnail\" src=\"https:\/\/2022.swisschamberconcerts.ch\/wp-content\/uploads\/2021\/08\/Temple-de-Carouge.jpg\" alt=\"\" width=\"150\" height=\"150\" \/>\n\n&nbsp;\n\n<strong>Salle Frank-Martin<\/strong>\nRue de la Vall\u00e9e 3\n1204 Gen\u00e8ve\n<a href=\"https:\/\/www.geneve.ch\/fr\/salle-frank-martin\">https:\/\/www.geneve.ch\/fr\/salle-frank-martin<\/a>\n\n<img loading=\"lazy\" decoding=\"async\" class=\"wp-image-8309 size-thumbnail\" src=\"https:\/\/2022.swisschamberconcerts.ch\/wp-content\/uploads\/2021\/09\/salle-frank-martin.jpg\" alt=\"\" width=\"150\" height=\"150\" \/>\n--><br \/>\n[\/vc_column_text][\/vc_column][\/vc_row]<\/p>\n<\/div>","protected":false},"excerpt":{"rendered":"<p>[vc_row][vc_column width=\u00a0\u00bb2\/3&Prime;][vc_column_text] TARIFS POUR LA SAISON 2025\/2026 BILLETS Plein tarif : CHF 30.- Tarif r\u00e9duit * : CHF 20.- Etudiants : CHF 10.- ABONNEMENTS \u2013 7 concerts Plein tarif: CHF 170.- Tarif r\u00e9duit * : CHF 100.- Etudiants : CHF 50.- * AVS \/ AI \/ ch\u00f4meurs \/ abonn\u00e9s Le Courrier ABONNEMENTS DE SOUTIEN \u2013 [&hellip;]<\/p>\n","protected":false},"author":1,"featured_media":0,"parent":0,"menu_order":0,"comment_status":"closed","ping_status":"closed","template":"","meta":{"_monsterinsights_skip_tracking":false,"_monsterinsights_sitenote_active":false,"_monsterinsights_sitenote_note":"","_monsterinsights_sitenote_category":0,"footnotes":""},"class_list":["post-8312","page","type-page","status-publish","hentry"],"_links":{"self":[{"href":"https:\/\/swisschamberconcerts.ch\/fr\/wp-json\/wp\/v2\/pages\/8312","targetHints":{"allow":["GET"]}}],"collection":[{"href":"https:\/\/swisschamberconcerts.ch\/fr\/wp-json\/wp\/v2\/pages"}],"about":[{"href":"https:\/\/swisschamberconcerts.ch\/fr\/wp-json\/wp\/v2\/types\/page"}],"author":[{"embeddable":true,"href":"https:\/\/swisschamberconcerts.ch\/fr\/wp-json\/wp\/v2\/users\/1"}],"replies":[{"embeddable":true,"href":"https:\/\/swisschamberconcerts.ch\/fr\/wp-json\/wp\/v2\/comments?post=8312"}],"version-history":[{"count":55,"href":"https:\/\/swisschamberconcerts.ch\/fr\/wp-json\/wp\/v2\/pages\/8312\/revisions"}],"predecessor-version":[{"id":19272,"href":"https:\/\/swisschamberconcerts.ch\/fr\/wp-json\/wp\/v2\/pages\/8312\/revisions\/19272"}],"wp:attachment":[{"href":"https:\/\/swisschamberconcerts.ch\/fr\/wp-json\/wp\/v2\/media?parent=8312"}],"curies":[{"name":"wp","href":"https:\/\/api.w.org\/{rel}","templated":true}]}}