{"id":8362,"date":"2016-02-02T20:27:11","date_gmt":"2016-02-02T19:27:11","guid":{"rendered":"https:\/\/2022.swisschamberconcerts.ch\/?page_id=8362&#038;lang=fr"},"modified":"2025-12-16T09:56:39","modified_gmt":"2025-12-16T08:56:39","slug":"billets-abonnements-lugano","status":"publish","type":"page","link":"https:\/\/swisschamberconcerts.ch\/fr\/billets-abonnements-lugano\/","title":{"rendered":"Lugano \u2013 Billets"},"content":{"rendered":"<div class=\"wpb-content-wrapper\"><p>[vc_row][vc_column width=\u00a0\u00bb2\/3&Prime;][vc_column_text]<\/p>\n<h2>TARIFS POUR LA SAISON 2025\/2026<\/h2>\n<p><strong>BILLETS<\/strong><br \/>\nPlein tarif : CHF 15.-<br \/>\nTarif r\u00e9duit* : CHF 10.-<\/p>\n<p>Etudiants et enfants de moins de 18 ans : Entr\u00e9e libre<\/p>\n<p>* AVS \/ AI \/ Lugano Card \/ Amici del conservatorio<\/p>\n<p>Les places ne sont pas num\u00e9rot\u00e9es. Les guichets sont ouverts une heure avant le d\u00e9but de chaque concert.<\/p>\n<p><span style=\"line-height: 1.5;\">[\/vc_column_text][vc_separator][vc_column_text]<\/span><\/p>\n<h2>INFORMATIONS &amp; RESERVATIONS<\/h2>\n<p>Contactez SCC Tessin\u00a0:<br \/>\n+41 91 960 23 62<br \/>\n<a href=\"mailto:prenotazioni@conservatorio.ch\">prenotazioni@conservatorio.ch<\/a><\/p>\n<p>ou utilisez notre formulaire<\/p>\n<p>[\/vc_column_text]\n<div class=\"wpcf7 no-js\" id=\"wpcf7-f8573-o1\" lang=\"en-US\" dir=\"ltr\" data-wpcf7-id=\"8573\">\n<div class=\"screen-reader-response\"><p role=\"status\" aria-live=\"polite\" aria-atomic=\"true\"><\/p> <ul><\/ul><\/div>\n<form action=\"\/fr\/wp-json\/wp\/v2\/pages\/8362#wpcf7-f8573-o1\" method=\"post\" class=\"wpcf7-form init\" aria-label=\"Contact form\" novalidate=\"novalidate\" data-status=\"init\">\n<fieldset class=\"hidden-fields-container\"><input type=\"hidden\" name=\"_wpcf7\" value=\"8573\" \/><input type=\"hidden\" name=\"_wpcf7_version\" value=\"6.1.5\" \/><input type=\"hidden\" name=\"_wpcf7_locale\" value=\"en_US\" \/><input type=\"hidden\" name=\"_wpcf7_unit_tag\" value=\"wpcf7-f8573-o1\" \/><input type=\"hidden\" name=\"_wpcf7_container_post\" value=\"0\" \/><input type=\"hidden\" name=\"_wpcf7_posted_data_hash\" value=\"\" \/>\n<\/fieldset>\n<div id=\"contact\">\n<div class=\"wpcf7-response-output\" aria-hidden=\"true\"><\/div>\n\t<p><label for=\"name\">Nom<\/label><br \/>\n<span class=\"wpcf7-form-control-wrap\" data-name=\"your-name\"><input size=\"40\" maxlength=\"400\" class=\"wpcf7-form-control wpcf7-text\" id=\"name\" aria-invalid=\"false\" value=\"\" type=\"text\" name=\"your-name\" \/><\/span>\n\t<\/p>\n\t<p><label for=\"email\">E-mail <\/label><br \/>\n<span class=\"wpcf7-form-control-wrap\" data-name=\"your-email\"><input size=\"40\" maxlength=\"400\" class=\"wpcf7-form-control wpcf7-email wpcf7-validates-as-required wpcf7-text wpcf7-validates-as-email\" id=\"email\" aria-required=\"true\" aria-invalid=\"false\" value=\"\" type=\"email\" name=\"your-email\" \/><\/span>\n\t<\/p>\n\t<p><label for=\"subject\">Sujet <\/label><br \/>\n<span class=\"wpcf7-form-control-wrap\" data-name=\"your-subject\"><input size=\"40\" maxlength=\"400\" class=\"wpcf7-form-control wpcf7-text\" id=\"subject\" aria-invalid=\"false\" value=\"\" type=\"text\" name=\"your-subject\" \/><\/span>\n\t<\/p>\n\t<p><label for=\"message\">Message <\/label><br \/>\n<span class=\"wpcf7-form-control-wrap\" data-name=\"your-message\"><textarea cols=\"40\" rows=\"10\" maxlength=\"2000\" class=\"wpcf7-form-control wpcf7-textarea\" id=\"message\" aria-invalid=\"false\" name=\"your-message\"><\/textarea><\/span>\n\t<\/p>\n\t<p><label for=\"formquiz\">Veuillez \u00e9crire le r\u00e9sultat de l'op\u00e9ration suivante<\/label><br \/>\n<span class=\"wpcf7-form-control-wrap\" data-name=\"fr-quiz\"><label><span class=\"wpcf7-quiz-label\">3+1 =<\/span> <input size=\"10\" class=\"wpcf7-form-control wpcf7-quiz\" id=\"formquiz\" autocomplete=\"off\" aria-required=\"true\" aria-invalid=\"false\" type=\"text\" name=\"fr-quiz\" \/><\/label><input type=\"hidden\" name=\"_wpcf7_quiz_answer_fr-quiz\" value=\"1f7c993558d4a91597148d9eb63bdf44\" \/><\/span>\n\t<\/p>\n<div class=\"wpcf7-response-output\" aria-hidden=\"true\"><\/div>\n\t<p><input class=\"wpcf7-form-control wpcf7-submit has-spinner\" type=\"submit\" value=\"Envoyer\" \/>\n\t<\/p>\n<\/div>\n<\/form>\n<\/div>\n[\/vc_column][vc_column width=\u00a0\u00bb1\/3&Prime;][vc_column_text]<\/p>\n<h2>SALLES DE CONCERT<\/h2>\n<p><a href=\"https:\/\/goo.gl\/maps\/aeCbCZVzoWPst28b8\" target=\"_blank\" rel=\"noopener\"><br \/>\n<strong>Conservatorio della Svizzera italiana<\/strong><br \/>\nVia Soldino 9<br \/>\n6900 Lugano<br \/>\n<img loading=\"lazy\" decoding=\"async\" class=\"alignnone wp-image-8361 size-thumbnail\" src=\"https:\/\/2022.swisschamberconcerts.ch\/wp-content\/uploads\/2016\/02\/ti-150x150.jpg\" alt=\"\" width=\"150\" height=\"150\" srcset=\"https:\/\/swisschamberconcerts.ch\/wp-content\/uploads\/2016\/02\/ti-150x150.jpg 150w, https:\/\/swisschamberconcerts.ch\/wp-content\/uploads\/2016\/02\/ti-300x300.jpg 300w, https:\/\/swisschamberconcerts.ch\/wp-content\/uploads\/2016\/02\/ti-50x50.jpg 50w, https:\/\/swisschamberconcerts.ch\/wp-content\/uploads\/2016\/02\/ti-80x80.jpg 80w, https:\/\/swisschamberconcerts.ch\/wp-content\/uploads\/2016\/02\/ti-263x263.jpg 263w, https:\/\/swisschamberconcerts.ch\/wp-content\/uploads\/2016\/02\/ti-100x100.jpg 100w, https:\/\/swisschamberconcerts.ch\/wp-content\/uploads\/2016\/02\/ti-526x526.jpg 526w, https:\/\/swisschamberconcerts.ch\/wp-content\/uploads\/2016\/02\/ti-255x255.jpg 255w, https:\/\/swisschamberconcerts.ch\/wp-content\/uploads\/2016\/02\/ti.jpg 680w\" sizes=\"auto, (max-width: 150px) 100vw, 150px\" \/><br \/>\n<\/a><\/p>\n<p><!--\n<a href=\"https:\/\/maps.app.goo.gl\/9DEMkV7K7gh8btXK9\" target=\"_blank\" rel=\"noopener\">\n<strong>Chiesa S.Nicola della Fl\u00fce<\/strong>\nVia Besso 23A\n6900 Lugano\n<img loading=\"lazy\" decoding=\"async\" class=\"alignnone wp-image-8361 size-thumbnail\" src=\"https:\/\/swisschamberconcerts.ch\/wp-content\/uploads\/2024\/02\/Eglise-Nicolas-de-Flue-Lugano.jpg\" alt=\"\" width=\"150\" height=\"150\" \/>\n<\/a>\n--><\/p>\n<p>[\/vc_column_text][\/vc_column][\/vc_row]<\/p>\n<\/div>","protected":false},"excerpt":{"rendered":"<p>[vc_row][vc_column width=\u00a0\u00bb2\/3&Prime;][vc_column_text] TARIFS POUR LA SAISON 2025\/2026 BILLETS Plein tarif : CHF 15.- Tarif r\u00e9duit* : CHF 10.- Etudiants et enfants de moins de 18 ans : Entr\u00e9e libre * AVS \/ AI \/ Lugano Card \/ Amici del conservatorio Les places ne sont pas num\u00e9rot\u00e9es. Les guichets sont ouverts une heure avant le d\u00e9but [&hellip;]<\/p>\n","protected":false},"author":1,"featured_media":0,"parent":0,"menu_order":0,"comment_status":"closed","ping_status":"closed","template":"","meta":{"_monsterinsights_skip_tracking":false,"_monsterinsights_sitenote_active":false,"_monsterinsights_sitenote_note":"","_monsterinsights_sitenote_category":0,"footnotes":""},"class_list":["post-8362","page","type-page","status-publish","hentry"],"_links":{"self":[{"href":"https:\/\/swisschamberconcerts.ch\/fr\/wp-json\/wp\/v2\/pages\/8362","targetHints":{"allow":["GET"]}}],"collection":[{"href":"https:\/\/swisschamberconcerts.ch\/fr\/wp-json\/wp\/v2\/pages"}],"about":[{"href":"https:\/\/swisschamberconcerts.ch\/fr\/wp-json\/wp\/v2\/types\/page"}],"author":[{"embeddable":true,"href":"https:\/\/swisschamberconcerts.ch\/fr\/wp-json\/wp\/v2\/users\/1"}],"replies":[{"embeddable":true,"href":"https:\/\/swisschamberconcerts.ch\/fr\/wp-json\/wp\/v2\/comments?post=8362"}],"version-history":[{"count":28,"href":"https:\/\/swisschamberconcerts.ch\/fr\/wp-json\/wp\/v2\/pages\/8362\/revisions"}],"predecessor-version":[{"id":20125,"href":"https:\/\/swisschamberconcerts.ch\/fr\/wp-json\/wp\/v2\/pages\/8362\/revisions\/20125"}],"wp:attachment":[{"href":"https:\/\/swisschamberconcerts.ch\/fr\/wp-json\/wp\/v2\/media?parent=8362"}],"curies":[{"name":"wp","href":"https:\/\/api.w.org\/{rel}","templated":true}]}}