{"id":8397,"date":"2016-02-02T21:30:05","date_gmt":"2016-02-02T20:30:05","guid":{"rendered":"https:\/\/2022.swisschamberconcerts.ch\/?page_id=8397&#038;lang=fr"},"modified":"2025-08-25T09:12:05","modified_gmt":"2025-08-25T08:12:05","slug":"billets-abonnements-zurich","status":"publish","type":"page","link":"https:\/\/swisschamberconcerts.ch\/fr\/billets-abonnements-zurich\/","title":{"rendered":"Zurich \u2013 Billets \/ Abonnements"},"content":{"rendered":"<div class=\"wpb-content-wrapper\"><p>[vc_row][vc_column width=\u00a0\u00bb2\/3&Prime;][vc_column_text]<\/p>\n<h2>TARIFS POUR LA SAISON 2025\/2026<\/h2>\n<p><strong>BILLETS<\/strong><br \/>\nPlein tarif : CHF 50.-<br \/>\nTarif r\u00e9duit * : CHF 40.-<br \/>\nEtudiants ** : CHF 10.-<\/p>\n<p><strong>ABONNEMENTS &#8211; 5 concerts<\/strong><br \/>\nPlein tarif: CHF 180.-<br \/>\nTarif r\u00e9duit * : CHF 140.-<br \/>\nEtudiants ** : CHF 30.-<\/p>\n<p>* AVS \/ AI \/ ch\u00f4meurs \/<br \/>\n** Etudiants et moins de 16 ans<\/p>\n<p>Les places ne sont pas num\u00e9rot\u00e9es. Les guichets sont ouverts une heure avant le d\u00e9but de chaque concert.[\/vc_column_text][vc_separator][vc_column_text]<\/p>\n<h2>INFORMATIONS &amp; RESERVATIONS<\/h2>\n<p>Contactez <strong>M. J\u00fcrg D\u00e4hler\u00a0:<\/strong><br \/>\n<a href=\"tonart.jd@bluewin.ch\">tonart.jd@bluewin.ch<\/a><\/p>\n<p>ou utilisez notre formulaire<\/p>\n<p>[\/vc_column_text]\n<div class=\"wpcf7 no-js\" id=\"wpcf7-f8570-o1\" lang=\"en-US\" dir=\"ltr\" data-wpcf7-id=\"8570\">\n<div class=\"screen-reader-response\"><p role=\"status\" aria-live=\"polite\" aria-atomic=\"true\"><\/p> <ul><\/ul><\/div>\n<form action=\"\/fr\/wp-json\/wp\/v2\/pages\/8397#wpcf7-f8570-o1\" method=\"post\" class=\"wpcf7-form init\" aria-label=\"Contact form\" novalidate=\"novalidate\" data-status=\"init\">\n<fieldset class=\"hidden-fields-container\"><input type=\"hidden\" name=\"_wpcf7\" value=\"8570\" \/><input type=\"hidden\" name=\"_wpcf7_version\" value=\"6.1.5\" \/><input type=\"hidden\" name=\"_wpcf7_locale\" value=\"en_US\" \/><input type=\"hidden\" name=\"_wpcf7_unit_tag\" value=\"wpcf7-f8570-o1\" \/><input type=\"hidden\" name=\"_wpcf7_container_post\" value=\"0\" \/><input type=\"hidden\" name=\"_wpcf7_posted_data_hash\" value=\"\" \/>\n<\/fieldset>\n<div id=\"contact\">\n<div class=\"wpcf7-response-output\" aria-hidden=\"true\"><\/div>\n\t<p><label for=\"name\">Nom<\/label><br \/>\n<span class=\"wpcf7-form-control-wrap\" data-name=\"your-name\"><input size=\"40\" maxlength=\"400\" class=\"wpcf7-form-control wpcf7-text\" id=\"name\" aria-invalid=\"false\" value=\"\" type=\"text\" name=\"your-name\" \/><\/span>\n\t<\/p>\n\t<p><label for=\"email\">E-Mail<\/label><br \/>\n<span class=\"wpcf7-form-control-wrap\" data-name=\"your-email\"><input size=\"40\" maxlength=\"400\" class=\"wpcf7-form-control wpcf7-email wpcf7-validates-as-required wpcf7-text wpcf7-validates-as-email\" id=\"email\" aria-required=\"true\" aria-invalid=\"false\" value=\"\" type=\"email\" name=\"your-email\" \/><\/span>\n\t<\/p>\n\t<p><label for=\"subject\">Sujet<\/label><br \/>\n<span class=\"wpcf7-form-control-wrap\" data-name=\"your-subject\"><input size=\"40\" maxlength=\"400\" class=\"wpcf7-form-control wpcf7-text\" id=\"subject\" aria-invalid=\"false\" value=\"\" type=\"text\" name=\"your-subject\" \/><\/span>\n\t<\/p>\n\t<p><label for=\"message\">Message <\/label><br \/>\n<span class=\"wpcf7-form-control-wrap\" data-name=\"your-message\"><textarea cols=\"40\" rows=\"10\" maxlength=\"2000\" class=\"wpcf7-form-control wpcf7-textarea\" id=\"message\" aria-invalid=\"false\" name=\"your-message\"><\/textarea><\/span>\n\t<\/p>\n\t<p><label for=\"formquiz\">Veuillez \u00e9crire le r\u00e9sultat de l'op\u00e9ration suivante<\/label><br \/>\n<span class=\"wpcf7-form-control-wrap\" data-name=\"your-quiz\"><label><span class=\"wpcf7-quiz-label\">3+1 =<\/span> <input size=\"10\" class=\"wpcf7-form-control wpcf7-quiz\" id=\"formquiz\" autocomplete=\"off\" aria-required=\"true\" aria-invalid=\"false\" type=\"text\" name=\"your-quiz\" \/><\/label><input type=\"hidden\" name=\"_wpcf7_quiz_answer_your-quiz\" value=\"1f7c993558d4a91597148d9eb63bdf44\" \/><\/span>\n\t<\/p>\n<div class=\"wpcf7-response-output\" aria-hidden=\"true\"><\/div>\n\t<p><input class=\"wpcf7-form-control wpcf7-submit has-spinner\" type=\"submit\" value=\"Envoyer\" \/>\n\t<\/p>\n<\/div>\n<\/form>\n<\/div>\n[\/vc_column][vc_column width=\u00a0\u00bb1\/3&Prime;][vc_column_text]<\/p>\n<h2>SALLES DE CONCERT<\/h2>\n<p><a href=\"https:\/\/maps.app.goo.gl\/ATov8BhLnSEbL8Lc6\" target=\"_blank\" rel=\"noopener\"><br \/>\n<strong>Festsaal Lyceo\u00a0Artistico Z\u00fcrich<\/strong><br \/>\n<span class=\"LrzXr\">Parkring 30<\/span><br \/>\n8002 Z\u00fcrich, Suisse<br \/>\n<\/a><a href=\"https:\/\/maps.app.goo.gl\/ATov8BhLnSEbL8Lc6\" target=\"_blank\" rel=\"noopener\"><img loading=\"lazy\" decoding=\"async\" class=\"alignnone wp-image-19776 \" src=\"https:\/\/swisschamberconcerts.ch\/wp-content\/uploads\/2025\/08\/Festsaal-Liceo-Artistico-ZU-e1756107189441.jpeg\" alt=\"\" width=\"159\" height=\"128\" \/><\/a><\/p>\n<p><a href=\"https:\/\/maps.app.goo.gl\/ATov8BhLnSEbL8Lc6\" target=\"_blank\" rel=\"noopener\"><strong>Kirche St. Peter Z\u00fcrich<\/strong><br \/>\n<span class=\"LrzXr\">St. Peterhofstatt 1<\/span><br \/>\n8001 Z\u00fcrich, Suisse<br \/>\n<\/a><img loading=\"lazy\" decoding=\"async\" class=\"alignnone wp-image-12699 \" src=\"https:\/\/swisschamberconcerts.ch\/wp-content\/uploads\/2016\/02\/DSC_0092-st-peter-zuerich-080314-300x200.jpg\" alt=\"\" width=\"155\" height=\"103\" srcset=\"https:\/\/swisschamberconcerts.ch\/wp-content\/uploads\/2016\/02\/DSC_0092-st-peter-zuerich-080314-300x200.jpg 300w, https:\/\/swisschamberconcerts.ch\/wp-content\/uploads\/2016\/02\/DSC_0092-st-peter-zuerich-080314-768x513.jpg 768w, https:\/\/swisschamberconcerts.ch\/wp-content\/uploads\/2016\/02\/DSC_0092-st-peter-zuerich-080314-255x170.jpg 255w, https:\/\/swisschamberconcerts.ch\/wp-content\/uploads\/2016\/02\/DSC_0092-st-peter-zuerich-080314.jpg 1019w\" sizes=\"auto, (max-width: 155px) 100vw, 155px\" \/><\/p>\n<p><a href=\"https:\/\/goo.gl\/maps\/QZpMK2XsYo9UMEFr8\" target=\"_blank\" rel=\"noopener\"><strong>Kulturhaus Helferei<\/strong><br \/>\nKirchgasse 13<br \/>\n8001 Z\u00fcrich<br \/>\n<img loading=\"lazy\" decoding=\"async\" class=\"alignnone wp-image-8396 size-thumbnail\" src=\"https:\/\/2022.swisschamberconcerts.ch\/wp-content\/uploads\/2016\/02\/unnamed.jpg\" alt=\"\" width=\"150\" height=\"150\" \/><\/a><\/p>\n<p><a href=\"https:\/\/goo.gl\/maps\/QZpMK2XsYo9UMEFr8\" target=\"_blank\" rel=\"noopener\"><strong>Konservatorium Winterthur<\/strong><br \/>\n<span class=\"LrzXr\">T\u00f6ssertobelstrasse 1<\/span><br \/>\n<span class=\"LrzXr\">8400 Winterthur<\/span><br \/>\n<img loading=\"lazy\" decoding=\"async\" class=\"alignnone wp-image-19780 \" src=\"https:\/\/swisschamberconcerts.ch\/wp-content\/uploads\/2025\/08\/Konservatorium-Winterthur-300x300.jpg\" alt=\"\" width=\"149\" height=\"149\" srcset=\"https:\/\/swisschamberconcerts.ch\/wp-content\/uploads\/2025\/08\/Konservatorium-Winterthur-300x300.jpg 300w, https:\/\/swisschamberconcerts.ch\/wp-content\/uploads\/2025\/08\/Konservatorium-Winterthur-150x150.jpg 150w, https:\/\/swisschamberconcerts.ch\/wp-content\/uploads\/2025\/08\/Konservatorium-Winterthur-50x50.jpg 50w, https:\/\/swisschamberconcerts.ch\/wp-content\/uploads\/2025\/08\/Konservatorium-Winterthur-80x80.jpg 80w, https:\/\/swisschamberconcerts.ch\/wp-content\/uploads\/2025\/08\/Konservatorium-Winterthur-263x263.jpg 263w, https:\/\/swisschamberconcerts.ch\/wp-content\/uploads\/2025\/08\/Konservatorium-Winterthur-100x100.jpg 100w, https:\/\/swisschamberconcerts.ch\/wp-content\/uploads\/2025\/08\/Konservatorium-Winterthur-526x526.jpg 526w, https:\/\/swisschamberconcerts.ch\/wp-content\/uploads\/2025\/08\/Konservatorium-Winterthur-255x255.jpg 255w, https:\/\/swisschamberconcerts.ch\/wp-content\/uploads\/2025\/08\/Konservatorium-Winterthur.jpg 646w\" sizes=\"auto, (max-width: 149px) 100vw, 149px\" \/><\/a><\/p>\n<p><!-- salle non utilis\u00e9e\n<a href=\"https:\/\/goo.gl\/maps\/aUyxcCFTE6veWS6e9\" rel=\"noopener\" target=\"_blank\">\n<strong>Wasserkirche<\/strong>\nLimmatquai 31\n8001 Z\u00fcrich\n<img loading=\"lazy\" decoding=\"async\" class=\"alignnone wp-image-8396 size-thumbnail\" src=\"https:\/\/2022.swisschamberconcerts.ch\/wp-content\/uploads\/2020\/07\/Wasserkirche.jpg\" alt=\"\" width=\"150\" height=\"150\" \/>\n<\/a>\n\n<a href=\"https:\/\/goo.gl\/maps\/xmVy824A2SEigk8WA\" target=\"_blank\" rel=\"noopener\">\n<strong>Kirche St. Peter<\/strong>\nSt. Peterhofstatt 1\n8001 Z\u00fcrich\n<img loading=\"lazy\" decoding=\"async\" class=\"alignnone wp-image-8396 size-thumbnail\" src=\"https:\/\/2022.swisschamberconcerts.ch\/wp-content\/uploads\/2016\/02\/DSC_0092-st-peter-zuerich-080314-150x150.jpg\" alt=\"\" width=\"150\" height=\"150\" srcset=\"https:\/\/swisschamberconcerts.ch\/wp-content\/uploads\/2016\/02\/DSC_0092-st-peter-zuerich-080314-150x150.jpg 150w, https:\/\/swisschamberconcerts.ch\/wp-content\/uploads\/2016\/02\/DSC_0092-st-peter-zuerich-080314-50x50.jpg 50w, https:\/\/swisschamberconcerts.ch\/wp-content\/uploads\/2016\/02\/DSC_0092-st-peter-zuerich-080314-80x80.jpg 80w, https:\/\/swisschamberconcerts.ch\/wp-content\/uploads\/2016\/02\/DSC_0092-st-peter-zuerich-080314-263x263.jpg 263w, https:\/\/swisschamberconcerts.ch\/wp-content\/uploads\/2016\/02\/DSC_0092-st-peter-zuerich-080314-100x100.jpg 100w, https:\/\/swisschamberconcerts.ch\/wp-content\/uploads\/2016\/02\/DSC_0092-st-peter-zuerich-080314-526x526.jpg 526w, https:\/\/swisschamberconcerts.ch\/wp-content\/uploads\/2016\/02\/DSC_0092-st-peter-zuerich-080314-255x255.jpg 255w\" sizes=\"auto, (max-width: 150px) 100vw, 150px\" \/>\n<\/a>\n\n&nbsp;--><\/p>\n<p>[\/vc_column_text][\/vc_column][\/vc_row]<\/p>\n<\/div>","protected":false},"excerpt":{"rendered":"<p>[vc_row][vc_column width=\u00a0\u00bb2\/3&Prime;][vc_column_text] TARIFS POUR LA SAISON 2025\/2026 BILLETS Plein tarif : CHF 50.- Tarif r\u00e9duit * : CHF 40.- Etudiants ** : CHF 10.- ABONNEMENTS &#8211; 5 concerts Plein tarif: CHF 180.- Tarif r\u00e9duit * : CHF 140.- Etudiants ** : CHF 30.- * AVS \/ AI \/ ch\u00f4meurs \/ ** Etudiants et moins de [&hellip;]<\/p>\n","protected":false},"author":1,"featured_media":0,"parent":0,"menu_order":0,"comment_status":"closed","ping_status":"closed","template":"","meta":{"_monsterinsights_skip_tracking":false,"_monsterinsights_sitenote_active":false,"_monsterinsights_sitenote_note":"","_monsterinsights_sitenote_category":0,"footnotes":""},"class_list":["post-8397","page","type-page","status-publish","hentry"],"_links":{"self":[{"href":"https:\/\/swisschamberconcerts.ch\/fr\/wp-json\/wp\/v2\/pages\/8397","targetHints":{"allow":["GET"]}}],"collection":[{"href":"https:\/\/swisschamberconcerts.ch\/fr\/wp-json\/wp\/v2\/pages"}],"about":[{"href":"https:\/\/swisschamberconcerts.ch\/fr\/wp-json\/wp\/v2\/types\/page"}],"author":[{"embeddable":true,"href":"https:\/\/swisschamberconcerts.ch\/fr\/wp-json\/wp\/v2\/users\/1"}],"replies":[{"embeddable":true,"href":"https:\/\/swisschamberconcerts.ch\/fr\/wp-json\/wp\/v2\/comments?post=8397"}],"version-history":[{"count":49,"href":"https:\/\/swisschamberconcerts.ch\/fr\/wp-json\/wp\/v2\/pages\/8397\/revisions"}],"predecessor-version":[{"id":19788,"href":"https:\/\/swisschamberconcerts.ch\/fr\/wp-json\/wp\/v2\/pages\/8397\/revisions\/19788"}],"wp:attachment":[{"href":"https:\/\/swisschamberconcerts.ch\/fr\/wp-json\/wp\/v2\/media?parent=8397"}],"curies":[{"name":"wp","href":"https:\/\/api.w.org\/{rel}","templated":true}]}}