{"id":9221,"date":"2016-02-29T11:12:44","date_gmt":"2016-02-29T10:12:44","guid":{"rendered":"https:\/\/2022.swisschamberconcerts.ch\/fr\/?page_id=9221"},"modified":"2021-11-14T15:33:48","modified_gmt":"2021-11-14T14:33:48","slug":"robert-schumann","status":"publish","type":"page","link":"https:\/\/swisschamberconcerts.ch\/fr\/robert-schumann\/","title":{"rendered":"SCHUMANN &#8211; Piano Quartet &#038; Quintet"},"content":{"rendered":"<div class=\"wpb-content-wrapper\"><p>[vc_row][vc_column width=\u00a0\u00bb2\/3&Prime;][vc_column_text]<\/p>\n<h2><img loading=\"lazy\" decoding=\"async\" class=\"alignright wp-image-9222 size-medium\" src=\"https:\/\/2022.swisschamberconcerts.ch\/wp-content\/uploads\/2016\/02\/schumann-285x300.jpg\" alt=\"schumann\" width=\"285\" height=\"300\" srcset=\"https:\/\/swisschamberconcerts.ch\/wp-content\/uploads\/2016\/02\/schumann-285x300.jpg 285w, https:\/\/swisschamberconcerts.ch\/wp-content\/uploads\/2016\/02\/schumann-255x269.jpg 255w, https:\/\/swisschamberconcerts.ch\/wp-content\/uploads\/2016\/02\/schumann.jpg 600w\" sizes=\"auto, (max-width: 285px) 100vw, 285px\" \/>Quintet for Piano and Strings in E flat major, Op. 44<\/h2>\n<h2>Quartet for Piano and Strings in E flat major, Op. 47<\/h2>\n<p>&nbsp;<\/p>\n<ul>\n<li><strong>Running Time:<\/strong>\u00a056 min.<\/li>\n<li><strong>Period Time:<\/strong> Romantic<\/li>\n<li><strong>Form:<\/strong> Chamber Music<\/li>\n<li><strong>Written:<\/strong> 1842<\/li>\n<li><strong>Studio\/Live:<\/strong> Studio<\/li>\n<li><strong>Label: <\/strong>Claves<\/li>\n<\/ul>\n<h3>Swiss Chamber Soloists<\/h3>\n<ul>\n<li><strong>J\u00fcrg D\u00e4hler<\/strong>, Violon<\/li>\n<li><strong>Urs Walker<\/strong>, Violon<\/li>\n<li><strong>Val\u00e9rie D\u00e4hler- Mulet<\/strong>, Alto<\/li>\n<li><strong>Daniel Haefliger<\/strong>, Violoncelle<\/li>\n<li><strong>David Abott<\/strong>, Piano<\/li>\n<\/ul>\n<ol>\n<li><strong>Piano Quintet in E-Flat Major, Op. 44: I. Allegro brillante<br \/>\n<\/strong>Daniel Haefliger, David Abbott, J\u00fcrg D\u00e4hler, Swiss Chamber Soloists, Urs Walker, Val\u00e9rie D\u00e4hler-Mulet<\/li>\n<li><strong>Piano Quintet in E-Flat Major, Op. 44: II. In modo d\u2019una Marcia: Un poco largamente<\/strong><br \/>\nDaniel Haefliger, David Abbott, J\u00fcrg D\u00e4hler, Swiss Chamber Soloists, Urs Walker, Val\u00e9rie D\u00e4hler-Mulet<\/li>\n<li><strong>Piano Quintet in E-Flat Major, Op. 44: III. Scherzo: Molto vivace<\/strong><br \/>\nDaniel Haefliger, David Abbott, J\u00fcrg D\u00e4hler, Swiss Chamber Soloists, Urs Walker, Val\u00e9rie D\u00e4hler-Mulet<\/li>\n<li><strong>Piano Quintet in E-Flat Major, Op. 44: IV. Allegro, ma non troppo <\/strong><br \/>\nDaniel Haefliger, David Abbott, J\u00fcrg D\u00e4hler, Swiss Chamber Soloists, Urs Walker, Val\u00e9rie D\u00e4hler-Mulet<\/li>\n<li><strong>Piano Quartet in E-Flat Major, Op. 47: I. Sostenuto assai \u2013 Allegro ma non troppo <\/strong><br \/>\nDaniel Haefliger, David Abbott, J\u00fcrg D\u00e4hler, Swiss Chamber Soloists, Val\u00e9rie D\u00e4hler-Mulet<\/li>\n<li><strong>Piano Quartet in E-Flat Major, Op. 47: II. Scherzo: Molto vivace <\/strong><br \/>\nDaniel Haefliger, David Abbott, J\u00fcrg D\u00e4hler, Swiss Chamber Soloists, Val\u00e9rie D\u00e4hler-Mulet<\/li>\n<li><strong>Piano Quartet in E-Flat Major, Op. 47: III. Andante cantabile <\/strong><br \/>\nDaniel Haefliger, David Abbott, J\u00fcrg D\u00e4hler, Swiss Chamber Soloists, Val\u00e9rie D\u00e4hler-Mulet<\/li>\n<li><strong>Piano Quartet in E-Flat Major, Op. 47: IV. Finale: Vivace <\/strong><br \/>\nDaniel Haefliger, David Abbott, J\u00fcrg D\u00e4hler, Swiss Chamber Soloists, Val\u00e9rie D\u00e4hler-Mulet<\/li>\n<\/ol>\n<p>[\/vc_column_text][\/vc_column][vc_column width=\u00a0\u00bb1\/3&Prime;][vc_wp_custommenu nav_menu=\u00a0\u00bb176&Prime; title=\u00a0\u00bbSwiss Chamber Soloists CD\u00a0\u00bb][\/vc_column][\/vc_row]<\/p>\n<\/div>","protected":false},"excerpt":{"rendered":"<p>[vc_row][vc_column width=\u00a0\u00bb2\/3&Prime;][vc_column_text] Quintet for Piano and Strings in E flat major, Op. 44 Quartet for Piano and Strings in E flat major, Op. 47 &nbsp; Running Time:\u00a056 min. Period Time: Romantic Form: Chamber Music Written: 1842 Studio\/Live: Studio Label: Claves Swiss Chamber Soloists J\u00fcrg D\u00e4hler, Violon Urs Walker, Violon Val\u00e9rie D\u00e4hler- Mulet, Alto Daniel Haefliger, [&hellip;]<\/p>\n","protected":false},"author":2,"featured_media":0,"parent":0,"menu_order":0,"comment_status":"closed","ping_status":"closed","template":"","meta":{"_monsterinsights_skip_tracking":false,"_monsterinsights_sitenote_active":false,"_monsterinsights_sitenote_note":"","_monsterinsights_sitenote_category":0,"footnotes":""},"class_list":["post-9221","page","type-page","status-publish","hentry"],"_links":{"self":[{"href":"https:\/\/swisschamberconcerts.ch\/fr\/wp-json\/wp\/v2\/pages\/9221","targetHints":{"allow":["GET"]}}],"collection":[{"href":"https:\/\/swisschamberconcerts.ch\/fr\/wp-json\/wp\/v2\/pages"}],"about":[{"href":"https:\/\/swisschamberconcerts.ch\/fr\/wp-json\/wp\/v2\/types\/page"}],"author":[{"embeddable":true,"href":"https:\/\/swisschamberconcerts.ch\/fr\/wp-json\/wp\/v2\/users\/2"}],"replies":[{"embeddable":true,"href":"https:\/\/swisschamberconcerts.ch\/fr\/wp-json\/wp\/v2\/comments?post=9221"}],"version-history":[{"count":8,"href":"https:\/\/swisschamberconcerts.ch\/fr\/wp-json\/wp\/v2\/pages\/9221\/revisions"}],"predecessor-version":[{"id":15421,"href":"https:\/\/swisschamberconcerts.ch\/fr\/wp-json\/wp\/v2\/pages\/9221\/revisions\/15421"}],"wp:attachment":[{"href":"https:\/\/swisschamberconcerts.ch\/fr\/wp-json\/wp\/v2\/media?parent=9221"}],"curies":[{"name":"wp","href":"https:\/\/api.w.org\/{rel}","templated":true}]}}