{"id":9239,"date":"2016-02-29T11:19:24","date_gmt":"2016-02-29T10:19:24","guid":{"rendered":"https:\/\/2022.swisschamberconcerts.ch\/fr\/?page_id=9239"},"modified":"2019-08-07T13:53:01","modified_gmt":"2019-08-07T12:53:01","slug":"happy-birthday-elliot-carter","status":"publish","type":"page","link":"https:\/\/swisschamberconcerts.ch\/fr\/happy-birthday-elliot-carter\/","title":{"rendered":"CARTER &#8211; Happy Birthday !"},"content":{"rendered":"<div class=\"wpb-content-wrapper\"><p>[vc_row][vc_column width=\u00a0\u00bb2\/3&Prime;][vc_column_text]<\/p>\n<ul>\n<li><strong>Written:<\/strong> 12\/09\/2008<img loading=\"lazy\" decoding=\"async\" class=\"alignright wp-image-9240 size-medium\" src=\"https:\/\/2022.swisschamberconcerts.ch\/wp-content\/uploads\/2016\/02\/carter-285x300.jpg\" alt=\"carter\" width=\"285\" height=\"300\" srcset=\"https:\/\/swisschamberconcerts.ch\/wp-content\/uploads\/2016\/02\/carter-285x300.jpg 285w, https:\/\/swisschamberconcerts.ch\/wp-content\/uploads\/2016\/02\/carter-255x269.jpg 255w, https:\/\/swisschamberconcerts.ch\/wp-content\/uploads\/2016\/02\/carter.jpg 600w\" sizes=\"auto, (max-width: 285px) 100vw, 285px\" \/><\/li>\n<li><strong>Label:<\/strong> <a href=\"http:\/\/www.neos-music.com\/\" target=\"_blank\" rel=\"noopener noreferrer\">Neos Classics<\/a><\/li>\n<li><strong>Recorded in:<\/strong> Stereo<\/li>\n<\/ul>\n<p>Composer: <strong>Elliott Carter<\/strong><\/p>\n<h3><strong>Swiss Chamber Soloists<\/strong><\/h3>\n<ul>\n<li><strong>Heinz Holliger<\/strong><\/li>\n<li><strong>Daniel Haefliger<\/strong><\/li>\n<li><strong>Fran\u00e7ois Benda<\/strong><\/li>\n<li><strong>J\u00fcrg D\u00e4hler<\/strong><\/li>\n<li><strong>Carolin Widmann<\/strong><\/li>\n<li><strong>Edicson Ruiz<\/strong><\/li>\n<li><strong>Felix Renggli<\/strong><\/li>\n<li><strong>Ursula Holliger<\/strong><\/li>\n<li><strong>Elmar Schmid<\/strong><\/li>\n<li><strong>Silvia Nopper<\/strong><\/li>\n<li><strong>Esther Hoppe<\/strong><\/li>\n<li><strong>Daria Zappa<\/strong><\/li>\n<li><strong>Christoph Schiller<\/strong><\/li>\n<li><strong>Emanuel Abb\u00fchl<\/strong><\/li>\n<\/ul>\n<ol>\n<li><strong>Mosaic by Elliott Carter<\/strong><br \/>\nPerformer: Heinz Holliger (Oboe), Daniel Haefliger (Cello), Fran\u00e7ois Benda (Clarinet), J\u00fcrg D\u00e4hler (Viola), Carolin Widmann (Violin), Edicson Ruiz (Double Bass), Felix Renggli (Flute), Ursula Holliger (Harp)<br \/>\nWritten: 2005; USA<\/li>\n<li><strong>Figment 4 by Elliott Carter<\/strong><br \/>\nPerformer: J\u00fcrg D\u00e4hler (Viola)<br \/>\nPeriod: 20th Century<\/li>\n<li><strong>Enchanted Preludes for Flute and Cello by Elliott Carter<\/strong><br \/>\nPerformer: Felix Renggli (Flute), Daniel Haefliger (Cello)<br \/>\nPeriod: 20th Century<br \/>\nWritten: 1988; USA<\/li>\n<li><strong>Tempo e tempi by Elliott Carter<\/strong><br \/>\nPerformer: Elmar Schmid (Clarinet), Heinz Holliger (Oboe), J\u00fcrg D\u00e4hler (Viola), Daniel Haefliger (Cello), Silvia Nopper (Soprano)<br \/>\nPeriod: 20th Century<br \/>\nWritten: 1999; New York, USA<\/li>\n<li><strong>HBHH by Elliott Carter<\/strong><br \/>\nPerformer: Heinz Holliger (Oboe)<br \/>\nPeriod: 20th Century<br \/>\nWritten: 2007<\/li>\n<li><strong>Fragment for String Quartet by Elliott Carter<\/strong><br \/>\nPerformer: Esther Hoppe (Violin), Daniel Haefliger (Cello), J\u00fcrg D\u00e4hler (Viola), Daria Zappa (Violin)<br \/>\nPeriod: 20th Century<br \/>\nWritten: 1994; USA<\/li>\n<li><strong>Quartet for Oboe and Strings by Elliott Carter<br \/>\n<\/strong>Performer: Christoph Schiller (Violin), Daniel Haefliger (Cello), J\u00fcrg D\u00e4hler (Violin), Emanuel Abb\u00fchl (Oboe)<br \/>\nPeriod: 20th Century<br \/>\nWritten: by 1995; USA<\/li>\n<\/ol>\n<p>[\/vc_column_text][\/vc_column][vc_column width=\u00a0\u00bb1\/3&Prime;][vc_wp_custommenu title=\u00a0\u00bbSwiss Chamber Soloists CD\u00a0\u00bb nav_menu=\u00a0\u00bb176&Prime;][\/vc_column][\/vc_row]<\/p>\n<\/div>","protected":false},"excerpt":{"rendered":"<p>[vc_row][vc_column width=\u00a0\u00bb2\/3&Prime;][vc_column_text] Written: 12\/09\/2008 Label: Neos Classics Recorded in: Stereo Composer: Elliott Carter Swiss Chamber Soloists Heinz Holliger Daniel Haefliger Fran\u00e7ois Benda J\u00fcrg D\u00e4hler Carolin Widmann Edicson Ruiz Felix Renggli Ursula Holliger Elmar Schmid Silvia Nopper Esther Hoppe Daria Zappa Christoph Schiller Emanuel Abb\u00fchl Mosaic by Elliott Carter Performer: Heinz Holliger (Oboe), Daniel Haefliger (Cello), [&hellip;]<\/p>\n","protected":false},"author":2,"featured_media":0,"parent":0,"menu_order":0,"comment_status":"closed","ping_status":"closed","template":"","meta":{"_monsterinsights_skip_tracking":false,"_monsterinsights_sitenote_active":false,"_monsterinsights_sitenote_note":"","_monsterinsights_sitenote_category":0,"footnotes":""},"class_list":["post-9239","page","type-page","status-publish","hentry"],"_links":{"self":[{"href":"https:\/\/swisschamberconcerts.ch\/fr\/wp-json\/wp\/v2\/pages\/9239","targetHints":{"allow":["GET"]}}],"collection":[{"href":"https:\/\/swisschamberconcerts.ch\/fr\/wp-json\/wp\/v2\/pages"}],"about":[{"href":"https:\/\/swisschamberconcerts.ch\/fr\/wp-json\/wp\/v2\/types\/page"}],"author":[{"embeddable":true,"href":"https:\/\/swisschamberconcerts.ch\/fr\/wp-json\/wp\/v2\/users\/2"}],"replies":[{"embeddable":true,"href":"https:\/\/swisschamberconcerts.ch\/fr\/wp-json\/wp\/v2\/comments?post=9239"}],"version-history":[{"count":6,"href":"https:\/\/swisschamberconcerts.ch\/fr\/wp-json\/wp\/v2\/pages\/9239\/revisions"}],"predecessor-version":[{"id":12956,"href":"https:\/\/swisschamberconcerts.ch\/fr\/wp-json\/wp\/v2\/pages\/9239\/revisions\/12956"}],"wp:attachment":[{"href":"https:\/\/swisschamberconcerts.ch\/fr\/wp-json\/wp\/v2\/media?parent=9239"}],"curies":[{"name":"wp","href":"https:\/\/api.w.org\/{rel}","templated":true}]}}