{"id":9339,"date":"2016-02-29T16:26:11","date_gmt":"2016-02-29T15:26:11","guid":{"rendered":"https:\/\/2022.swisschamberconcerts.ch\/fr\/lugano\/"},"modified":"2025-07-19T14:40:31","modified_gmt":"2025-07-19T13:40:31","slug":"lugano","status":"publish","type":"page","link":"https:\/\/swisschamberconcerts.ch\/fr\/lugano\/","title":{"rendered":"Lugano"},"content":{"rendered":"<div class=\"wpb-content-wrapper\"><p>[vc_row][vc_column width=\u00a0\u00bb1\/3&Prime;][vc_column_text css=\u00a0\u00bb.vc_custom_1534895101501{padding-top: 40px !important;}\u00a0\u00bb]<\/p>\n<h1 style=\"text-align: left;\">Saison 25\/26<\/h1>\n<hr \/>\n<p>[\/vc_column_text][vc_column_text]<\/p>\n<h4><b>Cher Public,<\/b><\/h4>\n<h5>Il est des saisons qui d\u00e9roulent un fil familier ; les n\u00f4tres, depuis toujours, tentent l\u2019audace pour boussole. Tout au long de ces prochains mois, chaque concert sera une travers\u00e9e \u2013 tant\u00f4t vertigineuse, tant\u00f4t lumineuse \u2013 de ces vastes territoires o\u00f9 la tradition dialogue avec les fulgurances d\u2019aujourd\u2019hui.<\/h5>\n<h5>Trois cr\u00e9ations mondiales command\u00e9es par les SCC jalonneront notre route\u00a0; elles portent la promesse d\u2019un premier souffle public, d\u2019un instant o\u00f9 ce qui n\u2019existait pas la veille devient n\u00e9cessaire. Comme l\u2019aventure de la musique d\u2019aujourd\u2019hui se nourrit de m\u00e9moire, nous tisserons un dialogue serr\u00e9 avec les pages immortelles du r\u00e9pertoire telles les Quatuors avec piano de Mozart et Schumann ou le Quatuor \u00e0 cordes de Tcha\u00efkovski.<\/h5>\n<h5>Cette nouvelle saison invite \u00e0 l\u2019\u00e9coute franche, \u00e0 l\u2019\u00e9merveillement sans filtre, \u00e0 la curiosit\u00e9 ardente. Quiconque franchit le seuil de nos concerts\u00a0accepte d\u2019interroger ses\u00a0rep\u00e8res, de risquer l\u2019\u00e9motion brute, de partager le silence qui pr\u00e9c\u00e8de le premier accord et la r\u00e9manence qui suit la derni\u00e8re note. Puissions-nous, ensemble, faire vibrer ces instants avec la m\u00eame urgence que celles et ceux qui les offrent.<\/h5>\n<h5 style=\"text-align: justify;\"><\/h5>\n<h4><span style=\"font-weight: 400;\"><strong>Daniel Haefliger<\/strong><\/span><\/p>\n<h5><em>Directeur artistique<br \/>\nSWISS CHAMBER CONCERTS Lugano<br \/>\n<\/em><\/h5>\n<p>[\/vc_column_text][\/vc_column][vc_column width=\u00a0\u00bb2\/3&Prime;][vc_column_text css=\u00a0\u00bb.vc_custom_1458150687527{padding-top: 40px !important;}\u00a0\u00bb]<\/p>\n<h1>Prochains concerts<\/h1>\n<hr \/>\n<p>[\/vc_column_text]    \t<section class=\"un-post-scroller un-post-scroller-4331 \" data-delay=0>\n        \t<div class=\"section-inner-no-padding\">\n                <div class=\"post-scroller-wrap\">\n                    <div class=\"post-scroller-carousel\" data-next='.post-scroller-down' data-prev='.post-scroller-up'>\n                    <div class=\"post-scroller-carousel-inner\">\n                                            <div class=\"post-scroller-item\">\n                        \t<div class=\"scroller-item-inner\">\n                            \t<div class=\"scroller-item-content post-item-mini\">\n                                \t<div class=\"row\">\n                                        <div class=\"col-md-4 col-sm-4 col-xs-4 post-thumbnail-mini\">\n                                        \t<div class=\"item-thumbnail\">\n                                            <a href=\"https:\/\/swisschamberconcerts.ch\/fr\/concert\/opusholliger-2\/\" title=\"OPUSHOLLIGER\">\n                                                                                                <img loading=\"lazy\" decoding=\"async\" src=\"https:\/\/swisschamberconcerts.ch\/wp-content\/uploads\/2025\/06\/Heinz_Holliger_Priska_Ketterer-150x150.jpeg\" width=\"150\" height=\"150\" title=\"OPUSHOLLIGER\" alt=\"OPUSHOLLIGER\">\n                                                <div class=\"thumbnail-hoverlay main-color-1-bg\"><\/div>\n\t\t\t\t\t\t\t\t\t\t\t\t<div class=\"thumbnail-hoverlay-cross\"><\/div>\n                                            <\/a>\n                                            <\/div>\n                                        <\/div>\n                                        <div class=\"col-md-8 col-sm-8 col-xs-8 post-content-mini\">\n                                            <h4><a class=\"post-title-mini main-color-1-hover\" href=\"https:\/\/swisschamberconcerts.ch\/fr\/concert\/opusholliger-2\/\" title=\"OPUSHOLLIGER\">OPUS<span style=\"color: #d30039;\">HOLLIGER<\/span><\/a><\/h4>\n                                            <div class=\"post-excerpt-mini\">JEAN-PHILIPPE RAMEAU <sup>1683-1764<\/sup><br>\r\nCLAUDE DEBUSSY <sup>1862-1918<\/sup><br>\r\nCHARLES KOECHLIN <sup>1867-1950<\/sup><br>\r\nPHILIPPE RACINE <sup>*1958<\/sup><br>\r\nHEINZ HOLLIGER <sup>*1939<\/sup><br>\r\nGY\u00d6RGY KURT\u00c1G <sup>*1926<\/sup><br>\r\nJOHANN CHRISTIAN BACH <sup>1735-1782<\/sup><br><\/div>\n                                        <\/div>\n                                    <\/div>\n                                <\/div><!--\/post-item-mini-->\n                            <\/div>\n                        <\/div><!--\/post-scroller-item-->\n                                        <\/div>\n                    <\/div>\n                    <div class=\"post-scroller-control\">\n                        <span class=\"post-scroller-button-wrap\">\n                        \t<a class=\"btn btn-primary post-scroller-button post-scroller-down\" href=\"#\"><i class=\"fa fa-angle-down\"><\/i><\/a>\n                        \t<a class=\"btn btn-primary post-scroller-button post-scroller-up\" href=\"#\"> <i class=\"fa fa-angle-up\"><\/i><\/a>\n                        <\/span>\n                                            <\/div>\n                <\/div>\n            <\/div><!--\/section-inner-->\n        <\/section><!--\/u-post-carousel-->\n\t[vc_column_text css=\u00a0\u00bb.vc_custom_1458151023260{padding-top: 40px !important;}\u00a0\u00bb]<\/p>\n<h1>Pr\u00e9c\u00e9dents\u00a0Concerts<\/h1>\n<hr \/>\n<p>[\/vc_column_text]    \t<section class=\"un-post-scroller un-post-scroller-6174 \" data-delay=0>\n        \t<div class=\"section-inner-no-padding\">\n                <div class=\"post-scroller-wrap\">\n                    <div class=\"post-scroller-carousel\" data-next='.post-scroller-down' data-prev='.post-scroller-up'>\n                    <div class=\"post-scroller-carousel-inner\">\n                                            <div class=\"post-scroller-item\">\n                        \t<div class=\"scroller-item-inner\">\n                            \t<div class=\"scroller-item-content post-item-mini\">\n                                \t<div class=\"row\">\n                                        <div class=\"col-md-4 col-sm-4 col-xs-4 post-thumbnail-mini\">\n                                        \t<div class=\"item-thumbnail\">\n                                            <a href=\"https:\/\/swisschamberconcerts.ch\/fr\/concert\/opuscajkovskij\/\" title=\"OPUSTCHA\u00cfKOVSKI\">\n                                                                                                <img loading=\"lazy\" decoding=\"async\" src=\"https:\/\/swisschamberconcerts.ch\/wp-content\/uploads\/2025\/07\/7028be2d45b862c9e9647689445cdcef77e70351-4755x3164-2-150x150.jpg\" width=\"150\" height=\"150\" title=\"OPUSTCHA\u00cfKOVSKI\" alt=\"OPUSTCHA\u00cfKOVSKI\">\n                                                <div class=\"thumbnail-hoverlay main-color-1-bg\"><\/div>\n\t\t\t\t\t\t\t\t\t\t\t\t<div class=\"thumbnail-hoverlay-cross\"><\/div>\n                                            <\/a>\n                                            <\/div>\n                                        <\/div>\n                                        <div class=\"col-md-8 col-sm-8 col-xs-8 post-content-mini\">\n                                            <h4><a class=\"post-title-mini main-color-1-hover\" href=\"https:\/\/swisschamberconcerts.ch\/fr\/concert\/opuscajkovskij\/\" title=\"OPUSTCHA\u00cfKOVSKI\">OPUS<span style=\"color: #d30039;\">TCHA\u00cfKOVSKI<\/span><\/a><\/h4>\n                                            <div class=\"post-excerpt-mini\">FRANZ SCHUBERT <sup>1797-1828<\/sup><br>\r\nCHRISTIAN ELLIOTT <sup>1984-2025<\/sup><br>\r\nKAROL SZYMANOWSKI <sup>1882-1937<\/sup><br>\r\nPIOTR ILITCH TCHA\u00cfKOVSKI <sup>1840-1893<\/sup><br><\/div>\n                                        <\/div>\n                                    <\/div>\n                                <\/div><!--\/post-item-mini-->\n                            <\/div>\n                        <\/div><!--\/post-scroller-item-->\n                                            <div class=\"post-scroller-item\">\n                        \t<div class=\"scroller-item-inner\">\n                            \t<div class=\"scroller-item-content post-item-mini\">\n                                \t<div class=\"row\">\n                                        <div class=\"col-md-4 col-sm-4 col-xs-4 post-thumbnail-mini\">\n                                        \t<div class=\"item-thumbnail\">\n                                            <a href=\"https:\/\/swisschamberconcerts.ch\/fr\/concert\/opusschumann-2\/\" title=\"OPUSSCHUMANN\">\n                                                                                                <img loading=\"lazy\" decoding=\"async\" src=\"https:\/\/swisschamberconcerts.ch\/wp-content\/uploads\/2025\/06\/OPUS-SCHUMANN_6700\u00a9MiguelBueno-150x150.jpg\" width=\"150\" height=\"150\" title=\"OPUSSCHUMANN\" alt=\"OPUSSCHUMANN\">\n                                                <div class=\"thumbnail-hoverlay main-color-1-bg\"><\/div>\n\t\t\t\t\t\t\t\t\t\t\t\t<div class=\"thumbnail-hoverlay-cross\"><\/div>\n                                            <\/a>\n                                            <\/div>\n                                        <\/div>\n                                        <div class=\"col-md-8 col-sm-8 col-xs-8 post-content-mini\">\n                                            <h4><a class=\"post-title-mini main-color-1-hover\" href=\"https:\/\/swisschamberconcerts.ch\/fr\/concert\/opusschumann-2\/\" title=\"OPUSSCHUMANN\">OPUS<span style=\"color: #d30039;\">SCHUMANN<\/span><\/a><\/h4>\n                                            <div class=\"post-excerpt-mini\">WOLFGANG AMADEUS MOZART <sup>1756-1791<\/sup><br>\r\nLUDWIG VAN BEETHOVEN <sup>1770-1827<\/sup><br>\r\nMISCHA K\u00c4SER <sup>*1959<\/sup><br>\r\nROBERT SCHUMANN <sup>1810-1856<\/sup><br><\/div>\n                                        <\/div>\n                                    <\/div>\n                                <\/div><!--\/post-item-mini-->\n                            <\/div>\n                        <\/div><!--\/post-scroller-item-->\n                                            <div class=\"post-scroller-item\">\n                        \t<div class=\"scroller-item-inner\">\n                            \t<div class=\"scroller-item-content post-item-mini\">\n                                \t<div class=\"row\">\n                                        <div class=\"col-md-4 col-sm-4 col-xs-4 post-thumbnail-mini\">\n                                        \t<div class=\"item-thumbnail\">\n                                            <a href=\"https:\/\/swisschamberconcerts.ch\/fr\/concert\/opusmusorgskij\/\" title=\"OPUSMOUSSORGSKI\">\n                                                                                                <img loading=\"lazy\" decoding=\"async\" src=\"https:\/\/swisschamberconcerts.ch\/wp-content\/uploads\/2025\/06\/OPUS-MUSSORGSKY_7564\u00a9MiguelBueno-150x150.jpg\" width=\"150\" height=\"150\" title=\"OPUSMOUSSORGSKI\" alt=\"OPUSMOUSSORGSKI\">\n                                                <div class=\"thumbnail-hoverlay main-color-1-bg\"><\/div>\n\t\t\t\t\t\t\t\t\t\t\t\t<div class=\"thumbnail-hoverlay-cross\"><\/div>\n                                            <\/a>\n                                            <\/div>\n                                        <\/div>\n                                        <div class=\"col-md-8 col-sm-8 col-xs-8 post-content-mini\">\n                                            <h4><a class=\"post-title-mini main-color-1-hover\" href=\"https:\/\/swisschamberconcerts.ch\/fr\/concert\/opusmusorgskij\/\" title=\"OPUSMOUSSORGSKI\">OPUS<span style=\"color: #d30039;\">MOUSSORGSKI<\/span><\/a><\/h4>\n                                            <div class=\"post-excerpt-mini\">MAURICE RAVEL <sup>1875-1937<\/sup><br>\r\nMODESTE MOUSSORGSKI <sup>1839-1881<\/sup><br>\r\nMIKHA\u00cfL GLINKA <sup>1804-1857<\/sup><br>\r\nSTEFAN WIRTH <sup>*1975<\/sup><br><\/div>\n                                        <\/div>\n                                    <\/div>\n                                <\/div><!--\/post-item-mini-->\n                            <\/div>\n                        <\/div><!--\/post-scroller-item-->\n                                            <div class=\"post-scroller-item\">\n                        \t<div class=\"scroller-item-inner\">\n                            \t<div class=\"scroller-item-content post-item-mini\">\n                                \t<div class=\"row\">\n                                        <div class=\"col-md-4 col-sm-4 col-xs-4 post-thumbnail-mini\">\n                                        \t<div class=\"item-thumbnail\">\n                                            <a href=\"https:\/\/swisschamberconcerts.ch\/fr\/concert\/holliger-2-2\/\" title=\"ECOHOLLIGER\">\n                                                                                                <img loading=\"lazy\" decoding=\"async\" src=\"https:\/\/swisschamberconcerts.ch\/wp-content\/uploads\/2020\/07\/jurgdahlerconcert-150x150.png\" width=\"150\" height=\"150\" title=\"ECOHOLLIGER\" alt=\"ECOHOLLIGER\">\n                                                <div class=\"thumbnail-hoverlay main-color-1-bg\"><\/div>\n\t\t\t\t\t\t\t\t\t\t\t\t<div class=\"thumbnail-hoverlay-cross\"><\/div>\n                                            <\/a>\n                                            <\/div>\n                                        <\/div>\n                                        <div class=\"col-md-8 col-sm-8 col-xs-8 post-content-mini\">\n                                            <h4><a class=\"post-title-mini main-color-1-hover\" href=\"https:\/\/swisschamberconcerts.ch\/fr\/concert\/holliger-2-2\/\" title=\"ECOHOLLIGER\">ECO<span style=\"color: #ee0d27;\">HOLLIGER<\/span><\/a><\/h4>\n                                            <div class=\"post-excerpt-mini\">WOLFGANG AMADEUS MOZART <sup>1756-1791<\/sup><br>\r\nKLAUS HUBER <sup>1924-2017<\/sup><br>\r\nHEINZ HOLLIGER <sup>*1939<\/sup><br><\/div>\n                                        <\/div>\n                                    <\/div>\n                                <\/div><!--\/post-item-mini-->\n                            <\/div>\n                        <\/div><!--\/post-scroller-item-->\n                                            <div class=\"post-scroller-item\">\n                        \t<div class=\"scroller-item-inner\">\n                            \t<div class=\"scroller-item-content post-item-mini\">\n                                \t<div class=\"row\">\n                                        <div class=\"col-md-4 col-sm-4 col-xs-4 post-thumbnail-mini\">\n                                        \t<div class=\"item-thumbnail\">\n                                            <a href=\"https:\/\/swisschamberconcerts.ch\/fr\/concert\/ecosmetana\/\" title=\"ECOSMETANA\">\n                                                                                                <img loading=\"lazy\" decoding=\"async\" src=\"https:\/\/swisschamberconcerts.ch\/wp-content\/uploads\/2019\/07\/DanielHaefligerconcert-150x150.jpg\" width=\"150\" height=\"150\" title=\"ECOSMETANA\" alt=\"ECOSMETANA\">\n                                                <div class=\"thumbnail-hoverlay main-color-1-bg\"><\/div>\n\t\t\t\t\t\t\t\t\t\t\t\t<div class=\"thumbnail-hoverlay-cross\"><\/div>\n                                            <\/a>\n                                            <\/div>\n                                        <\/div>\n                                        <div class=\"col-md-8 col-sm-8 col-xs-8 post-content-mini\">\n                                            <h4><a class=\"post-title-mini main-color-1-hover\" href=\"https:\/\/swisschamberconcerts.ch\/fr\/concert\/ecosmetana\/\" title=\"ECOSMETANA\">ECO<span style=\"color: #ee0d27;\">SMETANA<\/span><\/a><\/h4>\n                                            <div class=\"post-excerpt-mini\">LEO\u0160 JAN\u00c1\u010cEK <sup>1854-1928<\/sup><br>\r\nANTON\u00cdN DVO\u0158\u00c1K <sup>1841-1904<\/sup><br>\r\nWILLIAM BLANK <sup>*1957<\/sup><br><\/div>\n                                        <\/div>\n                                    <\/div>\n                                <\/div><!--\/post-item-mini-->\n                            <\/div>\n                        <\/div><!--\/post-scroller-item-->\n                                            <div class=\"post-scroller-item\">\n                        \t<div class=\"scroller-item-inner\">\n                            \t<div class=\"scroller-item-content post-item-mini\">\n                                \t<div class=\"row\">\n                                        <div class=\"col-md-4 col-sm-4 col-xs-4 post-thumbnail-mini\">\n                                        \t<div class=\"item-thumbnail\">\n                                            <a href=\"https:\/\/swisschamberconcerts.ch\/fr\/concert\/ecofiati-2\/\" title=\"ECOFIATI\">\n                                                                                                <img loading=\"lazy\" decoding=\"async\" src=\"https:\/\/swisschamberconcerts.ch\/wp-content\/uploads\/2023\/08\/Emanuel-Abbuhl-1-150x150.jpeg\" width=\"150\" height=\"150\" title=\"ECOFIATI\" alt=\"ECOFIATI\">\n                                                <div class=\"thumbnail-hoverlay main-color-1-bg\"><\/div>\n\t\t\t\t\t\t\t\t\t\t\t\t<div class=\"thumbnail-hoverlay-cross\"><\/div>\n                                            <\/a>\n                                            <\/div>\n                                        <\/div>\n                                        <div class=\"col-md-8 col-sm-8 col-xs-8 post-content-mini\">\n                                            <h4><a class=\"post-title-mini main-color-1-hover\" href=\"https:\/\/swisschamberconcerts.ch\/fr\/concert\/ecofiati-2\/\" title=\"ECOFIATI\">ECO<span style=\"color: #ee0d27;\">FIATI<\/span><\/a><\/h4>\n                                            <div class=\"post-excerpt-mini\">YEHOSHUA LAKNER <sup>1924-2003<\/sup><br>\r\nRUTH CRAWFORD-SEEGER <sup>1901-1953<\/sup><br>\r\nMASSIMILIANO MATESIC<sup>*1969<\/sup><br>\r\nAMY MARCY BEACH <sup>1867-1944<\/sup><br>\r\nJACQUES IBERT <sup>1890-1962<\/sup><br>\r\nLUDWIG THUILLE <sup>1861-1907<\/sup><br>\r\n<\/div>\n                                        <\/div>\n                                    <\/div>\n                                <\/div><!--\/post-item-mini-->\n                            <\/div>\n                        <\/div><!--\/post-scroller-item-->\n                                            <div class=\"post-scroller-item\">\n                        \t<div class=\"scroller-item-inner\">\n                            \t<div class=\"scroller-item-content post-item-mini\">\n                                \t<div class=\"row\">\n                                        <div class=\"col-md-4 col-sm-4 col-xs-4 post-thumbnail-mini\">\n                                        \t<div class=\"item-thumbnail\">\n                                            <a href=\"https:\/\/swisschamberconcerts.ch\/fr\/concert\/echobeethoven-2\/\" title=\"ECOBEETHOVEN\">\n                                                                                                <img loading=\"lazy\" decoding=\"async\" src=\"https:\/\/swisschamberconcerts.ch\/wp-content\/uploads\/2024\/08\/ruth-150x150.jpg\" width=\"150\" height=\"150\" title=\"ECOBEETHOVEN\" alt=\"ECOBEETHOVEN\">\n                                                <div class=\"thumbnail-hoverlay main-color-1-bg\"><\/div>\n\t\t\t\t\t\t\t\t\t\t\t\t<div class=\"thumbnail-hoverlay-cross\"><\/div>\n                                            <\/a>\n                                            <\/div>\n                                        <\/div>\n                                        <div class=\"col-md-8 col-sm-8 col-xs-8 post-content-mini\">\n                                            <h4><a class=\"post-title-mini main-color-1-hover\" href=\"https:\/\/swisschamberconcerts.ch\/fr\/concert\/echobeethoven-2\/\" title=\"ECOBEETHOVEN\">ECO<span style=\"color: #ee0d27;\">BEETHOVEN<\/span><\/a><\/h4>\n                                            <div class=\"post-excerpt-mini\">LUDWIG VAN BEETHOVEN <sup>1770-1827<\/sup><br>\r\nTHOMAS ZEHETMAIR <sup>*1961<\/sup><\/div>\n                                        <\/div>\n                                    <\/div>\n                                <\/div><!--\/post-item-mini-->\n                            <\/div>\n                        <\/div><!--\/post-scroller-item-->\n                                        <\/div>\n                    <\/div>\n                    <div class=\"post-scroller-control\">\n                        <span class=\"post-scroller-button-wrap\">\n                        \t<a class=\"btn btn-primary post-scroller-button post-scroller-down\" href=\"#\"><i class=\"fa fa-angle-down\"><\/i><\/a>\n                        \t<a class=\"btn btn-primary post-scroller-button post-scroller-up\" href=\"#\"> <i class=\"fa fa-angle-up\"><\/i><\/a>\n                        <\/span>\n                                            <\/div>\n                <\/div>\n            <\/div><!--\/section-inner-->\n        <\/section><!--\/u-post-carousel-->\n\t[vc_column_text css=\u00a0\u00bb.vc_custom_1458151023260{padding-top: 40px !important;}\u00a0\u00bb]<\/p>\n<p>[\/vc_column_text][\/vc_column][\/vc_row]<\/p>\n<\/div>","protected":false},"excerpt":{"rendered":"<p>[vc_row][vc_column width=\u00a0\u00bb1\/3&Prime;][vc_column_text css=\u00a0\u00bb.vc_custom_1534895101501{padding-top: 40px !important;}\u00a0\u00bb] Saison 25\/26 [\/vc_column_text][vc_column_text] Cher Public, Il est des saisons qui d\u00e9roulent un fil familier ; les n\u00f4tres, depuis toujours, tentent l\u2019audace pour boussole. Tout au long de ces prochains mois, chaque concert sera une travers\u00e9e \u2013 tant\u00f4t vertigineuse, tant\u00f4t lumineuse \u2013 de ces vastes territoires o\u00f9 la tradition dialogue avec [&hellip;]<\/p>\n","protected":false},"author":2,"featured_media":0,"parent":0,"menu_order":0,"comment_status":"closed","ping_status":"closed","template":"","meta":{"_monsterinsights_skip_tracking":false,"_monsterinsights_sitenote_active":false,"_monsterinsights_sitenote_note":"","_monsterinsights_sitenote_category":0,"footnotes":""},"class_list":["post-9339","page","type-page","status-publish","hentry"],"_links":{"self":[{"href":"https:\/\/swisschamberconcerts.ch\/fr\/wp-json\/wp\/v2\/pages\/9339","targetHints":{"allow":["GET"]}}],"collection":[{"href":"https:\/\/swisschamberconcerts.ch\/fr\/wp-json\/wp\/v2\/pages"}],"about":[{"href":"https:\/\/swisschamberconcerts.ch\/fr\/wp-json\/wp\/v2\/types\/page"}],"author":[{"embeddable":true,"href":"https:\/\/swisschamberconcerts.ch\/fr\/wp-json\/wp\/v2\/users\/2"}],"replies":[{"embeddable":true,"href":"https:\/\/swisschamberconcerts.ch\/fr\/wp-json\/wp\/v2\/comments?post=9339"}],"version-history":[{"count":32,"href":"https:\/\/swisschamberconcerts.ch\/fr\/wp-json\/wp\/v2\/pages\/9339\/revisions"}],"predecessor-version":[{"id":19440,"href":"https:\/\/swisschamberconcerts.ch\/fr\/wp-json\/wp\/v2\/pages\/9339\/revisions\/19440"}],"wp:attachment":[{"href":"https:\/\/swisschamberconcerts.ch\/fr\/wp-json\/wp\/v2\/media?parent=9339"}],"curies":[{"name":"wp","href":"https:\/\/api.w.org\/{rel}","templated":true}]}}