{"id":9880,"date":"2016-03-10T10:33:36","date_gmt":"2016-03-10T09:33:36","guid":{"rendered":"https:\/\/2022.swisschamberconcerts.ch\/fr\/?page_id=9880"},"modified":"2022-07-21T22:18:43","modified_gmt":"2022-07-21T21:18:43","slug":"contact-geneve","status":"publish","type":"page","link":"https:\/\/swisschamberconcerts.ch\/fr\/contact-geneve\/","title":{"rendered":"Contact Gen\u00e8ve"},"content":{"rendered":"<div class=\"wpb-content-wrapper\"><p>[vc_row][vc_column][vc_row_inner][vc_column_inner width=\u00a0\u00bb1\/2&Prime;]\n<div class=\"wpcf7 no-js\" id=\"wpcf7-f1251-o1\" lang=\"en-US\" dir=\"ltr\" data-wpcf7-id=\"1251\">\n<div class=\"screen-reader-response\"><p role=\"status\" aria-live=\"polite\" aria-atomic=\"true\"><\/p> <ul><\/ul><\/div>\n<form action=\"\/fr\/wp-json\/wp\/v2\/pages\/9880#wpcf7-f1251-o1\" method=\"post\" class=\"wpcf7-form init\" aria-label=\"Contact form\" novalidate=\"novalidate\" data-status=\"init\">\n<fieldset class=\"hidden-fields-container\"><input type=\"hidden\" name=\"_wpcf7\" value=\"1251\" \/><input type=\"hidden\" name=\"_wpcf7_version\" value=\"6.1.5\" \/><input type=\"hidden\" name=\"_wpcf7_locale\" value=\"en_US\" \/><input type=\"hidden\" name=\"_wpcf7_unit_tag\" value=\"wpcf7-f1251-o1\" \/><input type=\"hidden\" name=\"_wpcf7_container_post\" value=\"0\" \/><input type=\"hidden\" name=\"_wpcf7_posted_data_hash\" value=\"\" \/>\n<\/fieldset>\n<div id=\"contact\">\n<div class=\"wpcf7-response-output\" aria-hidden=\"true\"><\/div>\n\t<p><label for=\"name\">Nom <\/label><br \/>\n<span class=\"wpcf7-form-control-wrap\" data-name=\"your-name\"><input size=\"40\" maxlength=\"400\" class=\"wpcf7-form-control wpcf7-text\" id=\"name\" aria-invalid=\"false\" value=\"\" type=\"text\" name=\"your-name\" \/><\/span>\n\t<\/p>\n\t<p><label for=\"email\">Email <\/label><br \/>\n<span class=\"wpcf7-form-control-wrap\" data-name=\"your-email\"><input size=\"40\" maxlength=\"400\" class=\"wpcf7-form-control wpcf7-email wpcf7-validates-as-required wpcf7-text wpcf7-validates-as-email\" id=\"email\" aria-required=\"true\" aria-invalid=\"false\" value=\"\" type=\"email\" name=\"your-email\" \/><\/span>\n\t<\/p>\n\t<p><label for=\"subject\">Sujet <\/label><br \/>\n<span class=\"wpcf7-form-control-wrap\" data-name=\"your-subject\"><input size=\"40\" maxlength=\"400\" class=\"wpcf7-form-control wpcf7-text\" id=\"subject\" aria-invalid=\"false\" value=\"\" type=\"text\" name=\"your-subject\" \/><\/span>\n\t<\/p>\n\t<p><label for=\"message\">Message <\/label><br \/>\n<span class=\"wpcf7-form-control-wrap\" data-name=\"your-message\"><textarea cols=\"40\" rows=\"10\" maxlength=\"2000\" class=\"wpcf7-form-control wpcf7-textarea\" id=\"message\" aria-invalid=\"false\" name=\"your-message\"><\/textarea><\/span>\n\t<\/p>\n\t<p><label for=\"formquiz\">Veuillez \u00e9crire le r\u00e9sultat de l'op\u00e9ration suivante<\/label><br \/>\n<span class=\"wpcf7-form-control-wrap\" data-name=\"fr-quiz\"><label><span class=\"wpcf7-quiz-label\">2+2 =<\/span> <input size=\"10\" class=\"wpcf7-form-control wpcf7-quiz\" id=\"formquiz\" autocomplete=\"off\" aria-required=\"true\" aria-invalid=\"false\" type=\"text\" name=\"fr-quiz\" \/><\/label><input type=\"hidden\" name=\"_wpcf7_quiz_answer_fr-quiz\" value=\"1f7c993558d4a91597148d9eb63bdf44\" \/><\/span>\n\t<\/p>\n<div class=\"wpcf7-response-output\" aria-hidden=\"true\"><\/div>\n\t<p><input class=\"wpcf7-form-control wpcf7-submit has-spinner\" type=\"submit\" value=\"Envoyer\" \/>\n\t<\/p>\n<\/div>\n<\/form>\n<\/div>\n[\/vc_column_inner][vc_column_inner width=\u00a0\u00bb1\/2&Prime;][vc_column_text]<\/p>\n<h2>Information<\/h2>\n<hr \/>\n<p>Swiss Chamber Concerts Gen\u00e8ve<br \/>\nRue Louis-Curval 2<br \/>\n1206 Gen\u00e8ve<\/p>\n<p><strong>Hildegard Stauder<\/strong><\/p>\n<p><img loading=\"lazy\" decoding=\"async\" class=\"alignnone size-thumbnail wp-image-9927\" src=\"https:\/\/2022.swisschamberconcerts.ch\/wp-content\/uploads\/2016\/02\/unnamed-3-150x150.jpg\" alt=\"unnamed-3\" width=\"150\" height=\"150\" srcset=\"https:\/\/swisschamberconcerts.ch\/wp-content\/uploads\/2016\/02\/unnamed-3-150x150.jpg 150w, https:\/\/swisschamberconcerts.ch\/wp-content\/uploads\/2016\/02\/unnamed-3-50x50.jpg 50w, https:\/\/swisschamberconcerts.ch\/wp-content\/uploads\/2016\/02\/unnamed-3-80x80.jpg 80w, https:\/\/swisschamberconcerts.ch\/wp-content\/uploads\/2016\/02\/unnamed-3-263x263.jpg 263w, https:\/\/swisschamberconcerts.ch\/wp-content\/uploads\/2016\/02\/unnamed-3-100x100.jpg 100w, https:\/\/swisschamberconcerts.ch\/wp-content\/uploads\/2016\/02\/unnamed-3-255x255.jpg 255w\" sizes=\"auto, (max-width: 150px) 100vw, 150px\" \/><\/p>\n<p>+41 22 347 05 12<br \/>\n<a href=\"mailto:hildegard.stauder@swisschamberconcerts.ch\">hildegard.stauder@swisschamberconcerts.ch<\/a>[\/vc_column_text][vc_btn title=\u00a0\u00bbR\u00e9servation\u00a0\u00bb link=\u00a0\u00bburl:https%3A%2F%2F2022.swisschamberconcerts.ch%2Ffr%2Fbillets-abonnements-geneve%2F|title:Billetterie%20Gen%C3%A8ve%20|\u00a0\u00bb][\/vc_column_inner][\/vc_row_inner][\/vc_column][\/vc_row]<\/p>\n<\/div>","protected":false},"excerpt":{"rendered":"<p>[vc_row][vc_column][vc_row_inner][vc_column_inner width=\u00a0\u00bb1\/2&Prime;][\/vc_column_inner][vc_column_inner width=\u00a0\u00bb1\/2&Prime;][vc_column_text] Information Swiss Chamber Concerts Gen\u00e8ve Rue Louis-Curval 2 1206 Gen\u00e8ve Hildegard Stauder +41 22 347 05 12 hildegard.stauder@swisschamberconcerts.ch[\/vc_column_text][vc_btn title=\u00a0\u00bbR\u00e9servation\u00a0\u00bb link=\u00a0\u00bburl:https%3A%2F%2F2022.swisschamberconcerts.ch%2Ffr%2Fbillets-abonnements-geneve%2F|title:Billetterie%20Gen%C3%A8ve%20|\u00a0\u00bb][\/vc_column_inner][\/vc_row_inner][\/vc_column][\/vc_row]<\/p>\n","protected":false},"author":1,"featured_media":0,"parent":0,"menu_order":0,"comment_status":"closed","ping_status":"closed","template":"","meta":{"_monsterinsights_skip_tracking":false,"_monsterinsights_sitenote_active":false,"_monsterinsights_sitenote_note":"","_monsterinsights_sitenote_category":0,"footnotes":""},"class_list":["post-9880","page","type-page","status-publish","hentry"],"_links":{"self":[{"href":"https:\/\/swisschamberconcerts.ch\/fr\/wp-json\/wp\/v2\/pages\/9880","targetHints":{"allow":["GET"]}}],"collection":[{"href":"https:\/\/swisschamberconcerts.ch\/fr\/wp-json\/wp\/v2\/pages"}],"about":[{"href":"https:\/\/swisschamberconcerts.ch\/fr\/wp-json\/wp\/v2\/types\/page"}],"author":[{"embeddable":true,"href":"https:\/\/swisschamberconcerts.ch\/fr\/wp-json\/wp\/v2\/users\/1"}],"replies":[{"embeddable":true,"href":"https:\/\/swisschamberconcerts.ch\/fr\/wp-json\/wp\/v2\/comments?post=9880"}],"version-history":[{"count":9,"href":"https:\/\/swisschamberconcerts.ch\/fr\/wp-json\/wp\/v2\/pages\/9880\/revisions"}],"predecessor-version":[{"id":15872,"href":"https:\/\/swisschamberconcerts.ch\/fr\/wp-json\/wp\/v2\/pages\/9880\/revisions\/15872"}],"wp:attachment":[{"href":"https:\/\/swisschamberconcerts.ch\/fr\/wp-json\/wp\/v2\/media?parent=9880"}],"curies":[{"name":"wp","href":"https:\/\/api.w.org\/{rel}","templated":true}]}}