{"id":9889,"date":"2016-03-10T10:38:49","date_gmt":"2016-03-10T09:38:49","guid":{"rendered":"https:\/\/2022.swisschamberconcerts.ch\/fr\/?page_id=9889"},"modified":"2023-10-14T23:08:48","modified_gmt":"2023-10-14T22:08:48","slug":"contact-lugano","status":"publish","type":"page","link":"https:\/\/swisschamberconcerts.ch\/fr\/contact-lugano\/","title":{"rendered":"Contact Lugano"},"content":{"rendered":"<div class=\"wpb-content-wrapper\"><p>[vc_row][vc_column][vc_row_inner][vc_column_inner width=\u00a0\u00bb1\/2&Prime;]\n<div class=\"wpcf7 no-js\" id=\"wpcf7-f8573-o1\" lang=\"en-US\" dir=\"ltr\" data-wpcf7-id=\"8573\">\n<div class=\"screen-reader-response\"><p role=\"status\" aria-live=\"polite\" aria-atomic=\"true\"><\/p> <ul><\/ul><\/div>\n<form action=\"\/fr\/wp-json\/wp\/v2\/pages\/9889#wpcf7-f8573-o1\" method=\"post\" class=\"wpcf7-form init\" aria-label=\"Contact form\" novalidate=\"novalidate\" data-status=\"init\">\n<fieldset class=\"hidden-fields-container\"><input type=\"hidden\" name=\"_wpcf7\" value=\"8573\" \/><input type=\"hidden\" name=\"_wpcf7_version\" value=\"6.1.5\" \/><input type=\"hidden\" name=\"_wpcf7_locale\" value=\"en_US\" \/><input type=\"hidden\" name=\"_wpcf7_unit_tag\" value=\"wpcf7-f8573-o1\" \/><input type=\"hidden\" name=\"_wpcf7_container_post\" value=\"0\" \/><input type=\"hidden\" name=\"_wpcf7_posted_data_hash\" value=\"\" \/>\n<\/fieldset>\n<div id=\"contact\">\n<div class=\"wpcf7-response-output\" aria-hidden=\"true\"><\/div>\n\t<p><label for=\"name\">Nom<\/label><br \/>\n<span class=\"wpcf7-form-control-wrap\" data-name=\"your-name\"><input size=\"40\" maxlength=\"400\" class=\"wpcf7-form-control wpcf7-text\" id=\"name\" aria-invalid=\"false\" value=\"\" type=\"text\" name=\"your-name\" \/><\/span>\n\t<\/p>\n\t<p><label for=\"email\">E-mail <\/label><br \/>\n<span class=\"wpcf7-form-control-wrap\" data-name=\"your-email\"><input size=\"40\" maxlength=\"400\" class=\"wpcf7-form-control wpcf7-email wpcf7-validates-as-required wpcf7-text wpcf7-validates-as-email\" id=\"email\" aria-required=\"true\" aria-invalid=\"false\" value=\"\" type=\"email\" name=\"your-email\" \/><\/span>\n\t<\/p>\n\t<p><label for=\"subject\">Sujet <\/label><br \/>\n<span class=\"wpcf7-form-control-wrap\" data-name=\"your-subject\"><input size=\"40\" maxlength=\"400\" class=\"wpcf7-form-control wpcf7-text\" id=\"subject\" aria-invalid=\"false\" value=\"\" type=\"text\" name=\"your-subject\" \/><\/span>\n\t<\/p>\n\t<p><label for=\"message\">Message <\/label><br \/>\n<span class=\"wpcf7-form-control-wrap\" data-name=\"your-message\"><textarea cols=\"40\" rows=\"10\" maxlength=\"2000\" class=\"wpcf7-form-control wpcf7-textarea\" id=\"message\" aria-invalid=\"false\" name=\"your-message\"><\/textarea><\/span>\n\t<\/p>\n\t<p><label for=\"formquiz\">Veuillez \u00e9crire le r\u00e9sultat de l'op\u00e9ration suivante<\/label><br \/>\n<span class=\"wpcf7-form-control-wrap\" data-name=\"fr-quiz\"><label><span class=\"wpcf7-quiz-label\">3+1 =<\/span> <input size=\"10\" class=\"wpcf7-form-control wpcf7-quiz\" id=\"formquiz\" autocomplete=\"off\" aria-required=\"true\" aria-invalid=\"false\" type=\"text\" name=\"fr-quiz\" \/><\/label><input type=\"hidden\" name=\"_wpcf7_quiz_answer_fr-quiz\" value=\"1f7c993558d4a91597148d9eb63bdf44\" \/><\/span>\n\t<\/p>\n<div class=\"wpcf7-response-output\" aria-hidden=\"true\"><\/div>\n\t<p><input class=\"wpcf7-form-control wpcf7-submit has-spinner\" type=\"submit\" value=\"Envoyer\" \/>\n\t<\/p>\n<\/div>\n<\/form>\n<\/div>\n[\/vc_column_inner][vc_column_inner width=\u00a0\u00bb1\/2&Prime;][vc_column_text]<\/p>\n<h2>Information<\/h2>\n<hr \/>\n<p>Swiss Chamber Concerts<br \/>\nc\/o Conservatorio della Svizzera italiana<br \/>\nVia Soldino 9<br \/>\n6900 Lugano<br \/>\n+41 91 960 23 62<br \/>\n<a href=\"mailto:eventi@conservatorio.ch\"><span style=\"font-weight: 400;\">eventi@conservatorio.ch<\/span><\/a>[\/vc_column_text][vc_btn title=\u00a0\u00bbR\u00e9servation\u00a0\u00bb link=\u00a0\u00bburl:https%3A%2F%2F2022.swisschamberconcerts.ch%2Ffr%2Fbillets-abonnements-lugano%2F|title:Billetterie%20Lugano%20|\u00a0\u00bb][\/vc_column_inner][\/vc_row_inner][\/vc_column][\/vc_row]<\/p>\n<\/div>","protected":false},"excerpt":{"rendered":"<p>[vc_row][vc_column][vc_row_inner][vc_column_inner width=\u00a0\u00bb1\/2&Prime;][\/vc_column_inner][vc_column_inner width=\u00a0\u00bb1\/2&Prime;][vc_column_text] Information Swiss Chamber Concerts c\/o Conservatorio della Svizzera italiana Via Soldino 9 6900 Lugano +41 91 960 23 62 eventi@conservatorio.ch[\/vc_column_text][vc_btn title=\u00a0\u00bbR\u00e9servation\u00a0\u00bb link=\u00a0\u00bburl:https%3A%2F%2F2022.swisschamberconcerts.ch%2Ffr%2Fbillets-abonnements-lugano%2F|title:Billetterie%20Lugano%20|\u00a0\u00bb][\/vc_column_inner][\/vc_row_inner][\/vc_column][\/vc_row]<\/p>\n","protected":false},"author":1,"featured_media":0,"parent":0,"menu_order":0,"comment_status":"closed","ping_status":"closed","template":"","meta":{"_monsterinsights_skip_tracking":false,"_monsterinsights_sitenote_active":false,"_monsterinsights_sitenote_note":"","_monsterinsights_sitenote_category":0,"footnotes":""},"class_list":["post-9889","page","type-page","status-publish","hentry"],"_links":{"self":[{"href":"https:\/\/swisschamberconcerts.ch\/fr\/wp-json\/wp\/v2\/pages\/9889","targetHints":{"allow":["GET"]}}],"collection":[{"href":"https:\/\/swisschamberconcerts.ch\/fr\/wp-json\/wp\/v2\/pages"}],"about":[{"href":"https:\/\/swisschamberconcerts.ch\/fr\/wp-json\/wp\/v2\/types\/page"}],"author":[{"embeddable":true,"href":"https:\/\/swisschamberconcerts.ch\/fr\/wp-json\/wp\/v2\/users\/1"}],"replies":[{"embeddable":true,"href":"https:\/\/swisschamberconcerts.ch\/fr\/wp-json\/wp\/v2\/comments?post=9889"}],"version-history":[{"count":6,"href":"https:\/\/swisschamberconcerts.ch\/fr\/wp-json\/wp\/v2\/pages\/9889\/revisions"}],"predecessor-version":[{"id":17173,"href":"https:\/\/swisschamberconcerts.ch\/fr\/wp-json\/wp\/v2\/pages\/9889\/revisions\/17173"}],"wp:attachment":[{"href":"https:\/\/swisschamberconcerts.ch\/fr\/wp-json\/wp\/v2\/media?parent=9889"}],"curies":[{"name":"wp","href":"https:\/\/api.w.org\/{rel}","templated":true}]}}