{"id":15478,"date":"2021-11-15T12:17:54","date_gmt":"2021-11-15T11:17:54","guid":{"rendered":"https:\/\/2022.swisschamberconcerts.ch\/?page_id=15478"},"modified":"2021-11-15T12:17:54","modified_gmt":"2021-11-15T11:17:54","slug":"carter-la-musique","status":"publish","type":"page","link":"https:\/\/swisschamberconcerts.ch\/it\/carter-la-musique\/","title":{"rendered":"CARTER &#8211; La Musique"},"content":{"rendered":"<div class=\"wpb-content-wrapper\"><p>[vc_row][vc_column width=&#8221;2\/3&#8243;][vc_column_text]<img loading=\"lazy\" decoding=\"async\" class=\"alignright wp-image-9222 size-medium\" src=\" https:\/\/2022.swisschamberconcerts.ch\/wp-content\/uploads\/2021\/11\/Elliott-Carter-La-Musique.jpg\" alt=\"schumann\" width=\"285\" height=\"300\" \/><\/p>\n<ul>\n<li><strong>Label :<\/strong> Genuin<\/li>\n<li><strong>Date :<\/strong> 2021<\/li>\n<li><strong>Dur\u00e9e :<\/strong> 58min16sec<\/li>\n<\/ul>\n<h3><strong>Swiss Chamber Soloists<\/strong><\/h3>\n<ul>\n<li>Sarah Wegener, <i>Soprano<\/i><\/li>\n<li>Felix Renggli, <i>Fl\u00fbte<\/i><\/li>\n<li>Heinz Holliger, <i>Hautbois<\/i><\/li>\n<li>Fran\u00e7ois Benda, <i>Clarinette<\/i><\/li>\n<li>Sergio Pires, <i>Clarinette <\/i><\/li>\n<li>Olivier Darbellay, <i>Cor<\/i><\/li>\n<li>Diego Chenna, <i>Basson<\/i><\/li>\n<li>Irene Abrigo, <i>Violon<\/i><\/li>\n<li>J\u00fcrg D\u00e4hler, <i>Alto<\/i><\/li>\n<li>Daniel Haefliger, <i>Violoncelle<\/i><\/li>\n<li>Peter Solomon, <i>Clavecin<\/i><\/li>\n<\/ul>\n<h3><strong>Contenu compos\u00e9 par Elliott Carter (1908-2012)<\/strong><\/h3>\n<ul>\n<li><strong>Eight etudes and a fantasy <\/strong>(1950) for woodwind quartet<\/li>\n<li><strong> \u00ab La Musique \u00bb (Baudelaire)<\/strong> (2007) for solo voice<\/li>\n<li><strong>String Trio<\/strong> (2011)<\/li>\n<li><strong>Poems of Louis Zukofsky<\/strong> (2008) for clarinet and soprano<\/li>\n<li><strong>Retracing II<\/strong> (2009) for french horn<\/li>\n<li><strong>Nine by five<\/strong> (2009) for woodkind quartet<\/li>\n<li><strong>Sonatina<\/strong> (1947) for oboe and harpsichord, 1<sup>st<\/sup> movement<sup> World Premiere Recording<\/sup><\/li>\n<\/ul>\n<hr \/>\n<p>[\/vc_column_text][\/vc_column][vc_column width=&#8221;1\/3&#8243;][vc_wp_custommenu title=&#8221;Swiss Chamber Soloists CD&#8221; nav_menu=&#8221;175&#8243;][\/vc_column][\/vc_row]<\/p>\n<\/div>","protected":false},"excerpt":{"rendered":"<p>[vc_row][vc_column width=&#8221;2\/3&#8243;][vc_column_text] Label : Genuin Date : 2021 Dur\u00e9e : 58min16sec Swiss Chamber Soloists Sarah Wegener, Soprano Felix Renggli, Fl\u00fbte Heinz Holliger, Hautbois Fran\u00e7ois Benda, Clarinette Sergio Pires, Clarinette Olivier Darbellay, Cor Diego Chenna, Basson Irene Abrigo, Violon J\u00fcrg D\u00e4hler, Alto Daniel Haefliger, Violoncelle Peter Solomon, Clavecin Contenu compos\u00e9 par Elliott Carter (1908-2012) Eight etudes [&hellip;]<\/p>\n","protected":false},"author":1,"featured_media":0,"parent":0,"menu_order":0,"comment_status":"closed","ping_status":"closed","template":"","meta":{"_monsterinsights_skip_tracking":false,"_monsterinsights_sitenote_active":false,"_monsterinsights_sitenote_note":"","_monsterinsights_sitenote_category":0,"footnotes":""},"class_list":["post-15478","page","type-page","status-publish","hentry"],"_links":{"self":[{"href":"https:\/\/swisschamberconcerts.ch\/it\/wp-json\/wp\/v2\/pages\/15478","targetHints":{"allow":["GET"]}}],"collection":[{"href":"https:\/\/swisschamberconcerts.ch\/it\/wp-json\/wp\/v2\/pages"}],"about":[{"href":"https:\/\/swisschamberconcerts.ch\/it\/wp-json\/wp\/v2\/types\/page"}],"author":[{"embeddable":true,"href":"https:\/\/swisschamberconcerts.ch\/it\/wp-json\/wp\/v2\/users\/1"}],"replies":[{"embeddable":true,"href":"https:\/\/swisschamberconcerts.ch\/it\/wp-json\/wp\/v2\/comments?post=15478"}],"version-history":[{"count":1,"href":"https:\/\/swisschamberconcerts.ch\/it\/wp-json\/wp\/v2\/pages\/15478\/revisions"}],"predecessor-version":[{"id":15480,"href":"https:\/\/swisschamberconcerts.ch\/it\/wp-json\/wp\/v2\/pages\/15478\/revisions\/15480"}],"wp:attachment":[{"href":"https:\/\/swisschamberconcerts.ch\/it\/wp-json\/wp\/v2\/media?parent=15478"}],"curies":[{"name":"wp","href":"https:\/\/api.w.org\/{rel}","templated":true}]}}