{"id":8946,"date":"2016-02-24T12:47:55","date_gmt":"2016-02-24T11:47:55","guid":{"rendered":"https:\/\/2022.swisschamberconcerts.ch\/it\/?page_id=8946"},"modified":"2020-02-24T17:36:55","modified_gmt":"2020-02-24T16:36:55","slug":"unsere-aktivitaeten","status":"publish","type":"page","link":"https:\/\/swisschamberconcerts.ch\/it\/unsere-aktivitaeten\/","title":{"rendered":"Nostre Attivit\u00e0"},"content":{"rendered":"<div class=\"wpb-content-wrapper\"><p>[vc_row][vc_column][vc_column_text]<\/p>\n<h3><strong>SWISS CHAMBER CONCERTS<\/strong><\/h3>\n<h4 style=\"text-align: justify;\">Alla fine del secolo scorso, per la prima volta nella storia della Svizzera, l&#8217;idea di creare un pro-getto musicale che attraversasse il paese \u00e8 finalmente diventato realt\u00e0. Sotto la direzione di <a style=\"color: #000000;\" href=\"https:\/\/2022.swisschamberconcerts.ch\/it\/soloists\/daniel-haefliger\/\">Daniel Haefliger<\/a> (Ginevra), <a style=\"color: #000000;\" href=\"https:\/\/2022.swisschamberconcerts.ch\/it\/soloists\/juerg-daehler\/\">J\u00fcrg D\u00e4hler<\/a> (Zurigo) e <a style=\"color: #000000;\" href=\"https:\/\/2022.swisschamberconcerts.ch\/it\/soloists\/felix-renggli\/\">Felix Renggli<\/a> (Basilea), la serie degli <strong>Swiss Chamber Concerts<\/strong> \u00e8 stata fondata nel 1999, permettendo per la prima volta la realizzazione di un programma comune di concerti a Basilea , Ginevra, Lugano e Zurigo.<br \/>\nCon le proposte di programmi innovativi ed esecuzione di prim&#8217;ordine, gli Swiss Chamber Concerts sono diventati in breve tempo uno dei principali attori culturali nel panorama musicale. La programmazione comprende classici, cos\u00ec come la riscoperta di opere dal barocco al moderno. La commissione di nuove opere \u00e8 anche al centro dell\u2019impegno dei tre direttori artistici che hanno quindi contribuito in modo significativo all&#8217;espansione del repertorio di musica da camera in Svizzera.<\/h4>\n<h3><strong>SWISS CHAMBER SOLOISTS<\/strong><\/h3>\n<h4 style=\"text-align: justify;\">Mentre si consolidava la struttura nazionale degli Swiss Chamber Concerts, \u00e8 anche nato un nuovo ensemble da camera che riunisce i migliori interpreti del paese: gli <strong>Swiss Chamber Soloists<\/strong>. L\u2019ensemble ha rapidamente conquistato un posto di rilievo sulla scena musicale svizzera ed internazionale. Molti gli interpreti di chiara fama che hanno partecipato nei suoi programmi, come Heinz Holliger, Thomas Zehetmair, Christophe Coin, Christoph e Julian Pr\u00e9gardien, Patricia Kopachinska\u00efa, Ilya Gringolts, Lawrence Power, e molti altri. Il repertorio degli Swiss Chamber Soloists spazia dal periodo barocco \u2013 eseguito su strumenti d&#8217;epoca \u2013 alla musica moderna. Numerose le prime mondiali che per la maggior parte sono state scritte per l\u2019ensemble. Dall&#8217;anno della sua nascita, gli Swiss Chamber Soloists hanno tenuto concerti in tutta Europa, Asia, Australia e Giappone. Innumerevoli successi della critica, nonch\u00e9 numerose registrazioni radiofoniche e CD attestano la loro eccellente reputazione.<\/h4>\n<h3><strong>SWISS CHAMBER ACADEMY<\/strong><\/h3>\n<h4 style=\"text-align: justify;\">SCC desidera anche sostenere le nuove leve svizzere sotto tutte le sue forme. Pertanto la formazione e l\u2019inserimento nel mondo del lavoro di giovani strumentisti \u00e8 un aspetto che sta molto a cuore all\u2019Associazione. \u00c8 per questo motivo che Daniel Haefliger ha fondato l\u2019<strong>Accademia svizzera di quartetto d&#8217;archi<\/strong>, luogo di intense attivit\u00e0 d\u2019insegnamento e di scambio. Sin dalla sua creazione nel 2014, i pi\u00f9 grandi artisti del settore vi hanno tenuto lezioni: Rainer Schmid del Quartetto Hagen, Ruth Killius e Thomas Zehetmair del Quartetto Zehetmair, Hatto Beyerle del Quartetto Alban Berg o ancora il compositore, capo d&#8217;orchestra e oboista Heinz Holliger. L&#8217;Accademia si \u00e8 sviluppata in triplice modo: con numerose sessioni formative durante l\u2019anno accademico, con l\u2019intervento di grandi musicisti oltre che di quartettisti e con il rafforzamento di una rete europea.<\/h4>\n<h3><strong>SWISS CHAMBER CAMERATA<\/strong><\/h3>\n<h4 style=\"text-align: justify;\">Il successo dell\u2019Accademia e le reti create nelle varie edizioni sono sfociati nella creazione di una nuova <strong>Camerata<\/strong> che si rivolge a giovani professionisti di tutta la Svizzera. Il suo obiettivo \u00e8 di stabilire un dialogo ricco e profondo tra le generazioni accostando nello stesso concerto i migliori studenti neo laureati con artisti di fama mondiale. Questo nuovo ensemble permette pertanto ai musicisti promettenti di acquisire un\u2019esperienza unica con i grandi maestri e di ambire a risultati musicali di altissimo livello. Inoltre, si tratta di un trampolino per la loro futura car-riera, valorizzandoli e facendoli conoscere nella rete nazionale dei concerti di SCC.<\/h4>\n<h3><strong>COMMISSIONI E PRIME MONDIALI<\/strong><\/h3>\n<h4 style=\"text-align: justify;\">Daniel Haefliger (Ginevra), J\u00fcrg D\u00e4hler (Zurigo) e Felix Renggli (Basilea), fondatori degli Swiss Chamber Concerts, hanno fatto una questione di orgoglio nell\u2019offrire alla musica del nostro tempo un ampio spazio. In 20 anni, pi\u00f9 di 200 opere sono stati commissionate e diffuse in 650 concerti in Svizzera, Europa, Giappone e Australia. Particolare attenzione \u00e8 stata data all\u2019esecuzioni di opere di compositori come Birtwistle, Carter, Ferneyhough, Gervasoni, Kurt\u00e1g, Ligeti, Yun o Zehnder, nonch\u00e9 la <strong>commissione<\/strong> e la <strong>prima mondiale<\/strong> di opere di compositori svizzeri come Blank, Dayer, Dubugnon Furrer-M\u00fcnch, Gaudibert, Glaus, Gubler, Haubensak, Holliger, K\u00e4ser, Kelterborn, Kessler, Kyburz, Lehmann, Moser Roth, Schnyder, Tognetti, Vassena, Wyttenbach o Zimmerlin. ll repertorio di musica da camera del nostro paese si \u00e8 notevolmente ampliato negli ultimi anni. Contrariamente a una situazione diffusa, in cui l\u2019esecuzione di un nuovo brano si svolge per un unico concerto, i nuovi lavori hanno tutti avuto la possibilit\u00e0 di essere interpretati molte volte. Sono stati anche oggetto di registrazioni radio o CD e sono state trasmesse da tutte le istituzioni svizzere radiofoniche nazionali.<\/h4>\n<p>[\/vc_column_text][\/vc_column][\/vc_row][vc_row][vc_column][vc_btn title=&#8221;<strong>Swiss Chamber Concerts, un laboratorio di musica contemporanea <\/strong>&#8221; align=&#8221;center&#8221; css_animation=&#8221;top-to-bottom&#8221; link=&#8221;url:https%3A%2F%2F2022.swisschamberconcerts.ch%2Fit%2Flaboratoire-de-musique-de-chambre-contemporaine%2F||&#8221;][\/vc_column][\/vc_row][vc_row][vc_column][vc_column_text][\/vc_column_text][\/vc_column][\/vc_row]<\/p>\n<\/div>","protected":false},"excerpt":{"rendered":"<p>[vc_row][vc_column][vc_column_text] SWISS CHAMBER CONCERTS Alla fine del secolo scorso, per la prima volta nella storia della Svizzera, l&#8217;idea di creare un pro-getto musicale che attraversasse il paese \u00e8 finalmente diventato realt\u00e0. Sotto la direzione di Daniel Haefliger (Ginevra), J\u00fcrg D\u00e4hler (Zurigo) e Felix Renggli (Basilea), la serie degli Swiss Chamber Concerts \u00e8 stata fondata nel [&hellip;]<\/p>\n","protected":false},"author":2,"featured_media":0,"parent":0,"menu_order":0,"comment_status":"closed","ping_status":"closed","template":"","meta":{"_monsterinsights_skip_tracking":false,"_monsterinsights_sitenote_active":false,"_monsterinsights_sitenote_note":"","_monsterinsights_sitenote_category":0,"footnotes":""},"class_list":["post-8946","page","type-page","status-publish","hentry"],"_links":{"self":[{"href":"https:\/\/swisschamberconcerts.ch\/it\/wp-json\/wp\/v2\/pages\/8946","targetHints":{"allow":["GET"]}}],"collection":[{"href":"https:\/\/swisschamberconcerts.ch\/it\/wp-json\/wp\/v2\/pages"}],"about":[{"href":"https:\/\/swisschamberconcerts.ch\/it\/wp-json\/wp\/v2\/types\/page"}],"author":[{"embeddable":true,"href":"https:\/\/swisschamberconcerts.ch\/it\/wp-json\/wp\/v2\/users\/2"}],"replies":[{"embeddable":true,"href":"https:\/\/swisschamberconcerts.ch\/it\/wp-json\/wp\/v2\/comments?post=8946"}],"version-history":[{"count":29,"href":"https:\/\/swisschamberconcerts.ch\/it\/wp-json\/wp\/v2\/pages\/8946\/revisions"}],"predecessor-version":[{"id":13488,"href":"https:\/\/swisschamberconcerts.ch\/it\/wp-json\/wp\/v2\/pages\/8946\/revisions\/13488"}],"wp:attachment":[{"href":"https:\/\/swisschamberconcerts.ch\/it\/wp-json\/wp\/v2\/media?parent=8946"}],"curies":[{"name":"wp","href":"https:\/\/api.w.org\/{rel}","templated":true}]}}