{"id":9195,"date":"2016-02-29T09:57:41","date_gmt":"2016-02-29T08:57:41","guid":{"rendered":"https:\/\/2022.swisschamberconcerts.ch\/it\/wolfgang-amadeus-mozart-1756-1791music-with-winds\/"},"modified":"2019-08-07T13:44:47","modified_gmt":"2019-08-07T12:44:47","slug":"wolfgang-amadeus-mozart-1756-1791music-with-winds","status":"publish","type":"page","link":"https:\/\/swisschamberconcerts.ch\/it\/wolfgang-amadeus-mozart-1756-1791music-with-winds\/","title":{"rendered":"MOZART &#8211; Music with Winds"},"content":{"rendered":"<div class=\"wpb-content-wrapper\"><p>[vc_row][vc_column width=&#8221;2\/3&#8243;][vc_column_text]<a class=\"size-medium wp-image-1969 alignright\" href=\"https:\/\/2022.swisschamberconcerts.ch\/?attachment_id=7734\"><img loading=\"lazy\" decoding=\"async\" class=\"alignnone wp-image-7734 size-full\" title=\"couv-induuchlen-big\" src=\"https:\/\/2022.swisschamberconcerts.ch\/wp-content\/uploads\/2016\/03\/cd-mozart-music_with_winds.jpg\" alt=\"cd mozart - music with winds\" width=\"284\" height=\"300\" \/><\/a><\/p>\n<p><strong>Label:<\/strong> GENUIN classics<\/p>\n<h3>Swiss Chamber Soloists<\/h3>\n<ul>\n<li>Felix Renggli, Flute<\/li>\n<li>Heinz Holliger, Oboe<\/li>\n<li>Fran\u00e7ois Benda, Basset Clarinet<\/li>\n<li>Esther Hoppe, Violin<\/li>\n<li>Daria Zappa, Violin<\/li>\n<li>J\u00fcrg D\u00e4hler, Viola<\/li>\n<li>Daniel Haefliger, Cello<\/li>\n<\/ul>\n<p><strong>Flute Quartet No. 1 in D major, K. 285<\/strong><\/p>\n<ul>\n<li>01 Allegro<\/li>\n<li>02 Adagio<\/li>\n<li>03 Rondeau: Allegretto<\/li>\n<\/ul>\n<p><strong>Oboe Quartet in F major, K. 370 (K. 368b)<\/strong><\/p>\n<ul>\n<li>04 Allegro<\/li>\n<li>05 Adagio<\/li>\n<li>06 Adagio<\/li>\n<\/ul>\n<p><strong>Quintet in A major for Clarinet and Strings, K. 581<\/strong><\/p>\n<ul>\n<li>07 Allegro<\/li>\n<li>08 Larghetto<\/li>\n<li>09 Menuetto<\/li>\n<li>10 Allegretto con Variazioni<\/li>\n<\/ul>\n<p>[\/vc_column_text][\/vc_column][vc_column width=&#8221;1\/3&#8243;][vc_wp_custommenu nav_menu=&#8221;178&#8243; title=&#8221;Swiss Chamber Soloists CD&#8221;][\/vc_column][\/vc_row]<\/p>\n<\/div>","protected":false},"excerpt":{"rendered":"<p>[vc_row][vc_column width=&#8221;2\/3&#8243;][vc_column_text] Label: GENUIN classics Swiss Chamber Soloists Felix Renggli, Flute Heinz Holliger, Oboe Fran\u00e7ois Benda, Basset Clarinet Esther Hoppe, Violin Daria Zappa, Violin J\u00fcrg D\u00e4hler, Viola Daniel Haefliger, Cello Flute Quartet No. 1 in D major, K. 285 01 Allegro 02 Adagio 03 Rondeau: Allegretto Oboe Quartet in F major, K. 370 (K. 368b) [&hellip;]<\/p>\n","protected":false},"author":2,"featured_media":0,"parent":0,"menu_order":0,"comment_status":"closed","ping_status":"closed","template":"","meta":{"_monsterinsights_skip_tracking":false,"_monsterinsights_sitenote_active":false,"_monsterinsights_sitenote_note":"","_monsterinsights_sitenote_category":0,"footnotes":""},"class_list":["post-9195","page","type-page","status-publish","hentry"],"_links":{"self":[{"href":"https:\/\/swisschamberconcerts.ch\/it\/wp-json\/wp\/v2\/pages\/9195","targetHints":{"allow":["GET"]}}],"collection":[{"href":"https:\/\/swisschamberconcerts.ch\/it\/wp-json\/wp\/v2\/pages"}],"about":[{"href":"https:\/\/swisschamberconcerts.ch\/it\/wp-json\/wp\/v2\/types\/page"}],"author":[{"embeddable":true,"href":"https:\/\/swisschamberconcerts.ch\/it\/wp-json\/wp\/v2\/users\/2"}],"replies":[{"embeddable":true,"href":"https:\/\/swisschamberconcerts.ch\/it\/wp-json\/wp\/v2\/comments?post=9195"}],"version-history":[{"count":5,"href":"https:\/\/swisschamberconcerts.ch\/it\/wp-json\/wp\/v2\/pages\/9195\/revisions"}],"predecessor-version":[{"id":12942,"href":"https:\/\/swisschamberconcerts.ch\/it\/wp-json\/wp\/v2\/pages\/9195\/revisions\/12942"}],"wp:attachment":[{"href":"https:\/\/swisschamberconcerts.ch\/it\/wp-json\/wp\/v2\/media?parent=9195"}],"curies":[{"name":"wp","href":"https:\/\/api.w.org\/{rel}","templated":true}]}}