{"id":9336,"date":"2016-02-29T16:26:11","date_gmt":"2016-02-29T15:26:11","guid":{"rendered":"https:\/\/2022.swisschamberconcerts.ch\/it\/?page_id=9336"},"modified":"2025-07-20T13:36:18","modified_gmt":"2025-07-20T12:36:18","slug":"lugano","status":"publish","type":"page","link":"https:\/\/swisschamberconcerts.ch\/it\/lugano\/","title":{"rendered":"Lugano"},"content":{"rendered":"<div class=\"wpb-content-wrapper\"><p>[vc_row][vc_column width=&#8221;1\/3&#8243;][vc_column_text css=&#8221;.vc_custom_1501067779642{padding-top: 40px !important;}&#8221;]<\/p>\n<h1 style=\"text-align: left;\">Stagione 25\/26<\/h1>\n<hr \/>\n<p>[\/vc_column_text][vc_column_text]<\/p>\n<h4><b>Caro pubblico<\/b><span style=\"font-weight: 400;\">,<\/span><\/h4>\n<p>&nbsp;<\/p>\n<h5 style=\"text-align: justify;\"><span style=\"font-weight: 400;\">Ci sono stagioni che si snodano come un filo familiare; le nostre, da sempre, scelgono l\u2019audacia come bussola. Nel corso dei prossimi mesi, ogni concerto sar\u00e0 una traversata \u2013 a volte vertiginosa, a volte luminosa \u2013 di quei vasti territori dove la tradizione dialoga con i fulgori del presente.<\/p>\n<p>Tre prime mondiali commissionate dai SCC scandiranno il nostro percorso; portano con s\u00e9 la promessa di un primo respiro pubblico, di un istante in cui ci\u00f2 che non esisteva il giorno prima diventa necessario. Poich\u00e9 l\u2019avventura della musica contemporanea si nutre della memoria, intesseremo un dialogo serrato con le pagine immortali del repertorio, da Mozart a Schumann passando per \u010cajkovskij.<\/p>\n<p>Questa nuova stagione invita a un ascolto schietto, a uno stupore senza filtri, a una curiosit\u00e0 ardente. Chiunque varchi la soglia dei nostri concerti accetta di mettere in discussione i propri riferimenti, di rischiare l\u2019emozione pura, di condividere il silenzio che precede il primo accordo e la risonanza che segue l\u2019ultima nota. Possa il nostro pubblico far vibrare questi istanti con la stessa urgenza di chi li dona.<\/span><\/h5>\n<h4><strong>Daniel Haefliger<\/strong><\/h4>\n<h5><em>Direttore artistico<\/em><br \/>\n<em>SWISS CHAMBER CONCERTS Lugano<\/em><\/h5>\n<p>[\/vc_column_text][\/vc_column][vc_column width=&#8221;2\/3&#8243;][vc_column_text css=&#8221;.vc_custom_1456759486681{padding-top: 40px !important;}&#8221;]<\/p>\n<h1 style=\"text-align: left;\">Prossimi Concerti<\/h1>\n<hr \/>\n<p>[\/vc_column_text]    \t<section class=\"un-post-scroller un-post-scroller-8607 \" data-delay=0>\n        \t<div class=\"section-inner-no-padding\">\n                <div class=\"post-scroller-wrap\">\n                    <div class=\"post-scroller-carousel\" data-next='.post-scroller-down' data-prev='.post-scroller-up'>\n                    <div class=\"post-scroller-carousel-inner\">\n                                            <div class=\"post-scroller-item\">\n                        \t<div class=\"scroller-item-inner\">\n                            \t<div class=\"scroller-item-content post-item-mini\">\n                                \t<div class=\"row\">\n                                        <div class=\"col-md-4 col-sm-4 col-xs-4 post-thumbnail-mini\">\n                                        \t<div class=\"item-thumbnail\">\n                                            <a href=\"https:\/\/swisschamberconcerts.ch\/it\/concert\/opusholliger-2\/\" title=\"OPUSHOLLIGER\">\n                                                                                                <img loading=\"lazy\" decoding=\"async\" src=\"https:\/\/swisschamberconcerts.ch\/wp-content\/uploads\/2025\/06\/Heinz_Holliger_Priska_Ketterer-150x150.jpeg\" width=\"150\" height=\"150\" title=\"OPUSHOLLIGER\" alt=\"OPUSHOLLIGER\">\n                                                <div class=\"thumbnail-hoverlay main-color-1-bg\"><\/div>\n\t\t\t\t\t\t\t\t\t\t\t\t<div class=\"thumbnail-hoverlay-cross\"><\/div>\n                                            <\/a>\n                                            <\/div>\n                                        <\/div>\n                                        <div class=\"col-md-8 col-sm-8 col-xs-8 post-content-mini\">\n                                            <h4><a class=\"post-title-mini main-color-1-hover\" href=\"https:\/\/swisschamberconcerts.ch\/it\/concert\/opusholliger-2\/\" title=\"OPUSHOLLIGER\">OPUS<span style=\"color: #d30039;\">HOLLIGER<\/span><\/a><\/h4>\n                                            <div class=\"post-excerpt-mini\">JEAN-PHILIPPE RAMEAU <sup>1683-1764<\/sup><br>\r\nCLAUDE DEBUSSY <sup>1862-1918<\/sup><br>\r\nCHARLES KOECHLIN  <sup>1867-1950<\/sup><br>\r\nPHILIPPE RACINE <sup>*1958<\/sup><br>\r\nHEINZ HOLLIGER <sup>*1939<\/sup><br>\r\nGY\u00d6RGY KURT\u00c1G <sup>*1926<\/sup><br>\r\nJOHANN CHRISTIAN BACH <sup>1735-1782<\/sup><br><\/div>\n                                        <\/div>\n                                    <\/div>\n                                <\/div><!--\/post-item-mini-->\n                            <\/div>\n                        <\/div><!--\/post-scroller-item-->\n                                        <\/div>\n                    <\/div>\n                    <div class=\"post-scroller-control\">\n                        <span class=\"post-scroller-button-wrap\">\n                        \t<a class=\"btn btn-primary post-scroller-button post-scroller-down\" href=\"#\"><i class=\"fa fa-angle-down\"><\/i><\/a>\n                        \t<a class=\"btn btn-primary post-scroller-button post-scroller-up\" href=\"#\"> <i class=\"fa fa-angle-up\"><\/i><\/a>\n                        <\/span>\n                                            <\/div>\n                <\/div>\n            <\/div><!--\/section-inner-->\n        <\/section><!--\/u-post-carousel-->\n\t[vc_column_text css=&#8221;.vc_custom_1458151023260{padding-top: 40px !important;}&#8221;]<\/p>\n<h1 style=\"text-align: left;\">Concerti Passati<\/h1>\n<hr \/>\n<p>[\/vc_column_text]    \t<section class=\"un-post-scroller un-post-scroller-9510 \" data-delay=0>\n        \t<div class=\"section-inner-no-padding\">\n                <div class=\"post-scroller-wrap\">\n                    <div class=\"post-scroller-carousel\" data-next='.post-scroller-down' data-prev='.post-scroller-up'>\n                    <div class=\"post-scroller-carousel-inner\">\n                                            <div class=\"post-scroller-item\">\n                        \t<div class=\"scroller-item-inner\">\n                            \t<div class=\"scroller-item-content post-item-mini\">\n                                \t<div class=\"row\">\n                                        <div class=\"col-md-4 col-sm-4 col-xs-4 post-thumbnail-mini\">\n                                        \t<div class=\"item-thumbnail\">\n                                            <a href=\"https:\/\/swisschamberconcerts.ch\/it\/concert\/opuscajkovskij\/\" title=\"OPUS\u010cAJKOVSKIJ\">\n                                                                                                <img loading=\"lazy\" decoding=\"async\" src=\"https:\/\/swisschamberconcerts.ch\/wp-content\/uploads\/2025\/07\/7028be2d45b862c9e9647689445cdcef77e70351-4755x3164-2-150x150.jpg\" width=\"150\" height=\"150\" title=\"OPUS\u010cAJKOVSKIJ\" alt=\"OPUS\u010cAJKOVSKIJ\">\n                                                <div class=\"thumbnail-hoverlay main-color-1-bg\"><\/div>\n\t\t\t\t\t\t\t\t\t\t\t\t<div class=\"thumbnail-hoverlay-cross\"><\/div>\n                                            <\/a>\n                                            <\/div>\n                                        <\/div>\n                                        <div class=\"col-md-8 col-sm-8 col-xs-8 post-content-mini\">\n                                            <h4><a class=\"post-title-mini main-color-1-hover\" href=\"https:\/\/swisschamberconcerts.ch\/it\/concert\/opuscajkovskij\/\" title=\"OPUS\u010cAJKOVSKIJ\">OPUS<span style=\"color: #d30039;\">\u010cAJKOVSKIJ<\/span><\/a><\/h4>\n                                            <div class=\"post-excerpt-mini\">FRANZ SCHUBERT <sup>1797-1828<\/sup><br>\r\nCHRISTIAN ELLIOTT <sup>1984-2025<\/sup><br>\r\nKAROL SZYMANOWSKI <sup>1882-1937<\/sup><br>\r\nP\u00cbTR IL'I\u010c \u010cAJKOVSKIJ <sup>1840-1893<\/sup><br><\/div>\n                                        <\/div>\n                                    <\/div>\n                                <\/div><!--\/post-item-mini-->\n                            <\/div>\n                        <\/div><!--\/post-scroller-item-->\n                                            <div class=\"post-scroller-item\">\n                        \t<div class=\"scroller-item-inner\">\n                            \t<div class=\"scroller-item-content post-item-mini\">\n                                \t<div class=\"row\">\n                                        <div class=\"col-md-4 col-sm-4 col-xs-4 post-thumbnail-mini\">\n                                        \t<div class=\"item-thumbnail\">\n                                            <a href=\"https:\/\/swisschamberconcerts.ch\/it\/concert\/opusschumann-2\/\" title=\"OPUSSCHUMANN\">\n                                                                                                <img loading=\"lazy\" decoding=\"async\" src=\"https:\/\/swisschamberconcerts.ch\/wp-content\/uploads\/2025\/06\/OPUS-SCHUMANN_6700\u00a9MiguelBueno-150x150.jpg\" width=\"150\" height=\"150\" title=\"OPUSSCHUMANN\" alt=\"OPUSSCHUMANN\">\n                                                <div class=\"thumbnail-hoverlay main-color-1-bg\"><\/div>\n\t\t\t\t\t\t\t\t\t\t\t\t<div class=\"thumbnail-hoverlay-cross\"><\/div>\n                                            <\/a>\n                                            <\/div>\n                                        <\/div>\n                                        <div class=\"col-md-8 col-sm-8 col-xs-8 post-content-mini\">\n                                            <h4><a class=\"post-title-mini main-color-1-hover\" href=\"https:\/\/swisschamberconcerts.ch\/it\/concert\/opusschumann-2\/\" title=\"OPUSSCHUMANN\">OPUS<span style=\"color: #d30039;\">SCHUMANN<\/span><\/a><\/h4>\n                                            <div class=\"post-excerpt-mini\">WOLFGANG AMADEUS MOZART <sup>1756-1791<\/sup><br>\r\nLUDWIG VAN BEETHOVEN <sup>1770-1827<\/sup><br>\r\nMISCHA K\u00c4SER <sup>*1959<\/sup><br>\r\nROBERT SCHUMANN <sup>1810-1856<\/sup><br><\/div>\n                                        <\/div>\n                                    <\/div>\n                                <\/div><!--\/post-item-mini-->\n                            <\/div>\n                        <\/div><!--\/post-scroller-item-->\n                                            <div class=\"post-scroller-item\">\n                        \t<div class=\"scroller-item-inner\">\n                            \t<div class=\"scroller-item-content post-item-mini\">\n                                \t<div class=\"row\">\n                                        <div class=\"col-md-4 col-sm-4 col-xs-4 post-thumbnail-mini\">\n                                        \t<div class=\"item-thumbnail\">\n                                            <a href=\"https:\/\/swisschamberconcerts.ch\/it\/concert\/opusmusorgskij\/\" title=\"OPUSMUSORGSKIJ\">\n                                                                                                <img loading=\"lazy\" decoding=\"async\" src=\"https:\/\/swisschamberconcerts.ch\/wp-content\/uploads\/2025\/06\/OPUS-MUSSORGSKY_7564\u00a9MiguelBueno-150x150.jpg\" width=\"150\" height=\"150\" title=\"OPUSMUSORGSKIJ\" alt=\"OPUSMUSORGSKIJ\">\n                                                <div class=\"thumbnail-hoverlay main-color-1-bg\"><\/div>\n\t\t\t\t\t\t\t\t\t\t\t\t<div class=\"thumbnail-hoverlay-cross\"><\/div>\n                                            <\/a>\n                                            <\/div>\n                                        <\/div>\n                                        <div class=\"col-md-8 col-sm-8 col-xs-8 post-content-mini\">\n                                            <h4><a class=\"post-title-mini main-color-1-hover\" href=\"https:\/\/swisschamberconcerts.ch\/it\/concert\/opusmusorgskij\/\" title=\"OPUSMUSORGSKIJ\">OPUS<span style=\"color: #d30039;\">MUSORGSKIJ<\/span><\/a><\/h4>\n                                            <div class=\"post-excerpt-mini\">MAURICE RAVEL <sup>1875-1937<\/sup><br>\r\nMODEST MUSORGSKIJ <sup>1839-1881<\/sup><br>\r\nMICHAIL GLINKA <sup>1804-1857<\/sup><br>\r\nSTEFAN WIRTH <sup>*1975<\/sup><br><\/div>\n                                        <\/div>\n                                    <\/div>\n                                <\/div><!--\/post-item-mini-->\n                            <\/div>\n                        <\/div><!--\/post-scroller-item-->\n                                            <div class=\"post-scroller-item\">\n                        \t<div class=\"scroller-item-inner\">\n                            \t<div class=\"scroller-item-content post-item-mini\">\n                                \t<div class=\"row\">\n                                        <div class=\"col-md-4 col-sm-4 col-xs-4 post-thumbnail-mini\">\n                                        \t<div class=\"item-thumbnail\">\n                                            <a href=\"https:\/\/swisschamberconcerts.ch\/it\/concert\/holliger-2-2\/\" title=\"ECOHOLLIGER\">\n                                                                                                <img loading=\"lazy\" decoding=\"async\" src=\"https:\/\/swisschamberconcerts.ch\/wp-content\/uploads\/2020\/07\/jurgdahlerconcert-150x150.png\" width=\"150\" height=\"150\" title=\"ECOHOLLIGER\" alt=\"ECOHOLLIGER\">\n                                                <div class=\"thumbnail-hoverlay main-color-1-bg\"><\/div>\n\t\t\t\t\t\t\t\t\t\t\t\t<div class=\"thumbnail-hoverlay-cross\"><\/div>\n                                            <\/a>\n                                            <\/div>\n                                        <\/div>\n                                        <div class=\"col-md-8 col-sm-8 col-xs-8 post-content-mini\">\n                                            <h4><a class=\"post-title-mini main-color-1-hover\" href=\"https:\/\/swisschamberconcerts.ch\/it\/concert\/holliger-2-2\/\" title=\"ECOHOLLIGER\">ECO<span style=\"color: #ee0d27;\">HOLLIGER<\/span><\/a><\/h4>\n                                            <div class=\"post-excerpt-mini\">WOLFGANG AMADEUS MOZART <sup>1756-1791<\/sup><br>\r\nKLAUS HUBER <sup>1924-2017<\/sup><br>\r\nHEINZ HOLLIGER <sup>*1939<\/sup><br><\/div>\n                                        <\/div>\n                                    <\/div>\n                                <\/div><!--\/post-item-mini-->\n                            <\/div>\n                        <\/div><!--\/post-scroller-item-->\n                                            <div class=\"post-scroller-item\">\n                        \t<div class=\"scroller-item-inner\">\n                            \t<div class=\"scroller-item-content post-item-mini\">\n                                \t<div class=\"row\">\n                                        <div class=\"col-md-4 col-sm-4 col-xs-4 post-thumbnail-mini\">\n                                        \t<div class=\"item-thumbnail\">\n                                            <a href=\"https:\/\/swisschamberconcerts.ch\/it\/concert\/ecosmetana\/\" title=\"ECOSMETANA\">\n                                                                                                <img loading=\"lazy\" decoding=\"async\" src=\"https:\/\/swisschamberconcerts.ch\/wp-content\/uploads\/2019\/07\/DanielHaefligerconcert-150x150.jpg\" width=\"150\" height=\"150\" title=\"ECOSMETANA\" alt=\"ECOSMETANA\">\n                                                <div class=\"thumbnail-hoverlay main-color-1-bg\"><\/div>\n\t\t\t\t\t\t\t\t\t\t\t\t<div class=\"thumbnail-hoverlay-cross\"><\/div>\n                                            <\/a>\n                                            <\/div>\n                                        <\/div>\n                                        <div class=\"col-md-8 col-sm-8 col-xs-8 post-content-mini\">\n                                            <h4><a class=\"post-title-mini main-color-1-hover\" href=\"https:\/\/swisschamberconcerts.ch\/it\/concert\/ecosmetana\/\" title=\"ECOSMETANA\">ECO<span style=\"color: #ee0d27;\">SMETANA<\/span><\/a><\/h4>\n                                            <div class=\"post-excerpt-mini\">LEO\u0160 JAN\u00c1\u010cEK <sup>1854-1928<\/sup><br>\r\nANTON\u00cdN DVO\u0158\u00c1K <sup>1841-1904<\/sup><br>\r\nWILLIAM BLANK <sup>*1957<\/sup><br>\r\nBED\u0158ICH SMETANA <sup>1824-1884<\/sup><br><\/div>\n                                        <\/div>\n                                    <\/div>\n                                <\/div><!--\/post-item-mini-->\n                            <\/div>\n                        <\/div><!--\/post-scroller-item-->\n                                            <div class=\"post-scroller-item\">\n                        \t<div class=\"scroller-item-inner\">\n                            \t<div class=\"scroller-item-content post-item-mini\">\n                                \t<div class=\"row\">\n                                        <div class=\"col-md-4 col-sm-4 col-xs-4 post-thumbnail-mini\">\n                                        \t<div class=\"item-thumbnail\">\n                                            <a href=\"https:\/\/swisschamberconcerts.ch\/it\/concert\/echofiati\/\" title=\"ECOFIATI\">\n                                                                                                <img loading=\"lazy\" decoding=\"async\" src=\"https:\/\/swisschamberconcerts.ch\/wp-content\/uploads\/2023\/08\/Emanuel-Abbuhl-1-150x150.jpeg\" width=\"150\" height=\"150\" title=\"ECOFIATI\" alt=\"ECOFIATI\">\n                                                <div class=\"thumbnail-hoverlay main-color-1-bg\"><\/div>\n\t\t\t\t\t\t\t\t\t\t\t\t<div class=\"thumbnail-hoverlay-cross\"><\/div>\n                                            <\/a>\n                                            <\/div>\n                                        <\/div>\n                                        <div class=\"col-md-8 col-sm-8 col-xs-8 post-content-mini\">\n                                            <h4><a class=\"post-title-mini main-color-1-hover\" href=\"https:\/\/swisschamberconcerts.ch\/it\/concert\/echofiati\/\" title=\"ECOFIATI\">ECO<span style=\"color: #ee0d27;\">FIATI<\/span><\/a><\/h4>\n                                            <div class=\"post-excerpt-mini\">YEHOSHUA LAKNER <sup>1924-2003<\/sup><br>\r\nRUTH CRAWFORD-SEEGER <sup>1901-1953<\/sup><br>\r\nMASSIMILIANO MATESIC<sup>*1969<\/sup><br>\r\nAMY MARCY BEACH <sup>1867-1944<\/sup><br>\r\nJACQUES IBERT <sup>1890-1962<\/sup><br>\r\nLUDWIG THUILLE <sup>1861-1907<\/sup><br>\r\n<\/div>\n                                        <\/div>\n                                    <\/div>\n                                <\/div><!--\/post-item-mini-->\n                            <\/div>\n                        <\/div><!--\/post-scroller-item-->\n                                            <div class=\"post-scroller-item\">\n                        \t<div class=\"scroller-item-inner\">\n                            \t<div class=\"scroller-item-content post-item-mini\">\n                                \t<div class=\"row\">\n                                        <div class=\"col-md-4 col-sm-4 col-xs-4 post-thumbnail-mini\">\n                                        \t<div class=\"item-thumbnail\">\n                                            <a href=\"https:\/\/swisschamberconcerts.ch\/it\/concert\/echobeethoven-2\/\" title=\"ECOBEETHOVEN\">\n                                                                                                <img loading=\"lazy\" decoding=\"async\" src=\"https:\/\/swisschamberconcerts.ch\/wp-content\/uploads\/2024\/08\/ruth-150x150.jpg\" width=\"150\" height=\"150\" title=\"ECOBEETHOVEN\" alt=\"ECOBEETHOVEN\">\n                                                <div class=\"thumbnail-hoverlay main-color-1-bg\"><\/div>\n\t\t\t\t\t\t\t\t\t\t\t\t<div class=\"thumbnail-hoverlay-cross\"><\/div>\n                                            <\/a>\n                                            <\/div>\n                                        <\/div>\n                                        <div class=\"col-md-8 col-sm-8 col-xs-8 post-content-mini\">\n                                            <h4><a class=\"post-title-mini main-color-1-hover\" href=\"https:\/\/swisschamberconcerts.ch\/it\/concert\/echobeethoven-2\/\" title=\"ECOBEETHOVEN\">ECO<span style=\"color: #ee0d27;\">BEETHOVEN<\/span><\/a><\/h4>\n                                            <div class=\"post-excerpt-mini\">LUDWIG VAN BEETHOVEN <sup>1770-1827<\/sup><br>\r\nTHOMAS ZEHETMAIR <sup>*1961<\/sup><\/div>\n                                        <\/div>\n                                    <\/div>\n                                <\/div><!--\/post-item-mini-->\n                            <\/div>\n                        <\/div><!--\/post-scroller-item-->\n                                        <\/div>\n                    <\/div>\n                    <div class=\"post-scroller-control\">\n                        <span class=\"post-scroller-button-wrap\">\n                        \t<a class=\"btn btn-primary post-scroller-button post-scroller-down\" href=\"#\"><i class=\"fa fa-angle-down\"><\/i><\/a>\n                        \t<a class=\"btn btn-primary post-scroller-button post-scroller-up\" href=\"#\"> <i class=\"fa fa-angle-up\"><\/i><\/a>\n                        <\/span>\n                                            <\/div>\n                <\/div>\n            <\/div><!--\/section-inner-->\n        <\/section><!--\/u-post-carousel-->\n\t[vc_column_text css=&#8221;.vc_custom_1458151023260{padding-top: 40px !important;}&#8221;]<\/p>\n<p>[\/vc_column_text][\/vc_column][\/vc_row]<\/p>\n<\/div>","protected":false},"excerpt":{"rendered":"<p>[vc_row][vc_column width=&#8221;1\/3&#8243;][vc_column_text css=&#8221;.vc_custom_1501067779642{padding-top: 40px !important;}&#8221;] Stagione 25\/26 [\/vc_column_text][vc_column_text] Caro pubblico, &nbsp; Ci sono stagioni che si snodano come un filo familiare; le nostre, da sempre, scelgono l\u2019audacia come bussola. Nel corso dei prossimi mesi, ogni concerto sar\u00e0 una traversata \u2013 a volte vertiginosa, a volte luminosa \u2013 di quei vasti territori dove la tradizione dialoga [&hellip;]<\/p>\n","protected":false},"author":2,"featured_media":0,"parent":0,"menu_order":0,"comment_status":"closed","ping_status":"closed","template":"","meta":{"_monsterinsights_skip_tracking":false,"_monsterinsights_sitenote_active":false,"_monsterinsights_sitenote_note":"","_monsterinsights_sitenote_category":0,"footnotes":""},"class_list":["post-9336","page","type-page","status-publish","hentry"],"_links":{"self":[{"href":"https:\/\/swisschamberconcerts.ch\/it\/wp-json\/wp\/v2\/pages\/9336","targetHints":{"allow":["GET"]}}],"collection":[{"href":"https:\/\/swisschamberconcerts.ch\/it\/wp-json\/wp\/v2\/pages"}],"about":[{"href":"https:\/\/swisschamberconcerts.ch\/it\/wp-json\/wp\/v2\/types\/page"}],"author":[{"embeddable":true,"href":"https:\/\/swisschamberconcerts.ch\/it\/wp-json\/wp\/v2\/users\/2"}],"replies":[{"embeddable":true,"href":"https:\/\/swisschamberconcerts.ch\/it\/wp-json\/wp\/v2\/comments?post=9336"}],"version-history":[{"count":36,"href":"https:\/\/swisschamberconcerts.ch\/it\/wp-json\/wp\/v2\/pages\/9336\/revisions"}],"predecessor-version":[{"id":19443,"href":"https:\/\/swisschamberconcerts.ch\/it\/wp-json\/wp\/v2\/pages\/9336\/revisions\/19443"}],"wp:attachment":[{"href":"https:\/\/swisschamberconcerts.ch\/it\/wp-json\/wp\/v2\/media?parent=9336"}],"curies":[{"name":"wp","href":"https:\/\/api.w.org\/{rel}","templated":true}]}}